

{"id":89896,"date":"2024-07-26T16:19:55","date_gmt":"2024-07-26T16:19:55","guid":{"rendered":"https:\/\/new.aavesa.com\/produs\/noi-szorme-melleny-455\/"},"modified":"2025-11-17T06:23:11","modified_gmt":"2025-11-17T06:23:11","slug":"noi-szorme-melleny-455","status":"publish","type":"product","link":"https:\/\/aavesa.com\/hu\/product\/noi-szorme-melleny-455\/","title":{"rendered":"N\u0151i sz\u0151rme mell\u00e9ny 455"},"content":{"rendered":"<p>Mos\u00f3medve sz\u0151rmemell\u00e9ny n\u0151knek. Ez a mell\u00e9ny teljes eg\u00e9sz\u00e9ben term\u00e9szetes mos\u00f3medvebund\u00e1b\u00f3l k\u00e9sz\u00fclt, \u00e9s egy nagyszer\u0171 ruhadarab, amely k\u00fcl\u00f6nleges alkalmakkor \u00e9s a mindennapokban egyar\u00e1nt viselhet\u0151. A mell\u00e9ny k\u00fclseje mos\u00f3medvebund\u00e1b\u00f3l k\u00e9sz\u00fclt, a mell\u00e9ny belseje pedig p\u00e1rn\u00e1zott. A mell\u00e9ny sz\u00ednvari\u00e1ci\u00f3ja egyedi \u00e9s modern diz\u00e1jnt k\u00edn\u00e1l. A mell\u00e9ny z\u00e1r\u00e1s\u00e1t cipz\u00e1r biztos\u00edtja, \u00e9s k\u00e9t rejtett zsebbel rendelkezik, amelyek seg\u00edtenek megv\u00e9deni a kez\u00e9t a hideg id\u0151j\u00e1r\u00e1st\u00f3l.    <\/p>\n","protected":false},"excerpt":{"rendered":"<p>Mos\u00f3medve sz\u0151rmemell\u00e9ny n\u0151knek. Ez a mell\u00e9ny teljes eg\u00e9sz\u00e9ben term\u00e9szetes mos\u00f3medvebund\u00e1b\u00f3l k\u00e9sz\u00fclt, \u00e9s egy nagyszer\u0171 ruhadarab, amely k\u00fcl\u00f6nleges alkalmakkor \u00e9s a mindennapokban egyar\u00e1nt viselhet\u0151. A mell\u00e9ny k\u00fclseje mos\u00f3medvebund\u00e1b\u00f3l k\u00e9sz\u00fclt, a mell\u00e9ny belseje pedig p\u00e1rn\u00e1zott. A mell\u00e9ny sz\u00ednvari\u00e1ci\u00f3ja egyedi \u00e9s modern diz\u00e1jnt k\u00edn\u00e1l. A mell\u00e9ny z\u00e1r\u00e1s\u00e1t cipz\u00e1r biztos\u00edtja, \u00e9s k\u00e9t rejtett zsebbel rendelkezik, amelyek seg\u00edtenek megv\u00e9deni a [&hellip;]<\/p>\n","protected":false},"featured_media":89898,"comment_status":"open","ping_status":"closed","template":"","meta":{"_acf_changed":false,"om_disable_all_campaigns":false,"inline_featured_image":false,"_monsterinsights_skip_tracking":false,"_monsterinsights_sitenote_active":false,"_monsterinsights_sitenote_note":"","_monsterinsights_sitenote_category":0},"product_brand":[],"product_cat":[793],"product_tag":[],"class_list":{"0":"post-89896","1":"product","2":"type-product","3":"status-publish","4":"has-post-thumbnail","6":"product_cat-shearling-mellenyek-es-bundas-mellenyek-noknek","8":"first","9":"outofstock","10":"taxable","11":"shipping-taxable","12":"product-type-variable","13":"has-default-attributes","14":"wvs-archive-product-wrapper"},"acf":{"categorie_feed":""},"aioseo_notices":[],"_links":{"self":[{"href":"https:\/\/aavesa.com\/hu\/wp-json\/wp\/v2\/product\/89896","targetHints":{"allow":["GET"]}}],"collection":[{"href":"https:\/\/aavesa.com\/hu\/wp-json\/wp\/v2\/product"}],"about":[{"href":"https:\/\/aavesa.com\/hu\/wp-json\/wp\/v2\/types\/product"}],"replies":[{"embeddable":true,"href":"https:\/\/aavesa.com\/hu\/wp-json\/wp\/v2\/comments?post=89896"}],"wp:featuredmedia":[{"embeddable":true,"href":"https:\/\/aavesa.com\/hu\/wp-json\/wp\/v2\/media\/89898"}],"wp:attachment":[{"href":"https:\/\/aavesa.com\/hu\/wp-json\/wp\/v2\/media?parent=89896"}],"wp:term":[{"taxonomy":"product_brand","embeddable":true,"href":"https:\/\/aavesa.com\/hu\/wp-json\/wp\/v2\/product_brand?post=89896"},{"taxonomy":"product_cat","embeddable":true,"href":"https:\/\/aavesa.com\/hu\/wp-json\/wp\/v2\/product_cat?post=89896"},{"taxonomy":"product_tag","embeddable":true,"href":"https:\/\/aavesa.com\/hu\/wp-json\/wp\/v2\/product_tag?post=89896"}],"curies":[{"name":"wp","href":"https:\/\/api.w.org\/{rel}","templated":true}]}}