

{"id":89906,"date":"2024-07-26T16:19:55","date_gmt":"2024-07-26T16:19:55","guid":{"rendered":"https:\/\/new.aavesa.com\/produs\/noi-bunda-260-m\/"},"modified":"2025-11-15T21:56:02","modified_gmt":"2025-11-15T21:56:02","slug":"noi-bunda-260-m","status":"publish","type":"product","link":"https:\/\/aavesa.com\/hu\/product\/noi-bunda-260-m\/","title":{"rendered":"N\u0151i bunda 260 M"},"content":{"rendered":"<p>N\u0151i sz\u0151rmebunda, mouton b\u00e1r\u00e1nysz\u0151rm\u00e9b\u0151l, der\u00e9ksz\u00edjjal.A kab\u00e1t k\u00fcls\u0151 r\u00e9sze 8 mm vastags\u00e1g\u00fara ny\u00edrt mouton b\u00e1r\u00e1nysz\u0151rm\u00e9b\u0151l k\u00e9sz\u00fclt, bels\u0151 r\u00e9sze p\u00e1rn\u00e1zott. A kab\u00e1t ujjai sz\u00e9lesek \u00e9s a csukl\u00f3 fel\u00e9 sz\u0171k\u00fclnek. A v\u00edzszintes vonalak k\u00fcl\u00f6nleges kialak\u00edt\u00e1s\u00fav\u00e1 teszik ezt a kab\u00e1tot. A kab\u00e1t kieg\u00e9sz\u00edt\u0151je az \u00f6v, amely k\u00fcl\u00f6nleges m\u00f3don kiemeli a derek\u00e1t. A kab\u00e1t z\u00e1r\u00e1s\u00e1t klipszek biztos\u00edtj\u00e1k, a gall\u00e9r alj\u00e1n pedig egy m\u00e1gnes tal\u00e1lhat\u00f3. Ez a term\u00e9k a k\u00f6vetkez\u0151 sz\u00ednekben kaphat\u00f3: b\u00e9zs, sz\u00fcrke, bord\u00f3 \u00e9s fekete.     <\/p>\n","protected":false},"excerpt":{"rendered":"<p>N\u0151i sz\u0151rmebunda, mouton b\u00e1r\u00e1nysz\u0151rm\u00e9b\u0151l, der\u00e9ksz\u00edjjal.A kab\u00e1t k\u00fcls\u0151 r\u00e9sze 8 mm vastags\u00e1g\u00fara ny\u00edrt mouton b\u00e1r\u00e1nysz\u0151rm\u00e9b\u0151l k\u00e9sz\u00fclt, bels\u0151 r\u00e9sze p\u00e1rn\u00e1zott. A kab\u00e1t ujjai sz\u00e9lesek \u00e9s a csukl\u00f3 fel\u00e9 sz\u0171k\u00fclnek. A v\u00edzszintes vonalak k\u00fcl\u00f6nleges kialak\u00edt\u00e1s\u00fav\u00e1 teszik ezt a kab\u00e1tot. A kab\u00e1t kieg\u00e9sz\u00edt\u0151je az \u00f6v, amely k\u00fcl\u00f6nleges m\u00f3don kiemeli a derek\u00e1t. A kab\u00e1t z\u00e1r\u00e1s\u00e1t klipszek biztos\u00edtj\u00e1k, a gall\u00e9r alj\u00e1n [&hellip;]<\/p>\n","protected":false},"featured_media":89911,"comment_status":"open","ping_status":"closed","template":"","meta":{"_acf_changed":false,"om_disable_all_campaigns":false,"inline_featured_image":false,"_monsterinsights_skip_tracking":false,"_monsterinsights_sitenote_active":false,"_monsterinsights_sitenote_note":"","_monsterinsights_sitenote_category":0},"product_brand":[],"product_cat":[779],"product_tag":[],"class_list":{"0":"post-89906","1":"product","2":"type-product","3":"status-publish","4":"has-post-thumbnail","6":"product_cat-noi-shearling-kabatok","8":"first","9":"outofstock","10":"taxable","11":"shipping-taxable","12":"product-type-variable","13":"has-default-attributes","14":"wvs-archive-product-wrapper"},"acf":{"categorie_feed":""},"aioseo_notices":[],"_links":{"self":[{"href":"https:\/\/aavesa.com\/hu\/wp-json\/wp\/v2\/product\/89906","targetHints":{"allow":["GET"]}}],"collection":[{"href":"https:\/\/aavesa.com\/hu\/wp-json\/wp\/v2\/product"}],"about":[{"href":"https:\/\/aavesa.com\/hu\/wp-json\/wp\/v2\/types\/product"}],"replies":[{"embeddable":true,"href":"https:\/\/aavesa.com\/hu\/wp-json\/wp\/v2\/comments?post=89906"}],"wp:featuredmedia":[{"embeddable":true,"href":"https:\/\/aavesa.com\/hu\/wp-json\/wp\/v2\/media\/89911"}],"wp:attachment":[{"href":"https:\/\/aavesa.com\/hu\/wp-json\/wp\/v2\/media?parent=89906"}],"wp:term":[{"taxonomy":"product_brand","embeddable":true,"href":"https:\/\/aavesa.com\/hu\/wp-json\/wp\/v2\/product_brand?post=89906"},{"taxonomy":"product_cat","embeddable":true,"href":"https:\/\/aavesa.com\/hu\/wp-json\/wp\/v2\/product_cat?post=89906"},{"taxonomy":"product_tag","embeddable":true,"href":"https:\/\/aavesa.com\/hu\/wp-json\/wp\/v2\/product_tag?post=89906"}],"curies":[{"name":"wp","href":"https:\/\/api.w.org\/{rel}","templated":true}]}}