

{"id":89934,"date":"2024-07-26T16:20:05","date_gmt":"2024-07-26T16:20:05","guid":{"rendered":"https:\/\/new.aavesa.com\/produs\/noi-premes-kopeny-611\/"},"modified":"2025-11-15T21:56:02","modified_gmt":"2025-11-15T21:56:02","slug":"noi-premes-kopeny-611","status":"publish","type":"product","link":"https:\/\/aavesa.com\/hu\/product\/noi-premes-kopeny-611\/","title":{"rendered":"N\u0151i pr\u00e9mes k\u00f6peny 611"},"content":{"rendered":"<p><a href=\"https:\/\/aavesa.com\/hu\/nok\/bundas-salak-es-bundas-kopenyek\/\">Sarki r\u00f3ka sz\u0151rm\u00e9b\u0151l k\u00e9sz\u00fclt k\u00f6peny<\/a>, nagyon eleg\u00e1ns. Ennek a n\u0151i sz\u0151rme k\u00f6penynek a k\u00fclseje term\u00e9szetes sarki r\u00f3ka sz\u0151rm\u00e9b\u0151l k\u00e9sz\u00fclt, gondosan megvarrva, a belseje pedig p\u00e1rn\u00e1zott. Luxus kieg\u00e9sz\u00edt\u0151, amely fekete sz\u00ednben rendelhet\u0151. Ez a k\u00f6peny az \u00f6lt\u00f6z\u00e9ked legfontosabb r\u00e9sze lehet, amelyet nem csak k\u00fcl\u00f6nleges esem\u00e9nyeken, n\u0151ies r\u00e9szletk\u00e9nt, felejthetetlen pillanatokhoz haszn\u00e1lhatsz. Ennek a k\u00f6penynek a befejez\u00e9se oldals\u00f3 oldal\u00e1n r\u00f3kab\u0151rb\u0151l k\u00e9sz\u00fclt. A k\u00f6peny z\u00e1r\u00e1s\u00e1t a &#8222;hook-and-eye&#8221; rendszer biztos\u00edtja.     <\/p>\n","protected":false},"excerpt":{"rendered":"<p>Sarki r\u00f3ka sz\u0151rm\u00e9b\u0151l k\u00e9sz\u00fclt k\u00f6peny, nagyon eleg\u00e1ns. Ennek a n\u0151i sz\u0151rme k\u00f6penynek a k\u00fclseje term\u00e9szetes sarki r\u00f3ka sz\u0151rm\u00e9b\u0151l k\u00e9sz\u00fclt, gondosan megvarrva, a belseje pedig p\u00e1rn\u00e1zott. Luxus kieg\u00e9sz\u00edt\u0151, amely fekete sz\u00ednben rendelhet\u0151. Ez a k\u00f6peny az \u00f6lt\u00f6z\u00e9ked legfontosabb r\u00e9sze lehet, amelyet nem csak k\u00fcl\u00f6nleges esem\u00e9nyeken, n\u0151ies r\u00e9szletk\u00e9nt, felejthetetlen pillanatokhoz haszn\u00e1lhatsz. Ennek a k\u00f6penynek a befejez\u00e9se oldals\u00f3 [&hellip;]<\/p>\n","protected":false},"featured_media":89935,"comment_status":"open","ping_status":"closed","template":"","meta":{"_acf_changed":false,"om_disable_all_campaigns":false,"inline_featured_image":false,"_monsterinsights_skip_tracking":false,"_monsterinsights_sitenote_active":false,"_monsterinsights_sitenote_note":"","_monsterinsights_sitenote_category":0},"product_brand":[],"product_cat":[792,795,765],"product_tag":[],"class_list":{"0":"post-89934","1":"product","2":"type-product","3":"status-publish","4":"has-post-thumbnail","6":"product_cat-bundas-salak-es-bundas-kopenyek","7":"product_cat-kiegeszitok","8":"product_cat-roka-szorme","10":"first","11":"outofstock","12":"taxable","13":"shipping-taxable","14":"product-type-variable","15":"has-default-attributes","16":"wvs-archive-product-wrapper"},"acf":{"categorie_feed":""},"aioseo_notices":[],"_links":{"self":[{"href":"https:\/\/aavesa.com\/hu\/wp-json\/wp\/v2\/product\/89934","targetHints":{"allow":["GET"]}}],"collection":[{"href":"https:\/\/aavesa.com\/hu\/wp-json\/wp\/v2\/product"}],"about":[{"href":"https:\/\/aavesa.com\/hu\/wp-json\/wp\/v2\/types\/product"}],"replies":[{"embeddable":true,"href":"https:\/\/aavesa.com\/hu\/wp-json\/wp\/v2\/comments?post=89934"}],"wp:featuredmedia":[{"embeddable":true,"href":"https:\/\/aavesa.com\/hu\/wp-json\/wp\/v2\/media\/89935"}],"wp:attachment":[{"href":"https:\/\/aavesa.com\/hu\/wp-json\/wp\/v2\/media?parent=89934"}],"wp:term":[{"taxonomy":"product_brand","embeddable":true,"href":"https:\/\/aavesa.com\/hu\/wp-json\/wp\/v2\/product_brand?post=89934"},{"taxonomy":"product_cat","embeddable":true,"href":"https:\/\/aavesa.com\/hu\/wp-json\/wp\/v2\/product_cat?post=89934"},{"taxonomy":"product_tag","embeddable":true,"href":"https:\/\/aavesa.com\/hu\/wp-json\/wp\/v2\/product_tag?post=89934"}],"curies":[{"name":"wp","href":"https:\/\/api.w.org\/{rel}","templated":true}]}}