

{"id":89942,"date":"2024-07-26T16:20:05","date_gmt":"2024-07-26T16:20:05","guid":{"rendered":"https:\/\/new.aavesa.com\/produs\/noi-bunda-263-mv\/"},"modified":"2025-11-15T21:56:00","modified_gmt":"2025-11-15T21:56:00","slug":"noi-bunda-263-mv","status":"publish","type":"product","link":"https:\/\/aavesa.com\/hu\/product\/noi-bunda-263-mv\/","title":{"rendered":"N\u0151i bunda 263 MV"},"content":{"rendered":"<p>Eleg\u00e1ns term\u00e9szetes mouton b\u00e1r\u00e1nybunda \u00e9s term\u00e9szetes sarki r\u00f3ka bunda, n\u0151knek. A kab\u00e1t k\u00fclseje mouton b\u00e1r\u00e1nybund\u00e1b\u00f3l \u00e9s pol\u00e1rr\u00f3kabund\u00e1b\u00f3l k\u00e9sz\u00fclt, belseje p\u00e1rn\u00e1zott. Orosz t\u00edpus\u00fa gall\u00e9rral rendelkezik, ami k\u00fcl\u00f6nlegesebb diz\u00e1jnt k\u00f6lcs\u00f6n\u00f6z ennek a darabnak. A kab\u00e1t z\u00e1r\u00e1s\u00e1t a &#8222;hook-and-eye&#8221; rendszer biztos\u00edtja. A kab\u00e1t fekete \u00e9s bord\u00f3 sz\u00ednben kaphat\u00f3.    <\/p>\n","protected":false},"excerpt":{"rendered":"<p>Eleg\u00e1ns term\u00e9szetes mouton b\u00e1r\u00e1nybunda \u00e9s term\u00e9szetes sarki r\u00f3ka bunda, n\u0151knek. A kab\u00e1t k\u00fclseje mouton b\u00e1r\u00e1nybund\u00e1b\u00f3l \u00e9s pol\u00e1rr\u00f3kabund\u00e1b\u00f3l k\u00e9sz\u00fclt, belseje p\u00e1rn\u00e1zott. Orosz t\u00edpus\u00fa gall\u00e9rral rendelkezik, ami k\u00fcl\u00f6nlegesebb diz\u00e1jnt k\u00f6lcs\u00f6n\u00f6z ennek a darabnak. A kab\u00e1t z\u00e1r\u00e1s\u00e1t a &#8222;hook-and-eye&#8221; rendszer biztos\u00edtja. A kab\u00e1t fekete \u00e9s bord\u00f3 sz\u00ednben kaphat\u00f3.<\/p>\n","protected":false},"featured_media":89945,"comment_status":"open","ping_status":"closed","template":"","meta":{"_acf_changed":false,"om_disable_all_campaigns":false,"inline_featured_image":false,"_monsterinsights_skip_tracking":false,"_monsterinsights_sitenote_active":false,"_monsterinsights_sitenote_note":"","_monsterinsights_sitenote_category":0},"product_brand":[],"product_cat":[766,765],"product_tag":[],"class_list":{"0":"post-89942","1":"product","2":"type-product","3":"status-publish","4":"has-post-thumbnail","6":"product_cat-bundas-kabatok-es-bundas-dzsekik-noknek","7":"product_cat-roka-szorme","9":"first","10":"outofstock","11":"taxable","12":"shipping-taxable","13":"product-type-variable","14":"has-default-attributes","15":"wvs-archive-product-wrapper"},"acf":{"categorie_feed":""},"aioseo_notices":[],"_links":{"self":[{"href":"https:\/\/aavesa.com\/hu\/wp-json\/wp\/v2\/product\/89942","targetHints":{"allow":["GET"]}}],"collection":[{"href":"https:\/\/aavesa.com\/hu\/wp-json\/wp\/v2\/product"}],"about":[{"href":"https:\/\/aavesa.com\/hu\/wp-json\/wp\/v2\/types\/product"}],"replies":[{"embeddable":true,"href":"https:\/\/aavesa.com\/hu\/wp-json\/wp\/v2\/comments?post=89942"}],"wp:featuredmedia":[{"embeddable":true,"href":"https:\/\/aavesa.com\/hu\/wp-json\/wp\/v2\/media\/89945"}],"wp:attachment":[{"href":"https:\/\/aavesa.com\/hu\/wp-json\/wp\/v2\/media?parent=89942"}],"wp:term":[{"taxonomy":"product_brand","embeddable":true,"href":"https:\/\/aavesa.com\/hu\/wp-json\/wp\/v2\/product_brand?post=89942"},{"taxonomy":"product_cat","embeddable":true,"href":"https:\/\/aavesa.com\/hu\/wp-json\/wp\/v2\/product_cat?post=89942"},{"taxonomy":"product_tag","embeddable":true,"href":"https:\/\/aavesa.com\/hu\/wp-json\/wp\/v2\/product_tag?post=89942"}],"curies":[{"name":"wp","href":"https:\/\/api.w.org\/{rel}","templated":true}]}}