

{"id":89952,"date":"2024-07-26T16:20:05","date_gmt":"2024-07-26T16:20:05","guid":{"rendered":"https:\/\/new.aavesa.com\/produs\/noi-premes-sapka-530\/"},"modified":"2025-11-15T21:55:55","modified_gmt":"2025-11-15T21:55:55","slug":"noi-premes-sapka-530","status":"publish","type":"product","link":"https:\/\/aavesa.com\/hu\/product\/noi-premes-sapka-530\/","title":{"rendered":"N\u0151i pr\u00e9mes sapka 530"},"content":{"rendered":"<p><a rel=\"nofollow\" href=\"https:\/\/aavesa.com\/hu\/nok\/bundas-kalapok-shearling-kalapok-noknek\/\">Term\u00e9szetes sarki r\u00f3ka sz\u0151rme sapka<\/a> \u00e9s nappa b\u00e1r\u00e1nyb\u0151r. Ennek a n\u0151i sz\u0151rme sapka modellnek a sz\u00ednkombin\u00e1ci\u00f3i b\u00e1rmilyen ruh\u00e1hoz illeszkedhetnek, amit el akar fogadni. A t\u00e9l leghidegebb napjain n\u00e9lk\u00fcl\u00f6zhetetlen kieg\u00e9sz\u00edt\u0151, amely a legalacsonyabb h\u0151m\u00e9rs\u00e9kleten is v\u00e9di a fej\u00e9t. Ennek a sz\u0151rme sapk\u00e1nak a belseje p\u00e1rn\u00e1zott, az el\u00fcls\u0151 oldalon \u00e9s a szeg\u00e9lyen pedig term\u00e9szetes r\u00f3kasz\u0151rme tal\u00e1lhat\u00f3. Ez a modell h\u00e1tul megh\u00fazhat\u00f3, \u00e9s a z\u00e1r\u00e1st egy kapcs biztos\u00edtja.    <\/p>\n","protected":false},"excerpt":{"rendered":"<p>Term\u00e9szetes sarki r\u00f3ka sz\u0151rme sapka \u00e9s nappa b\u00e1r\u00e1nyb\u0151r. Ennek a n\u0151i sz\u0151rme sapka modellnek a sz\u00ednkombin\u00e1ci\u00f3i b\u00e1rmilyen ruh\u00e1hoz illeszkedhetnek, amit el akar fogadni. A t\u00e9l leghidegebb napjain n\u00e9lk\u00fcl\u00f6zhetetlen kieg\u00e9sz\u00edt\u0151, amely a legalacsonyabb h\u0151m\u00e9rs\u00e9kleten is v\u00e9di a fej\u00e9t. Ennek a sz\u0151rme sapk\u00e1nak a belseje p\u00e1rn\u00e1zott, az el\u00fcls\u0151 oldalon \u00e9s a szeg\u00e9lyen pedig term\u00e9szetes r\u00f3kasz\u0151rme tal\u00e1lhat\u00f3. Ez [&hellip;]<\/p>\n","protected":false},"featured_media":89953,"comment_status":"open","ping_status":"closed","template":"","meta":{"_acf_changed":false,"om_disable_all_campaigns":false,"inline_featured_image":false,"_monsterinsights_skip_tracking":false,"_monsterinsights_sitenote_active":false,"_monsterinsights_sitenote_note":"","_monsterinsights_sitenote_category":0},"product_brand":[],"product_cat":[750,741,765,737],"product_tag":[],"class_list":{"0":"post-89952","1":"product","2":"type-product","3":"status-publish","4":"has-post-thumbnail","6":"product_cat-bundas-kalapok-shearling-kalapok-noknek","7":"product_cat-nok","8":"product_cat-roka-szorme","9":"product_cat-teli-sapkak","11":"first","12":"instock","13":"taxable","14":"shipping-taxable","15":"purchasable","16":"product-type-variable","17":"has-default-attributes","18":"wvs-archive-product-wrapper"},"acf":{"categorie_feed":""},"aioseo_notices":[],"_links":{"self":[{"href":"https:\/\/aavesa.com\/hu\/wp-json\/wp\/v2\/product\/89952","targetHints":{"allow":["GET"]}}],"collection":[{"href":"https:\/\/aavesa.com\/hu\/wp-json\/wp\/v2\/product"}],"about":[{"href":"https:\/\/aavesa.com\/hu\/wp-json\/wp\/v2\/types\/product"}],"replies":[{"embeddable":true,"href":"https:\/\/aavesa.com\/hu\/wp-json\/wp\/v2\/comments?post=89952"}],"wp:featuredmedia":[{"embeddable":true,"href":"https:\/\/aavesa.com\/hu\/wp-json\/wp\/v2\/media\/89953"}],"wp:attachment":[{"href":"https:\/\/aavesa.com\/hu\/wp-json\/wp\/v2\/media?parent=89952"}],"wp:term":[{"taxonomy":"product_brand","embeddable":true,"href":"https:\/\/aavesa.com\/hu\/wp-json\/wp\/v2\/product_brand?post=89952"},{"taxonomy":"product_cat","embeddable":true,"href":"https:\/\/aavesa.com\/hu\/wp-json\/wp\/v2\/product_cat?post=89952"},{"taxonomy":"product_tag","embeddable":true,"href":"https:\/\/aavesa.com\/hu\/wp-json\/wp\/v2\/product_tag?post=89952"}],"curies":[{"name":"wp","href":"https:\/\/api.w.org\/{rel}","templated":true}]}}