

{"id":89992,"date":"2024-07-26T16:20:14","date_gmt":"2024-07-26T16:20:14","guid":{"rendered":"https:\/\/new.aavesa.com\/produs\/shearling-kabat-206\/"},"modified":"2026-04-13T09:17:31","modified_gmt":"2026-04-13T11:17:31","slug":"shearling-kabat-206","status":"publish","type":"product","link":"https:\/\/aavesa.com\/hu\/product\/shearling-kabat-206\/","title":{"rendered":"Shearling kab\u00e1t 206"},"content":{"rendered":"<p>A klasszikus st\u00edlusa miatt ez a ny\u00edrbund\u00e1s kab\u00e1t olyan n\u0151k sz\u00e1m\u00e1ra alkalmas, akik szeretnek st\u00edlusosak \u00e9s n\u0151iesek lenni a mindennapokban. Ez a shearling kab\u00e1t nappa b\u00e1r\u00e1nyb\u0151rb\u0151l k\u00e9sz\u00fclt, amely ellen\u00e1ll a szennyez\u0151d\u00e9seknek \u00e9s a nedvess\u00e9gnek. A bels\u0151t a term\u00e9szetes b\u00e1r\u00e1nysz\u0151rme k\u00e9pviseli, 8 mm-re ny\u00edrva. A kab\u00e1t mandzsett\u00e1i \u00e9s gall\u00e9rja v\u00e1gatlan term\u00e9szetes b\u00e1r\u00e1nysz\u0151rm\u00e9b\u0151l k\u00e9sz\u00fclt. A kab\u00e1t z\u00e1r\u00e1s\u00e1r\u00f3l a hozz\u00e1 ill\u0151 gombok \u00e9s a nappa b\u00e1r\u00e1nyb\u0151rb\u0151l k\u00e9sz\u00fclt \u00f6v gondoskodik. Ennek a term\u00e9szetes birkabund\u00e1nak nagyon fontos r\u00e9szlete a kapucnija, amely v\u00e9delmet \u00e9s szem\u00e9lyes st\u00edlust biztos\u00edt a hideg id\u0151ben.     <\/p>\n","protected":false},"excerpt":{"rendered":"<p>A klasszikus st\u00edlusa miatt ez a ny\u00edrbund\u00e1s kab\u00e1t olyan n\u0151k sz\u00e1m\u00e1ra alkalmas, akik szeretnek st\u00edlusosak \u00e9s n\u0151iesek lenni a mindennapokban. Ez a shearling kab\u00e1t nappa b\u00e1r\u00e1nyb\u0151rb\u0151l k\u00e9sz\u00fclt, amely ellen\u00e1ll a szennyez\u0151d\u00e9seknek \u00e9s a nedvess\u00e9gnek. A bels\u0151t a term\u00e9szetes b\u00e1r\u00e1nysz\u0151rme k\u00e9pviseli, 8 mm-re ny\u00edrva. A kab\u00e1t mandzsett\u00e1i \u00e9s gall\u00e9rja v\u00e1gatlan term\u00e9szetes b\u00e1r\u00e1nysz\u0151rm\u00e9b\u0151l k\u00e9sz\u00fclt. A kab\u00e1t z\u00e1r\u00e1s\u00e1r\u00f3l [&hellip;]<\/p>\n","protected":false},"featured_media":89993,"comment_status":"open","ping_status":"closed","template":"","meta":{"_acf_changed":false,"om_disable_all_campaigns":false,"inline_featured_image":false,"_monsterinsights_skip_tracking":false,"_monsterinsights_sitenote_active":false,"_monsterinsights_sitenote_note":"","_monsterinsights_sitenote_category":0},"product_brand":[],"product_cat":[784,778,779],"product_tag":[],"class_list":{"0":"post-89992","1":"product","2":"type-product","3":"status-publish","4":"has-post-thumbnail","6":"product_cat-baranybor","7":"product_cat-baranybor-kabatok-hu","8":"product_cat-noi-shearling-kabatok","10":"first","11":"instock","12":"taxable","13":"shipping-taxable","14":"purchasable","15":"product-type-variable","16":"has-default-attributes","17":"wvs-archive-product-wrapper"},"acf":{"categorie_feed":""},"aioseo_notices":[],"_links":{"self":[{"href":"https:\/\/aavesa.com\/hu\/wp-json\/wp\/v2\/product\/89992","targetHints":{"allow":["GET"]}}],"collection":[{"href":"https:\/\/aavesa.com\/hu\/wp-json\/wp\/v2\/product"}],"about":[{"href":"https:\/\/aavesa.com\/hu\/wp-json\/wp\/v2\/types\/product"}],"replies":[{"embeddable":true,"href":"https:\/\/aavesa.com\/hu\/wp-json\/wp\/v2\/comments?post=89992"}],"wp:featuredmedia":[{"embeddable":true,"href":"https:\/\/aavesa.com\/hu\/wp-json\/wp\/v2\/media\/89993"}],"wp:attachment":[{"href":"https:\/\/aavesa.com\/hu\/wp-json\/wp\/v2\/media?parent=89992"}],"wp:term":[{"taxonomy":"product_brand","embeddable":true,"href":"https:\/\/aavesa.com\/hu\/wp-json\/wp\/v2\/product_brand?post=89992"},{"taxonomy":"product_cat","embeddable":true,"href":"https:\/\/aavesa.com\/hu\/wp-json\/wp\/v2\/product_cat?post=89992"},{"taxonomy":"product_tag","embeddable":true,"href":"https:\/\/aavesa.com\/hu\/wp-json\/wp\/v2\/product_tag?post=89992"}],"curies":[{"name":"wp","href":"https:\/\/api.w.org\/{rel}","templated":true}]}}