

{"id":90008,"date":"2024-07-26T16:20:14","date_gmt":"2024-07-26T16:20:14","guid":{"rendered":"https:\/\/new.aavesa.com\/produs\/nyirokabat-rokapremmel-206-gv\/"},"modified":"2026-04-13T09:17:31","modified_gmt":"2026-04-13T11:17:31","slug":"nyirokabat-rokapremmel-206-gv","status":"publish","type":"product","link":"https:\/\/aavesa.com\/hu\/product\/nyirokabat-rokapremmel-206-gv\/","title":{"rendered":"Ny\u00edr\u00f3kab\u00e1t r\u00f3kapr\u00e9mmel 206 GV"},"content":{"rendered":"<p><a href=\"https:\/\/aavesa.com\/hu\/nok\/noi-shearling-kabatok\/\">Shearling kab\u00e1t<\/a> egyszer\u0171 \u00e9s sima vonalakkal, term\u00e9szetes b\u00e1r\u00e1nyb\u0151rb\u0151l k\u00e9sz\u00fclt, sarki r\u00f3ka sz\u0151rm\u00e9vel d\u00edsz\u00edtve.A k\u00fcls\u0151 r\u00e9sz nappa b\u00e1r\u00e1nyb\u0151rb\u0151l k\u00e9sz\u00fclt, id\u0151j\u00e1r\u00e1s\u00e1ll\u00f3 \u00e9s kosz\u00e1ll\u00f3. Ezt eg\u00e9sz\u00edti ki a sarki r\u00f3ka sz\u0151rm\u00e9b\u0151l k\u00e9sz\u00fclt mandzsetta \u00e9s gall\u00e9r. Ennek a r\u00f3kabund\u00e1val ell\u00e1tott juh\u00e1szbund\u00e1nak a belseje 8 mm vastags\u00e1g\u00fa merin\u00f3b\u00e1r\u00e1ny sz\u0151rm\u00e9b\u0151l k\u00e9sz\u00fclt. Ennek a ny\u00edrbund\u00e1s kab\u00e1tnak a z\u00e1r\u00e1s\u00e1r\u00f3l n\u00e9gy gomb \u00e9s a der\u00e9kr\u00e9szen tal\u00e1lhat\u00f3 \u00f6v gondoskodik. Ez a kab\u00e1t h\u00e1rom k\u00fcl\u00f6nb\u00f6z\u0151 sz\u00ednben kaphat\u00f3: taupe, barna \u00e9s fekete.    <\/p>\n","protected":false},"excerpt":{"rendered":"<p>Shearling kab\u00e1t egyszer\u0171 \u00e9s sima vonalakkal, term\u00e9szetes b\u00e1r\u00e1nyb\u0151rb\u0151l k\u00e9sz\u00fclt, sarki r\u00f3ka sz\u0151rm\u00e9vel d\u00edsz\u00edtve.A k\u00fcls\u0151 r\u00e9sz nappa b\u00e1r\u00e1nyb\u0151rb\u0151l k\u00e9sz\u00fclt, id\u0151j\u00e1r\u00e1s\u00e1ll\u00f3 \u00e9s kosz\u00e1ll\u00f3. Ezt eg\u00e9sz\u00edti ki a sarki r\u00f3ka sz\u0151rm\u00e9b\u0151l k\u00e9sz\u00fclt mandzsetta \u00e9s gall\u00e9r. Ennek a r\u00f3kabund\u00e1val ell\u00e1tott juh\u00e1szbund\u00e1nak a belseje 8 mm vastags\u00e1g\u00fa merin\u00f3b\u00e1r\u00e1ny sz\u0151rm\u00e9b\u0151l k\u00e9sz\u00fclt. Ennek a ny\u00edrbund\u00e1s kab\u00e1tnak a z\u00e1r\u00e1s\u00e1r\u00f3l n\u00e9gy gomb \u00e9s a [&hellip;]<\/p>\n","protected":false},"featured_media":90009,"comment_status":"open","ping_status":"closed","template":"","meta":{"_acf_changed":false,"om_disable_all_campaigns":false,"inline_featured_image":false,"_monsterinsights_skip_tracking":false,"_monsterinsights_sitenote_active":false,"_monsterinsights_sitenote_note":"","_monsterinsights_sitenote_category":0},"product_brand":[],"product_cat":[784,778,779,765],"product_tag":[],"class_list":{"0":"post-90008","1":"product","2":"type-product","3":"status-publish","4":"has-post-thumbnail","6":"product_cat-baranybor","7":"product_cat-baranybor-kabatok-hu","8":"product_cat-noi-shearling-kabatok","9":"product_cat-roka-szorme","11":"first","12":"instock","13":"taxable","14":"shipping-taxable","15":"purchasable","16":"product-type-variable","17":"has-default-attributes","18":"wvs-archive-product-wrapper"},"acf":{"categorie_feed":""},"aioseo_notices":[],"_links":{"self":[{"href":"https:\/\/aavesa.com\/hu\/wp-json\/wp\/v2\/product\/90008","targetHints":{"allow":["GET"]}}],"collection":[{"href":"https:\/\/aavesa.com\/hu\/wp-json\/wp\/v2\/product"}],"about":[{"href":"https:\/\/aavesa.com\/hu\/wp-json\/wp\/v2\/types\/product"}],"replies":[{"embeddable":true,"href":"https:\/\/aavesa.com\/hu\/wp-json\/wp\/v2\/comments?post=90008"}],"wp:featuredmedia":[{"embeddable":true,"href":"https:\/\/aavesa.com\/hu\/wp-json\/wp\/v2\/media\/90009"}],"wp:attachment":[{"href":"https:\/\/aavesa.com\/hu\/wp-json\/wp\/v2\/media?parent=90008"}],"wp:term":[{"taxonomy":"product_brand","embeddable":true,"href":"https:\/\/aavesa.com\/hu\/wp-json\/wp\/v2\/product_brand?post=90008"},{"taxonomy":"product_cat","embeddable":true,"href":"https:\/\/aavesa.com\/hu\/wp-json\/wp\/v2\/product_cat?post=90008"},{"taxonomy":"product_tag","embeddable":true,"href":"https:\/\/aavesa.com\/hu\/wp-json\/wp\/v2\/product_tag?post=90008"}],"curies":[{"name":"wp","href":"https:\/\/api.w.org\/{rel}","templated":true}]}}