

{"id":90026,"date":"2024-07-26T16:20:21","date_gmt":"2024-07-26T16:20:21","guid":{"rendered":"https:\/\/new.aavesa.com\/produs\/ferfi-nyirokabat-334\/"},"modified":"2025-11-15T21:55:53","modified_gmt":"2025-11-15T21:55:53","slug":"ferfi-nyirokabat-334","status":"publish","type":"product","link":"https:\/\/aavesa.com\/hu\/product\/ferfi-nyirokabat-334\/","title":{"rendered":"F\u00e9rfi ny\u00edr\u00f3kab\u00e1t 334"},"content":{"rendered":"<p>F\u00e9rfiaknak tervezett, gombokkal ell\u00e1tott ny\u00edrbunda kab\u00e1t. A k\u00fcls\u0151 r\u00e9teg a legjobb min\u0151s\u00e9g\u0171 term\u00e9szetes b\u00e1r\u00e1nyb\u0151rb\u0151l k\u00e9sz\u00fclt, a nedvess\u00e9gnek \u00e9s a szennyez\u0151d\u00e9seknek ellen\u00e1ll\u00f3, tart\u00f3s term\u00e9k\u00e9rt. A b\u0151r bels\u0151 r\u00e9sze 8 mm vastags\u00e1g\u00fa b\u00e1r\u00e1nyb\u0151r merin\u00f3b\u0151rrel van szeg\u00e9lyezve. Ez a juhb\u0151r a hossz\u00fa kab\u00e1tok kateg\u00f3ri\u00e1j\u00e1ba tartozik, hogy jobb v\u00e9delmet ny\u00fajtson alacsony h\u0151m\u00e9rs\u00e9kleten. Ennek a kab\u00e1tnak a z\u00e1r\u00f3rendszere gombokkal k\u00e9sz\u00fclt. Ez a term\u00e9szetes b\u00e1r\u00e1nyb\u0151r kab\u00e1t klasszikus kialak\u00edt\u00e1s\u00fa, oldalzsebekkel \u00e9s egy cipz\u00e1ras mellzsebbel rendelkezik. A birkabunda egy sz\u00ednben, s\u00f6t\u00e9tsz\u00fcrke sz\u00ednben rendelhet\u0151, nagyon k\u00f6nnyen illeszthet\u0151 a mindennapi \u00f6lt\u00f6z\u00e9khez.      <\/p>\n","protected":false},"excerpt":{"rendered":"<p>F\u00e9rfiaknak tervezett, gombokkal ell\u00e1tott ny\u00edrbunda kab\u00e1t. A k\u00fcls\u0151 r\u00e9teg a legjobb min\u0151s\u00e9g\u0171 term\u00e9szetes b\u00e1r\u00e1nyb\u0151rb\u0151l k\u00e9sz\u00fclt, a nedvess\u00e9gnek \u00e9s a szennyez\u0151d\u00e9seknek ellen\u00e1ll\u00f3, tart\u00f3s term\u00e9k\u00e9rt. A b\u0151r bels\u0151 r\u00e9sze 8 mm vastags\u00e1g\u00fa b\u00e1r\u00e1nyb\u0151r merin\u00f3b\u0151rrel van szeg\u00e9lyezve. Ez a juhb\u0151r a hossz\u00fa kab\u00e1tok kateg\u00f3ri\u00e1j\u00e1ba tartozik, hogy jobb v\u00e9delmet ny\u00fajtson alacsony h\u0151m\u00e9rs\u00e9kleten. Ennek a kab\u00e1tnak a z\u00e1r\u00f3rendszere gombokkal k\u00e9sz\u00fclt. [&hellip;]<\/p>\n","protected":false},"featured_media":80958,"comment_status":"open","ping_status":"closed","template":"","meta":{"_acf_changed":false,"om_disable_all_campaigns":false,"inline_featured_image":false,"_monsterinsights_skip_tracking":false,"_monsterinsights_sitenote_active":false,"_monsterinsights_sitenote_note":"","_monsterinsights_sitenote_category":0},"product_brand":[],"product_cat":[778,725,777],"product_tag":[],"class_list":{"0":"post-90026","1":"product","2":"type-product","3":"status-publish","4":"has-post-thumbnail","6":"product_cat-baranybor-kabatok-hu","7":"product_cat-ferfiak","8":"product_cat-shearling-kabatok-ferfiaknak-ferfiak","10":"first","11":"instock","12":"taxable","13":"shipping-taxable","14":"purchasable","15":"product-type-variable","16":"has-default-attributes","17":"wvs-archive-product-wrapper"},"acf":{"categorie_feed":""},"aioseo_notices":[],"_links":{"self":[{"href":"https:\/\/aavesa.com\/hu\/wp-json\/wp\/v2\/product\/90026","targetHints":{"allow":["GET"]}}],"collection":[{"href":"https:\/\/aavesa.com\/hu\/wp-json\/wp\/v2\/product"}],"about":[{"href":"https:\/\/aavesa.com\/hu\/wp-json\/wp\/v2\/types\/product"}],"replies":[{"embeddable":true,"href":"https:\/\/aavesa.com\/hu\/wp-json\/wp\/v2\/comments?post=90026"}],"wp:featuredmedia":[{"embeddable":true,"href":"https:\/\/aavesa.com\/hu\/wp-json\/wp\/v2\/media\/80958"}],"wp:attachment":[{"href":"https:\/\/aavesa.com\/hu\/wp-json\/wp\/v2\/media?parent=90026"}],"wp:term":[{"taxonomy":"product_brand","embeddable":true,"href":"https:\/\/aavesa.com\/hu\/wp-json\/wp\/v2\/product_brand?post=90026"},{"taxonomy":"product_cat","embeddable":true,"href":"https:\/\/aavesa.com\/hu\/wp-json\/wp\/v2\/product_cat?post=90026"},{"taxonomy":"product_tag","embeddable":true,"href":"https:\/\/aavesa.com\/hu\/wp-json\/wp\/v2\/product_tag?post=90026"}],"curies":[{"name":"wp","href":"https:\/\/api.w.org\/{rel}","templated":true}]}}