

{"id":90062,"date":"2024-07-26T16:20:21","date_gmt":"2024-07-26T16:20:21","guid":{"rendered":"https:\/\/new.aavesa.com\/produs\/ferfi-baranybor-kabat-340\/"},"modified":"2026-04-10T15:08:23","modified_gmt":"2026-04-10T17:08:23","slug":"ferfi-baranybor-kabat-340","status":"publish","type":"product","link":"https:\/\/aavesa.com\/hu\/product\/ferfi-baranybor-kabat-340\/","title":{"rendered":"F\u00e9rfi b\u00e1r\u00e1nyb\u0151r kab\u00e1t 340"},"content":{"rendered":"<p>B\u00e1r\u00e1nyb\u0151rb\u0151l k\u00e9sz\u00fclt r\u00f6vid b\u00e1r\u00e1nyb\u0151r kab\u00e1t f\u00e9rfiaknak, amely alkalmi kialak\u00edt\u00e1s\u00fa. A juh\u00e1szkab\u00e1t 8 mm vastags\u00e1g\u00fa, term\u00e9szetes szeg\u00e9ly\u0171 b\u00e1r\u00e1nysz\u0151rm\u00e9b\u0151l k\u00e9sz\u00fclt, k\u00edv\u00fclr\u0151l pedig a legmagasabb min\u0151s\u00e9g\u0171 nappa b\u00e1r\u00e1nyb\u0151rb\u0151l k\u00e9sz\u00fclt. A gall\u00e9r szeg\u00e9lyezett b\u00e1r\u00e1nysz\u0151rm\u00e9b\u0151l k\u00e9sz\u00fclt. A kab\u00e1t h\u00e1rom cipz\u00e1ras zsebbel rendelkezik. A kab\u00e1t z\u00e1r\u00e1sa aszimmetrikus cipz\u00e1rral k\u00e9sz\u00fcl, a k\u00fcl\u00f6nlegesebb kialak\u00edt\u00e1s \u00e9rdek\u00e9ben.    <\/p>\n","protected":false},"excerpt":{"rendered":"<p>B\u00e1r\u00e1nyb\u0151rb\u0151l k\u00e9sz\u00fclt r\u00f6vid b\u00e1r\u00e1nyb\u0151r kab\u00e1t f\u00e9rfiaknak, amely alkalmi kialak\u00edt\u00e1s\u00fa. A juh\u00e1szkab\u00e1t 8 mm vastags\u00e1g\u00fa, term\u00e9szetes szeg\u00e9ly\u0171 b\u00e1r\u00e1nysz\u0151rm\u00e9b\u0151l k\u00e9sz\u00fclt, k\u00edv\u00fclr\u0151l pedig a legmagasabb min\u0151s\u00e9g\u0171 nappa b\u00e1r\u00e1nyb\u0151rb\u0151l k\u00e9sz\u00fclt. A gall\u00e9r szeg\u00e9lyezett b\u00e1r\u00e1nysz\u0151rm\u00e9b\u0151l k\u00e9sz\u00fclt. A kab\u00e1t h\u00e1rom cipz\u00e1ras zsebbel rendelkezik. A kab\u00e1t z\u00e1r\u00e1sa aszimmetrikus cipz\u00e1rral k\u00e9sz\u00fcl, a k\u00fcl\u00f6nlegesebb kialak\u00edt\u00e1s \u00e9rdek\u00e9ben.<\/p>\n","protected":false},"featured_media":90063,"comment_status":"open","ping_status":"closed","template":"","meta":{"_acf_changed":false,"om_disable_all_campaigns":false,"inline_featured_image":false,"_monsterinsights_skip_tracking":false,"_monsterinsights_sitenote_active":false,"_monsterinsights_sitenote_note":"","_monsterinsights_sitenote_category":0},"product_brand":[],"product_cat":[780,952,725,772],"product_tag":[],"class_list":{"0":"post-90062","1":"product","2":"type-product","3":"status-publish","4":"has-post-thumbnail","6":"product_cat-baranybor-kabatok-hu-2","7":"product_cat-ferfi-es-noi-pehelypaplan-dzsekik-a-luxus-es-a-melegseg-vegso-kevereke","8":"product_cat-ferfiak","9":"product_cat-shearling-kabatok-ferfiaknak","11":"first","12":"instock","13":"taxable","14":"shipping-taxable","15":"purchasable","16":"product-type-variable","17":"has-default-attributes","18":"wvs-archive-product-wrapper"},"acf":{"categorie_feed":""},"aioseo_notices":[],"_links":{"self":[{"href":"https:\/\/aavesa.com\/hu\/wp-json\/wp\/v2\/product\/90062","targetHints":{"allow":["GET"]}}],"collection":[{"href":"https:\/\/aavesa.com\/hu\/wp-json\/wp\/v2\/product"}],"about":[{"href":"https:\/\/aavesa.com\/hu\/wp-json\/wp\/v2\/types\/product"}],"replies":[{"embeddable":true,"href":"https:\/\/aavesa.com\/hu\/wp-json\/wp\/v2\/comments?post=90062"}],"wp:featuredmedia":[{"embeddable":true,"href":"https:\/\/aavesa.com\/hu\/wp-json\/wp\/v2\/media\/90063"}],"wp:attachment":[{"href":"https:\/\/aavesa.com\/hu\/wp-json\/wp\/v2\/media?parent=90062"}],"wp:term":[{"taxonomy":"product_brand","embeddable":true,"href":"https:\/\/aavesa.com\/hu\/wp-json\/wp\/v2\/product_brand?post=90062"},{"taxonomy":"product_cat","embeddable":true,"href":"https:\/\/aavesa.com\/hu\/wp-json\/wp\/v2\/product_cat?post=90062"},{"taxonomy":"product_tag","embeddable":true,"href":"https:\/\/aavesa.com\/hu\/wp-json\/wp\/v2\/product_tag?post=90062"}],"curies":[{"name":"wp","href":"https:\/\/api.w.org\/{rel}","templated":true}]}}