

{"id":90082,"date":"2024-07-26T16:20:21","date_gmt":"2024-07-26T16:20:21","guid":{"rendered":"https:\/\/new.aavesa.com\/produs\/ferfi-nyirokabat-341\/"},"modified":"2026-04-10T15:08:22","modified_gmt":"2026-04-10T17:08:22","slug":"ferfi-nyirokabat-341","status":"publish","type":"product","link":"https:\/\/aavesa.com\/hu\/product\/ferfi-nyirokabat-341\/","title":{"rendered":"F\u00e9rfi ny\u00edr\u00f3kab\u00e1t 341"},"content":{"rendered":"<p>Merin\u00f3 juhb\u0151rb\u0151l k\u00e9sz\u00fclt klasszikus f\u00e9rfi shearling kab\u00e1t. A kab\u00e1t k\u00fclseje nappa b\u00e1r\u00e1nyb\u0151rb\u0151l k\u00e9sz\u00fclt, k\u00f6nnyen karbantarthat\u00f3, ellen\u00e1ll a szennyez\u0151d\u00e9seknek \u00e9s a nedvess\u00e9gnek. A bels\u0151 r\u00e9sz b\u00e1r\u00e1nysz\u0151rm\u00e9b\u0151l k\u00e9sz\u00fclt, 8 mm vastags\u00e1g\u00fara ny\u00edrva. Ez a kab\u00e1t egyszer\u0171 vonalakkal rendelkezik, alkalmi, k\u00e9t zsebbel, amelyek mindegyike egy-egy kapcsos z\u00e1r\u00f3d\u00e1ssal z\u00e1r\u00f3dik. Ez a birkabunda diz\u00e1jn cipz\u00e1rral z\u00e1r\u00f3dik, \u00e9s a k\u00f6vetkez\u0151 sz\u00ednekben v\u00e1s\u00e1rolhat\u00f3 meg: taupe, sz\u00fcrke \u00e9s fekete.    <\/p>\n","protected":false},"excerpt":{"rendered":"<p>Merin\u00f3 juhb\u0151rb\u0151l k\u00e9sz\u00fclt klasszikus f\u00e9rfi shearling kab\u00e1t. A kab\u00e1t k\u00fclseje nappa b\u00e1r\u00e1nyb\u0151rb\u0151l k\u00e9sz\u00fclt, k\u00f6nnyen karbantarthat\u00f3, ellen\u00e1ll a szennyez\u0151d\u00e9seknek \u00e9s a nedvess\u00e9gnek. A bels\u0151 r\u00e9sz b\u00e1r\u00e1nysz\u0151rm\u00e9b\u0151l k\u00e9sz\u00fclt, 8 mm vastags\u00e1g\u00fara ny\u00edrva. Ez a kab\u00e1t egyszer\u0171 vonalakkal rendelkezik, alkalmi, k\u00e9t zsebbel, amelyek mindegyike egy-egy kapcsos z\u00e1r\u00f3d\u00e1ssal z\u00e1r\u00f3dik. Ez a birkabunda diz\u00e1jn cipz\u00e1rral z\u00e1r\u00f3dik, \u00e9s a k\u00f6vetkez\u0151 sz\u00ednekben [&hellip;]<\/p>\n","protected":false},"featured_media":90083,"comment_status":"open","ping_status":"closed","template":"","meta":{"_acf_changed":false,"om_disable_all_campaigns":false,"inline_featured_image":false,"_monsterinsights_skip_tracking":false,"_monsterinsights_sitenote_active":false,"_monsterinsights_sitenote_note":"","_monsterinsights_sitenote_category":0},"product_brand":[],"product_cat":[780,952,725,772],"product_tag":[],"class_list":{"0":"post-90082","1":"product","2":"type-product","3":"status-publish","4":"has-post-thumbnail","6":"product_cat-baranybor-kabatok-hu-2","7":"product_cat-ferfi-es-noi-pehelypaplan-dzsekik-a-luxus-es-a-melegseg-vegso-kevereke","8":"product_cat-ferfiak","9":"product_cat-shearling-kabatok-ferfiaknak","11":"first","12":"instock","13":"taxable","14":"shipping-taxable","15":"purchasable","16":"product-type-variable","17":"has-default-attributes","18":"wvs-archive-product-wrapper"},"acf":{"categorie_feed":""},"aioseo_notices":[],"_links":{"self":[{"href":"https:\/\/aavesa.com\/hu\/wp-json\/wp\/v2\/product\/90082","targetHints":{"allow":["GET"]}}],"collection":[{"href":"https:\/\/aavesa.com\/hu\/wp-json\/wp\/v2\/product"}],"about":[{"href":"https:\/\/aavesa.com\/hu\/wp-json\/wp\/v2\/types\/product"}],"replies":[{"embeddable":true,"href":"https:\/\/aavesa.com\/hu\/wp-json\/wp\/v2\/comments?post=90082"}],"wp:featuredmedia":[{"embeddable":true,"href":"https:\/\/aavesa.com\/hu\/wp-json\/wp\/v2\/media\/90083"}],"wp:attachment":[{"href":"https:\/\/aavesa.com\/hu\/wp-json\/wp\/v2\/media?parent=90082"}],"wp:term":[{"taxonomy":"product_brand","embeddable":true,"href":"https:\/\/aavesa.com\/hu\/wp-json\/wp\/v2\/product_brand?post=90082"},{"taxonomy":"product_cat","embeddable":true,"href":"https:\/\/aavesa.com\/hu\/wp-json\/wp\/v2\/product_cat?post=90082"},{"taxonomy":"product_tag","embeddable":true,"href":"https:\/\/aavesa.com\/hu\/wp-json\/wp\/v2\/product_tag?post=90082"}],"curies":[{"name":"wp","href":"https:\/\/api.w.org\/{rel}","templated":true}]}}