

{"id":90096,"date":"2024-07-26T16:20:29","date_gmt":"2024-07-26T16:20:29","guid":{"rendered":"https:\/\/new.aavesa.com\/produs\/ferfi-nyiro-es-szorme-kabat-kapucnival-341-gr\/"},"modified":"2026-04-10T15:08:29","modified_gmt":"2026-04-10T17:08:29","slug":"ferfi-nyiro-es-szorme-kabat-kapucnival-341-gr","status":"publish","type":"product","link":"https:\/\/aavesa.com\/hu\/product\/ferfi-nyiro-es-szorme-kabat-kapucnival-341-gr\/","title":{"rendered":"F\u00e9rfi ny\u00edr\u00f3 \u00e9s sz\u0151rme kab\u00e1t kapucnival 341 GR"},"content":{"rendered":"<p><a href=\"https:\/\/aavesa.com\/hu\/ferfiak\/shearling-kabatok-ferfiaknak\/\">F\u00e9rfi kapucnis shearling kab\u00e1t<\/a> merin\u00f3b\u00e1r\u00e1nyb\u00f3l \u00e9s term\u00e9szetes mos\u00f3medve sz\u0151rm\u00e9b\u0151l. A kab\u00e1t k\u00fclseje nappa b\u00e1r\u00e1nyb\u0151rb\u0151l, belseje pedig b\u00e1r\u00e1nysz\u0151rm\u00e9b\u0151l k\u00e9sz\u00fclt, 8 mm vastags\u00e1g\u00fara ny\u00edrva.  A kapucnis f\u00e9rfi juh\u00e1sz- \u00e9s sz\u0151rmekab\u00e1t b\u00e1r\u00e1nybund\u00e1b\u00f3l k\u00e9sz\u00fclt, de a kapucni kont\u00farja mos\u00f3medvebund\u00e1b\u00f3l k\u00e9sz\u00fclt, \u00e9s cipz\u00e1rral levehet\u0151. Ennek a kab\u00e1tnak k\u00e9t zsebe van, amelyek mindegyike egy-egy t\u0171z\u0151kapoccsal z\u00e1rhat\u00f3. Ennek a kab\u00e1tnak a z\u00e1r\u00f3rendszere egy cipz\u00e1r. <\/p>\n","protected":false},"excerpt":{"rendered":"<p>F\u00e9rfi kapucnis shearling kab\u00e1t merin\u00f3b\u00e1r\u00e1nyb\u00f3l \u00e9s term\u00e9szetes mos\u00f3medve sz\u0151rm\u00e9b\u0151l. A kab\u00e1t k\u00fclseje nappa b\u00e1r\u00e1nyb\u0151rb\u0151l, belseje pedig b\u00e1r\u00e1nysz\u0151rm\u00e9b\u0151l k\u00e9sz\u00fclt, 8 mm vastags\u00e1g\u00fara ny\u00edrva. A kapucnis f\u00e9rfi juh\u00e1sz- \u00e9s sz\u0151rmekab\u00e1t b\u00e1r\u00e1nybund\u00e1b\u00f3l k\u00e9sz\u00fclt, de a kapucni kont\u00farja mos\u00f3medvebund\u00e1b\u00f3l k\u00e9sz\u00fclt, \u00e9s cipz\u00e1rral levehet\u0151. Ennek a kab\u00e1tnak k\u00e9t zsebe van, amelyek mindegyike egy-egy t\u0171z\u0151kapoccsal z\u00e1rhat\u00f3. Ennek a kab\u00e1tnak a z\u00e1r\u00f3rendszere [&hellip;]<\/p>\n","protected":false},"featured_media":90097,"comment_status":"open","ping_status":"closed","template":"","meta":{"_acf_changed":false,"om_disable_all_campaigns":false,"inline_featured_image":false,"_monsterinsights_skip_tracking":false,"_monsterinsights_sitenote_active":false,"_monsterinsights_sitenote_note":"","_monsterinsights_sitenote_category":0},"product_brand":[],"product_cat":[780,952,725,772],"product_tag":[],"class_list":{"0":"post-90096","1":"product","2":"type-product","3":"status-publish","4":"has-post-thumbnail","6":"product_cat-baranybor-kabatok-hu-2","7":"product_cat-ferfi-es-noi-pehelypaplan-dzsekik-a-luxus-es-a-melegseg-vegso-kevereke","8":"product_cat-ferfiak","9":"product_cat-shearling-kabatok-ferfiaknak","11":"first","12":"instock","13":"taxable","14":"shipping-taxable","15":"purchasable","16":"product-type-variable","17":"has-default-attributes","18":"wvs-archive-product-wrapper"},"acf":{"categorie_feed":""},"aioseo_notices":[],"_links":{"self":[{"href":"https:\/\/aavesa.com\/hu\/wp-json\/wp\/v2\/product\/90096","targetHints":{"allow":["GET"]}}],"collection":[{"href":"https:\/\/aavesa.com\/hu\/wp-json\/wp\/v2\/product"}],"about":[{"href":"https:\/\/aavesa.com\/hu\/wp-json\/wp\/v2\/types\/product"}],"replies":[{"embeddable":true,"href":"https:\/\/aavesa.com\/hu\/wp-json\/wp\/v2\/comments?post=90096"}],"wp:featuredmedia":[{"embeddable":true,"href":"https:\/\/aavesa.com\/hu\/wp-json\/wp\/v2\/media\/90097"}],"wp:attachment":[{"href":"https:\/\/aavesa.com\/hu\/wp-json\/wp\/v2\/media?parent=90096"}],"wp:term":[{"taxonomy":"product_brand","embeddable":true,"href":"https:\/\/aavesa.com\/hu\/wp-json\/wp\/v2\/product_brand?post=90096"},{"taxonomy":"product_cat","embeddable":true,"href":"https:\/\/aavesa.com\/hu\/wp-json\/wp\/v2\/product_cat?post=90096"},{"taxonomy":"product_tag","embeddable":true,"href":"https:\/\/aavesa.com\/hu\/wp-json\/wp\/v2\/product_tag?post=90096"}],"curies":[{"name":"wp","href":"https:\/\/api.w.org\/{rel}","templated":true}]}}