

{"id":90109,"date":"2024-07-26T16:20:29","date_gmt":"2024-07-26T16:20:29","guid":{"rendered":"https:\/\/new.aavesa.com\/produs\/ferfi-baranybor-kabat-343\/"},"modified":"2026-04-10T15:08:25","modified_gmt":"2026-04-10T17:08:25","slug":"ferfi-baranybor-kabat-343","status":"publish","type":"product","link":"https:\/\/aavesa.com\/hu\/product\/ferfi-baranybor-kabat-343\/","title":{"rendered":"F\u00e9rfi b\u00e1r\u00e1nyb\u0151r kab\u00e1t 343"},"content":{"rendered":"<p>R\u00f6vid ny\u00edr\u00f3kab\u00e1t term\u00e9szetes merin\u00f3 b\u00e1r\u00e1nyb\u0151rb\u0151l, f\u00e9rfiaknak, modern diz\u00e1jnnal. A kab\u00e1t k\u00fclseje 8 mm vastags\u00e1g\u00fara ny\u00edrt b\u00e1r\u00e1nyb\u0151rb\u0151l k\u00e9sz\u00fclt. A mandzsett\u00e1k, a gall\u00e9r \u00e9s a kab\u00e1t szeg\u00e9lye d\u00edsz\u00edtett b\u00e1r\u00e1nysz\u0151rm\u00e9b\u0151l k\u00e9sz\u00fclt, gazdag t\u00e9rfogat\u00fa.<br \/>\nEz a kab\u00e1t cipz\u00e1rral \u00e9s csatos p\u00e1nttal z\u00e1r\u00f3dik a gall\u00e9r ter\u00fclet\u00e9n, a t\u00f6k\u00e9letes z\u00e1r\u00e1s \u00e9rdek\u00e9ben, amely megv\u00e9di \u00d6nt az alacsony h\u0151m\u00e9rs\u00e9klett\u0151l.<\/p>\n","protected":false},"excerpt":{"rendered":"<p>R\u00f6vid ny\u00edr\u00f3kab\u00e1t term\u00e9szetes merin\u00f3 b\u00e1r\u00e1nyb\u0151rb\u0151l, f\u00e9rfiaknak, modern diz\u00e1jnnal. A kab\u00e1t k\u00fclseje 8 mm vastags\u00e1g\u00fara ny\u00edrt b\u00e1r\u00e1nyb\u0151rb\u0151l k\u00e9sz\u00fclt. A mandzsett\u00e1k, a gall\u00e9r \u00e9s a kab\u00e1t szeg\u00e9lye d\u00edsz\u00edtett b\u00e1r\u00e1nysz\u0151rm\u00e9b\u0151l k\u00e9sz\u00fclt, gazdag t\u00e9rfogat\u00fa. Ez a kab\u00e1t cipz\u00e1rral \u00e9s csatos p\u00e1nttal z\u00e1r\u00f3dik a gall\u00e9r ter\u00fclet\u00e9n, a t\u00f6k\u00e9letes z\u00e1r\u00e1s \u00e9rdek\u00e9ben, amely megv\u00e9di \u00d6nt az alacsony h\u0151m\u00e9rs\u00e9klett\u0151l.<\/p>\n","protected":false},"featured_media":90110,"comment_status":"open","ping_status":"closed","template":"","meta":{"_acf_changed":false,"om_disable_all_campaigns":false,"inline_featured_image":false,"_monsterinsights_skip_tracking":false,"_monsterinsights_sitenote_active":false,"_monsterinsights_sitenote_note":"","_monsterinsights_sitenote_category":0},"product_brand":[],"product_cat":[780,952,725,772],"product_tag":[],"class_list":{"0":"post-90109","1":"product","2":"type-product","3":"status-publish","4":"has-post-thumbnail","6":"product_cat-baranybor-kabatok-hu-2","7":"product_cat-ferfi-es-noi-pehelypaplan-dzsekik-a-luxus-es-a-melegseg-vegso-kevereke","8":"product_cat-ferfiak","9":"product_cat-shearling-kabatok-ferfiaknak","11":"first","12":"instock","13":"taxable","14":"shipping-taxable","15":"purchasable","16":"product-type-variable","17":"has-default-attributes","18":"wvs-archive-product-wrapper"},"acf":{"categorie_feed":""},"aioseo_notices":[],"_links":{"self":[{"href":"https:\/\/aavesa.com\/hu\/wp-json\/wp\/v2\/product\/90109","targetHints":{"allow":["GET"]}}],"collection":[{"href":"https:\/\/aavesa.com\/hu\/wp-json\/wp\/v2\/product"}],"about":[{"href":"https:\/\/aavesa.com\/hu\/wp-json\/wp\/v2\/types\/product"}],"replies":[{"embeddable":true,"href":"https:\/\/aavesa.com\/hu\/wp-json\/wp\/v2\/comments?post=90109"}],"wp:featuredmedia":[{"embeddable":true,"href":"https:\/\/aavesa.com\/hu\/wp-json\/wp\/v2\/media\/90110"}],"wp:attachment":[{"href":"https:\/\/aavesa.com\/hu\/wp-json\/wp\/v2\/media?parent=90109"}],"wp:term":[{"taxonomy":"product_brand","embeddable":true,"href":"https:\/\/aavesa.com\/hu\/wp-json\/wp\/v2\/product_brand?post=90109"},{"taxonomy":"product_cat","embeddable":true,"href":"https:\/\/aavesa.com\/hu\/wp-json\/wp\/v2\/product_cat?post=90109"},{"taxonomy":"product_tag","embeddable":true,"href":"https:\/\/aavesa.com\/hu\/wp-json\/wp\/v2\/product_tag?post=90109"}],"curies":[{"name":"wp","href":"https:\/\/api.w.org\/{rel}","templated":true}]}}