

{"id":90116,"date":"2024-07-26T16:20:29","date_gmt":"2024-07-26T16:20:29","guid":{"rendered":"https:\/\/new.aavesa.com\/produs\/ferfi-premes-sapka-531\/"},"modified":"2025-11-15T21:55:47","modified_gmt":"2025-11-15T21:55:47","slug":"ferfi-premes-sapka-531","status":"publish","type":"product","link":"https:\/\/aavesa.com\/hu\/product\/ferfi-premes-sapka-531\/","title":{"rendered":"F\u00e9rfi pr\u00e9mes sapka 531"},"content":{"rendered":"<p>F\u00e9rfi sz\u0151rme sapka term\u00e9szetes b\u00e1r\u00e1nyb\u0151rb\u0151l \u00e9s term\u00e9szetes mos\u00f3medve\/r\u00f3ka sz\u0151rm\u00e9b\u0151l. Ez az egyed\u00fcl\u00e1ll\u00f3 kalapkialak\u00edt\u00e1s biztos\u00edtja a sz\u00fcks\u00e9ges v\u00e9delmet a t\u00e9l leghidegebb id\u0151szak\u00e1ban. A kalap k\u00fclseje nappa b\u00e1r\u00e1nyb\u0151rb\u0151l \u00e9s mos\u00f3medve\/r\u00f3kabund\u00e1b\u00f3l k\u00e9sz\u00fclt, a belseje pedig p\u00e1rn\u00e1zott. A sapka h\u00e1toldal\u00e1n k\u00e9t csat \u00e9s 5 gomb tal\u00e1lhat\u00f3 mindk\u00e9t oldalon. A sapka z\u00e1r\u00e1s\u00e1t egy kapcs biztos\u00edtja. A kalaphoz el\u00e9rhet\u0151 sz\u00ednek a fekete \u00e9s a barna.     <\/p>\n","protected":false},"excerpt":{"rendered":"<p>F\u00e9rfi sz\u0151rme sapka term\u00e9szetes b\u00e1r\u00e1nyb\u0151rb\u0151l \u00e9s term\u00e9szetes mos\u00f3medve\/r\u00f3ka sz\u0151rm\u00e9b\u0151l. Ez az egyed\u00fcl\u00e1ll\u00f3 kalapkialak\u00edt\u00e1s biztos\u00edtja a sz\u00fcks\u00e9ges v\u00e9delmet a t\u00e9l leghidegebb id\u0151szak\u00e1ban. A kalap k\u00fclseje nappa b\u00e1r\u00e1nyb\u0151rb\u0151l \u00e9s mos\u00f3medve\/r\u00f3kabund\u00e1b\u00f3l k\u00e9sz\u00fclt, a belseje pedig p\u00e1rn\u00e1zott. A sapka h\u00e1toldal\u00e1n k\u00e9t csat \u00e9s 5 gomb tal\u00e1lhat\u00f3 mindk\u00e9t oldalon. A sapka z\u00e1r\u00e1s\u00e1t egy kapcs biztos\u00edtja. A kalaphoz el\u00e9rhet\u0151 sz\u00ednek a [&hellip;]<\/p>\n","protected":false},"featured_media":96782,"comment_status":"open","ping_status":"closed","template":"","meta":{"_acf_changed":false,"om_disable_all_campaigns":false,"inline_featured_image":false,"_monsterinsights_skip_tracking":false,"_monsterinsights_sitenote_active":false,"_monsterinsights_sitenote_note":"","_monsterinsights_sitenote_category":0},"product_brand":[],"product_cat":[725,736,737],"product_tag":[],"class_list":{"0":"post-90116","1":"product","2":"type-product","3":"status-publish","4":"has-post-thumbnail","6":"product_cat-ferfiak","7":"product_cat-shearling-kalapok-bundas-kalapok-ferfiaknak","8":"product_cat-teli-sapkak","10":"first","11":"instock","12":"taxable","13":"shipping-taxable","14":"purchasable","15":"product-type-variable","16":"has-default-attributes","17":"wvs-archive-product-wrapper"},"acf":{"categorie_feed":""},"aioseo_notices":[],"_links":{"self":[{"href":"https:\/\/aavesa.com\/hu\/wp-json\/wp\/v2\/product\/90116","targetHints":{"allow":["GET"]}}],"collection":[{"href":"https:\/\/aavesa.com\/hu\/wp-json\/wp\/v2\/product"}],"about":[{"href":"https:\/\/aavesa.com\/hu\/wp-json\/wp\/v2\/types\/product"}],"replies":[{"embeddable":true,"href":"https:\/\/aavesa.com\/hu\/wp-json\/wp\/v2\/comments?post=90116"}],"wp:featuredmedia":[{"embeddable":true,"href":"https:\/\/aavesa.com\/hu\/wp-json\/wp\/v2\/media\/96782"}],"wp:attachment":[{"href":"https:\/\/aavesa.com\/hu\/wp-json\/wp\/v2\/media?parent=90116"}],"wp:term":[{"taxonomy":"product_brand","embeddable":true,"href":"https:\/\/aavesa.com\/hu\/wp-json\/wp\/v2\/product_brand?post=90116"},{"taxonomy":"product_cat","embeddable":true,"href":"https:\/\/aavesa.com\/hu\/wp-json\/wp\/v2\/product_cat?post=90116"},{"taxonomy":"product_tag","embeddable":true,"href":"https:\/\/aavesa.com\/hu\/wp-json\/wp\/v2\/product_tag?post=90116"}],"curies":[{"name":"wp","href":"https:\/\/api.w.org\/{rel}","templated":true}]}}