

{"id":90126,"date":"2024-07-26T16:20:29","date_gmt":"2024-07-26T16:20:29","guid":{"rendered":"https:\/\/new.aavesa.com\/produs\/termeszetes-szorme-270-mv\/"},"modified":"2025-11-15T21:55:46","modified_gmt":"2025-11-15T21:55:46","slug":"termeszetes-szorme-270-mv","status":"publish","type":"product","link":"https:\/\/aavesa.com\/hu\/product\/termeszetes-szorme-270-mv\/","title":{"rendered":"Term\u00e9szetes sz\u0151rme 270 MV"},"content":{"rendered":"<p>N\u0151i sz\u0151rmebunda, amely term\u00e9szetes b\u00e1r\u00e1nybunda \u00e9s sarki r\u00f3ka sz\u0151rme kever\u00e9k\u00e9b\u0151l k\u00e9sz\u00fclt. A darab k\u00fclseje a legjobb min\u0151s\u00e9g\u0171 mouton b\u00e1r\u00e1ny- \u00e9s sarki r\u00f3ka sz\u0151rme kever\u00e9k\u00e9b\u0151l k\u00e9sz\u00fclt. A term\u00e9szetes sz\u0151rmebunda belseje poli\u00e9szter anyaggal van b\u00e9lelve, hogy a hideg \u00e9vszakban a legjobb k\u00e9nyelmet biztos\u00edtsa. A kab\u00e1t k\u00e9t zsebbel rendelkezik, hangs\u00falyozva az egyedi, n\u0151ies kialak\u00edt\u00e1st. A sz\u0151rmebunda z\u00e1r\u00e1s\u00e1t h\u00e1rom kapcsos gomb biztos\u00edtja, k\u00f6nnyen haszn\u00e1lhat\u00f3. Az egyedi mandzsettakialak\u00edt\u00e1s karaktert k\u00f6lcs\u00f6n\u00f6z, \u00e9s kiemeli visel\u0151j\u00e9nek szem\u00e9lyis\u00e9g\u00e9t.     <\/p>\n","protected":false},"excerpt":{"rendered":"<p>N\u0151i sz\u0151rmebunda, amely term\u00e9szetes b\u00e1r\u00e1nybunda \u00e9s sarki r\u00f3ka sz\u0151rme kever\u00e9k\u00e9b\u0151l k\u00e9sz\u00fclt. A darab k\u00fclseje a legjobb min\u0151s\u00e9g\u0171 mouton b\u00e1r\u00e1ny- \u00e9s sarki r\u00f3ka sz\u0151rme kever\u00e9k\u00e9b\u0151l k\u00e9sz\u00fclt. A term\u00e9szetes sz\u0151rmebunda belseje poli\u00e9szter anyaggal van b\u00e9lelve, hogy a hideg \u00e9vszakban a legjobb k\u00e9nyelmet biztos\u00edtsa. A kab\u00e1t k\u00e9t zsebbel rendelkezik, hangs\u00falyozva az egyedi, n\u0151ies kialak\u00edt\u00e1st. A sz\u0151rmebunda z\u00e1r\u00e1s\u00e1t h\u00e1rom [&hellip;]<\/p>\n","protected":false},"featured_media":90128,"comment_status":"open","ping_status":"closed","template":"","meta":{"_acf_changed":false,"om_disable_all_campaigns":false,"inline_featured_image":false,"_monsterinsights_skip_tracking":false,"_monsterinsights_sitenote_active":false,"_monsterinsights_sitenote_note":"","_monsterinsights_sitenote_category":0},"product_brand":[],"product_cat":[784,766,779,741,765],"product_tag":[],"class_list":{"0":"post-90126","1":"product","2":"type-product","3":"status-publish","4":"has-post-thumbnail","6":"product_cat-baranybor","7":"product_cat-bundas-kabatok-es-bundas-dzsekik-noknek","8":"product_cat-noi-shearling-kabatok","9":"product_cat-nok","10":"product_cat-roka-szorme","12":"first","13":"outofstock","14":"taxable","15":"shipping-taxable","16":"product-type-variable","17":"has-default-attributes","18":"wvs-archive-product-wrapper"},"acf":{"categorie_feed":""},"aioseo_notices":[],"_links":{"self":[{"href":"https:\/\/aavesa.com\/hu\/wp-json\/wp\/v2\/product\/90126","targetHints":{"allow":["GET"]}}],"collection":[{"href":"https:\/\/aavesa.com\/hu\/wp-json\/wp\/v2\/product"}],"about":[{"href":"https:\/\/aavesa.com\/hu\/wp-json\/wp\/v2\/types\/product"}],"replies":[{"embeddable":true,"href":"https:\/\/aavesa.com\/hu\/wp-json\/wp\/v2\/comments?post=90126"}],"wp:featuredmedia":[{"embeddable":true,"href":"https:\/\/aavesa.com\/hu\/wp-json\/wp\/v2\/media\/90128"}],"wp:attachment":[{"href":"https:\/\/aavesa.com\/hu\/wp-json\/wp\/v2\/media?parent=90126"}],"wp:term":[{"taxonomy":"product_brand","embeddable":true,"href":"https:\/\/aavesa.com\/hu\/wp-json\/wp\/v2\/product_brand?post=90126"},{"taxonomy":"product_cat","embeddable":true,"href":"https:\/\/aavesa.com\/hu\/wp-json\/wp\/v2\/product_cat?post=90126"},{"taxonomy":"product_tag","embeddable":true,"href":"https:\/\/aavesa.com\/hu\/wp-json\/wp\/v2\/product_tag?post=90126"}],"curies":[{"name":"wp","href":"https:\/\/api.w.org\/{rel}","templated":true}]}}