

{"id":90141,"date":"2024-07-26T16:20:29","date_gmt":"2024-07-26T16:20:29","guid":{"rendered":"https:\/\/new.aavesa.com\/produs\/termeszetes-szorme-caplet-615\/"},"modified":"2025-11-17T06:23:05","modified_gmt":"2025-11-17T06:23:05","slug":"termeszetes-szorme-caplet-615","status":"publish","type":"product","link":"https:\/\/aavesa.com\/hu\/product\/termeszetes-szorme-caplet-615\/","title":{"rendered":"Term\u00e9szetes sz\u0151rme caplet 615"},"content":{"rendered":"<p>N\u0151i sz\u0151rme gall\u00e9r, mely nerc \u00e9s sarki r\u00f3ka sz\u0151rme kever\u00e9k\u00e9b\u0151l k\u00e9sz\u00fclt. Kir\u00e1lyn\u0151nek fogod \u00e9rezni magad, mik\u00f6zben ezt a term\u00e9szetes sz\u0151rme gall\u00e9rt viseled. K\u00fclseje nercbunda darabok kever\u00e9k\u00e9b\u0151l k\u00e9sz\u00fclt, valamint sarki r\u00f3ka sz\u0151rm\u00e9b\u0151l, gondosan \u00f6sszevarrva. Ez a darab kieg\u00e9sz\u00edtheti az \u00f6lt\u00f6z\u00e9k\u00e9t egy fontos esem\u00e9nyen, mivel egy exkluz\u00edv luxus ruhadarab. Belseje p\u00e1rn\u00e1zott az \u00d6n k\u00e9nyelme \u00e9rdek\u00e9ben. A k\u00f6peny z\u00e1r\u00e1s\u00e1t a &#8221;hook-and-eye&#8221; rendszer biztos\u00edtja.     <\/p>\n","protected":false},"excerpt":{"rendered":"<p>N\u0151i sz\u0151rme gall\u00e9r, mely nerc \u00e9s sarki r\u00f3ka sz\u0151rme kever\u00e9k\u00e9b\u0151l k\u00e9sz\u00fclt. Kir\u00e1lyn\u0151nek fogod \u00e9rezni magad, mik\u00f6zben ezt a term\u00e9szetes sz\u0151rme gall\u00e9rt viseled. K\u00fclseje nercbunda darabok kever\u00e9k\u00e9b\u0151l k\u00e9sz\u00fclt, valamint sarki r\u00f3ka sz\u0151rm\u00e9b\u0151l, gondosan \u00f6sszevarrva. Ez a darab kieg\u00e9sz\u00edtheti az \u00f6lt\u00f6z\u00e9k\u00e9t egy fontos esem\u00e9nyen, mivel egy exkluz\u00edv luxus ruhadarab. Belseje p\u00e1rn\u00e1zott az \u00d6n k\u00e9nyelme \u00e9rdek\u00e9ben. A k\u00f6peny [&hellip;]<\/p>\n","protected":false},"featured_media":90142,"comment_status":"open","ping_status":"closed","template":"","meta":{"_acf_changed":false,"om_disable_all_campaigns":false,"inline_featured_image":false,"_monsterinsights_skip_tracking":false,"_monsterinsights_sitenote_active":false,"_monsterinsights_sitenote_note":"","_monsterinsights_sitenote_category":0},"product_brand":[],"product_cat":[792,795,769,741,765],"product_tag":[],"class_list":{"0":"post-90141","1":"product","2":"type-product","3":"status-publish","4":"has-post-thumbnail","6":"product_cat-bundas-salak-es-bundas-kopenyek","7":"product_cat-kiegeszitok","8":"product_cat-nerc-szorme","9":"product_cat-nok","10":"product_cat-roka-szorme","12":"first","13":"instock","14":"taxable","15":"shipping-taxable","16":"purchasable","17":"product-type-variable","18":"has-default-attributes","19":"wvs-archive-product-wrapper"},"acf":{"categorie_feed":""},"aioseo_notices":[],"_links":{"self":[{"href":"https:\/\/aavesa.com\/hu\/wp-json\/wp\/v2\/product\/90141","targetHints":{"allow":["GET"]}}],"collection":[{"href":"https:\/\/aavesa.com\/hu\/wp-json\/wp\/v2\/product"}],"about":[{"href":"https:\/\/aavesa.com\/hu\/wp-json\/wp\/v2\/types\/product"}],"replies":[{"embeddable":true,"href":"https:\/\/aavesa.com\/hu\/wp-json\/wp\/v2\/comments?post=90141"}],"wp:featuredmedia":[{"embeddable":true,"href":"https:\/\/aavesa.com\/hu\/wp-json\/wp\/v2\/media\/90142"}],"wp:attachment":[{"href":"https:\/\/aavesa.com\/hu\/wp-json\/wp\/v2\/media?parent=90141"}],"wp:term":[{"taxonomy":"product_brand","embeddable":true,"href":"https:\/\/aavesa.com\/hu\/wp-json\/wp\/v2\/product_brand?post=90141"},{"taxonomy":"product_cat","embeddable":true,"href":"https:\/\/aavesa.com\/hu\/wp-json\/wp\/v2\/product_cat?post=90141"},{"taxonomy":"product_tag","embeddable":true,"href":"https:\/\/aavesa.com\/hu\/wp-json\/wp\/v2\/product_tag?post=90141"}],"curies":[{"name":"wp","href":"https:\/\/api.w.org\/{rel}","templated":true}]}}