

{"id":90159,"date":"2024-07-26T16:20:37","date_gmt":"2024-07-26T16:20:37","guid":{"rendered":"https:\/\/new.aavesa.com\/produs\/termeszetes-szorme-taska-984\/"},"modified":"2025-11-17T06:23:07","modified_gmt":"2025-11-17T06:23:07","slug":"termeszetes-szorme-taska-984","status":"publish","type":"product","link":"https:\/\/aavesa.com\/hu\/product\/termeszetes-szorme-taska-984\/","title":{"rendered":"Term\u00e9szetes sz\u0151rme t\u00e1ska 984"},"content":{"rendered":"<p>Term\u00e9szetes b\u00e1r\u00e1nysz\u0151rme t\u00e1ska, n\u0151knek. Ez a sz\u0151rm\u00e9s t\u00e1ska k\u00edv\u00fclr\u0151l term\u00e9szetes b\u00e1r\u00e1nysz\u0151rm\u00e9b\u0151l k\u00e9sz\u00fclt, k\u00fcl\u00f6nb\u00f6z\u0151 sz\u00edn\u0171 cs\u00edkokban, az egyedibb diz\u00e1jn \u00e9rdek\u00e9ben. Belseje poli\u00e9szter anyaggal van b\u00e9lelve. Legyen trendi ezzel a term\u00e9szetes sz\u0151rm\u00e9s t\u00e1sk\u00e1val, modern diz\u00e1jnnal \u00e9s csod\u00e1latos sz\u00ednkever\u00e9kkel. Ez a t\u00e1ska k\u00e9t foganty\u00faval rendelkezik. M\u00e9retek (magass\u00e1g x hossz\u00fas\u00e1g) 38 (50) x 35 cm     <\/p>\n","protected":false},"excerpt":{"rendered":"<p>Term\u00e9szetes b\u00e1r\u00e1nysz\u0151rme t\u00e1ska, n\u0151knek. Ez a sz\u0151rm\u00e9s t\u00e1ska k\u00edv\u00fclr\u0151l term\u00e9szetes b\u00e1r\u00e1nysz\u0151rm\u00e9b\u0151l k\u00e9sz\u00fclt, k\u00fcl\u00f6nb\u00f6z\u0151 sz\u00edn\u0171 cs\u00edkokban, az egyedibb diz\u00e1jn \u00e9rdek\u00e9ben. Belseje poli\u00e9szter anyaggal van b\u00e9lelve. Legyen trendi ezzel a term\u00e9szetes sz\u0151rm\u00e9s t\u00e1sk\u00e1val, modern diz\u00e1jnnal \u00e9s csod\u00e1latos sz\u00ednkever\u00e9kkel. Ez a t\u00e1ska k\u00e9t foganty\u00faval rendelkezik. M\u00e9retek (magass\u00e1g x hossz\u00fas\u00e1g) 38 (50) x 35 cm<\/p>\n","protected":false},"featured_media":90161,"comment_status":"open","ping_status":"closed","template":"","meta":{"_acf_changed":false,"om_disable_all_campaigns":false,"inline_featured_image":false,"_monsterinsights_skip_tracking":false,"_monsterinsights_sitenote_active":false,"_monsterinsights_sitenote_note":"","_monsterinsights_sitenote_category":0},"product_brand":[],"product_cat":[784,795,741,807],"product_tag":[],"class_list":{"0":"post-90159","1":"product","2":"type-product","3":"status-publish","4":"has-post-thumbnail","6":"product_cat-baranybor","7":"product_cat-kiegeszitok","8":"product_cat-nok","9":"product_cat-szorme-kiegeszitok","11":"first","12":"outofstock","13":"taxable","14":"shipping-taxable","15":"product-type-variable","16":"has-default-attributes","17":"wvs-archive-product-wrapper"},"acf":{"categorie_feed":""},"aioseo_notices":[],"_links":{"self":[{"href":"https:\/\/aavesa.com\/hu\/wp-json\/wp\/v2\/product\/90159","targetHints":{"allow":["GET"]}}],"collection":[{"href":"https:\/\/aavesa.com\/hu\/wp-json\/wp\/v2\/product"}],"about":[{"href":"https:\/\/aavesa.com\/hu\/wp-json\/wp\/v2\/types\/product"}],"replies":[{"embeddable":true,"href":"https:\/\/aavesa.com\/hu\/wp-json\/wp\/v2\/comments?post=90159"}],"wp:featuredmedia":[{"embeddable":true,"href":"https:\/\/aavesa.com\/hu\/wp-json\/wp\/v2\/media\/90161"}],"wp:attachment":[{"href":"https:\/\/aavesa.com\/hu\/wp-json\/wp\/v2\/media?parent=90159"}],"wp:term":[{"taxonomy":"product_brand","embeddable":true,"href":"https:\/\/aavesa.com\/hu\/wp-json\/wp\/v2\/product_brand?post=90159"},{"taxonomy":"product_cat","embeddable":true,"href":"https:\/\/aavesa.com\/hu\/wp-json\/wp\/v2\/product_cat?post=90159"},{"taxonomy":"product_tag","embeddable":true,"href":"https:\/\/aavesa.com\/hu\/wp-json\/wp\/v2\/product_tag?post=90159"}],"curies":[{"name":"wp","href":"https:\/\/api.w.org\/{rel}","templated":true}]}}