

{"id":90166,"date":"2024-07-26T16:20:37","date_gmt":"2024-07-26T16:20:37","guid":{"rendered":"https:\/\/new.aavesa.com\/produs\/megfordithato-nyirokabat-265-m\/"},"modified":"2025-11-17T06:23:05","modified_gmt":"2025-11-17T06:23:05","slug":"megfordithato-nyirokabat-265-m","status":"publish","type":"product","link":"https:\/\/aavesa.com\/hu\/product\/megfordithato-nyirokabat-265-m\/","title":{"rendered":"Megford\u00edthat\u00f3 ny\u00edr\u00f3kab\u00e1t 265 M"},"content":{"rendered":"<p>Ez a megford\u00edthat\u00f3 bunda k\u00e9tf\u00e9le b\u00e1r\u00e1nysz\u0151rm\u00e9b\u0151l k\u00e9sz\u00fclt. A k\u00fcls\u0151 r\u00e9sz Mouton sz\u0151rm\u00e9b\u0151l k\u00e9sz\u00fclt, amely egy k\u00fcl\u00f6nleges sz\u0151rmefajta, amely nagyon puha tapint\u00e1s\u00fa. A m\u00e1sik oldal Nappa b\u00e1r\u00e1nyb\u0151rb\u0151l k\u00e9sz\u00fclt, amely nedvess\u00e9g- \u00e9s sz\u00e9l\u00e1ll\u00f3. A der\u00e9ksz\u00edjjal egyszer\u0171en lez\u00e1rhat\u00f3 a sz\u0151rmebunda, \u00e9s az egyenes vonal\u00fa, minimalista kialak\u00edt\u00e1s teszi ezt a kab\u00e1tot sokoldal\u00fa, leny\u0171g\u00f6z\u0151 megjelen\u00e9s\u0171 ruhadarabb\u00e1. Emellett a bunda n\u00e9gy f\u00e9m nyom\u00f3gombbal rendelkezik, amelyek jobb v\u00e9delmet biztos\u00edthatnak a hideg napokon.    <\/p>\n","protected":false},"excerpt":{"rendered":"<p>Ez a megford\u00edthat\u00f3 bunda k\u00e9tf\u00e9le b\u00e1r\u00e1nysz\u0151rm\u00e9b\u0151l k\u00e9sz\u00fclt. A k\u00fcls\u0151 r\u00e9sz Mouton sz\u0151rm\u00e9b\u0151l k\u00e9sz\u00fclt, amely egy k\u00fcl\u00f6nleges sz\u0151rmefajta, amely nagyon puha tapint\u00e1s\u00fa. A m\u00e1sik oldal Nappa b\u00e1r\u00e1nyb\u0151rb\u0151l k\u00e9sz\u00fclt, amely nedvess\u00e9g- \u00e9s sz\u00e9l\u00e1ll\u00f3. A der\u00e9ksz\u00edjjal egyszer\u0171en lez\u00e1rhat\u00f3 a sz\u0151rmebunda, \u00e9s az egyenes vonal\u00fa, minimalista kialak\u00edt\u00e1s teszi ezt a kab\u00e1tot sokoldal\u00fa, leny\u0171g\u00f6z\u0151 megjelen\u00e9s\u0171 ruhadarabb\u00e1. Emellett a bunda n\u00e9gy [&hellip;]<\/p>\n","protected":false},"featured_media":90171,"comment_status":"open","ping_status":"closed","template":"","meta":{"_acf_changed":false,"om_disable_all_campaigns":false,"inline_featured_image":false,"_monsterinsights_skip_tracking":false,"_monsterinsights_sitenote_active":false,"_monsterinsights_sitenote_note":"","_monsterinsights_sitenote_category":0},"product_brand":[],"product_cat":[784,779,741],"product_tag":[],"class_list":{"0":"post-90166","1":"product","2":"type-product","3":"status-publish","4":"has-post-thumbnail","6":"product_cat-baranybor","7":"product_cat-noi-shearling-kabatok","8":"product_cat-nok","10":"first","11":"outofstock","12":"taxable","13":"shipping-taxable","14":"product-type-variable","15":"has-default-attributes","16":"wvs-archive-product-wrapper"},"acf":{"categorie_feed":""},"aioseo_notices":[],"_links":{"self":[{"href":"https:\/\/aavesa.com\/hu\/wp-json\/wp\/v2\/product\/90166","targetHints":{"allow":["GET"]}}],"collection":[{"href":"https:\/\/aavesa.com\/hu\/wp-json\/wp\/v2\/product"}],"about":[{"href":"https:\/\/aavesa.com\/hu\/wp-json\/wp\/v2\/types\/product"}],"replies":[{"embeddable":true,"href":"https:\/\/aavesa.com\/hu\/wp-json\/wp\/v2\/comments?post=90166"}],"wp:featuredmedia":[{"embeddable":true,"href":"https:\/\/aavesa.com\/hu\/wp-json\/wp\/v2\/media\/90171"}],"wp:attachment":[{"href":"https:\/\/aavesa.com\/hu\/wp-json\/wp\/v2\/media?parent=90166"}],"wp:term":[{"taxonomy":"product_brand","embeddable":true,"href":"https:\/\/aavesa.com\/hu\/wp-json\/wp\/v2\/product_brand?post=90166"},{"taxonomy":"product_cat","embeddable":true,"href":"https:\/\/aavesa.com\/hu\/wp-json\/wp\/v2\/product_cat?post=90166"},{"taxonomy":"product_tag","embeddable":true,"href":"https:\/\/aavesa.com\/hu\/wp-json\/wp\/v2\/product_tag?post=90166"}],"curies":[{"name":"wp","href":"https:\/\/api.w.org\/{rel}","templated":true}]}}