

{"id":90182,"date":"2024-07-26T16:20:37","date_gmt":"2024-07-26T16:20:37","guid":{"rendered":"https:\/\/new.aavesa.com\/produs\/shearling-kabat-268\/"},"modified":"2026-04-13T09:17:27","modified_gmt":"2026-04-13T11:17:27","slug":"shearling-kabat-268","status":"publish","type":"product","link":"https:\/\/aavesa.com\/hu\/product\/shearling-kabat-268\/","title":{"rendered":"Shearling kab\u00e1t 268"},"content":{"rendered":"<p>Ez a <a href=\"https:\/\/aavesa.com\/hu\/nok\/noi-shearling-kabatok\/\">n\u0151i merin\u00f3 shearling kab\u00e1t<\/a> st\u00edlusos \u00e9s alkalmas a hideg napokra. Az el\u00fcls\u0151 \u00e9s h\u00e1ts\u00f3 r\u00e9szek szeg\u00e9lyezett b\u00e1r\u00e1nysz\u0151rm\u00e9b\u0151l, a kab\u00e1t ujjai \u00e9s oldals\u00f3 r\u00e9szei pedig nappa b\u00e1r\u00e1nyb\u0151rb\u0151l k\u00e9sz\u00fcltek. Ezt a b\u00e1r\u00e1nyb\u0151r kab\u00e1tot k\u00f6zepes hossz\u00fas\u00e1g\u00fara tervezt\u00fck, \u00e9s nyom\u00f3gombokkal d\u00edsz\u00edtett\u00fck. A kezeket a k\u00e9t zseb v\u00e9di a hidegt\u0151l. Ez a birkabunda modern szab\u00e1ssal rendelkezik, amely kiemeli a sziluettet. A kab\u00e1t k\u00f6zepes hossza biztos\u00edtja a meleget \u00e9s a k\u00e9nyelmet.     <\/p>\n","protected":false},"excerpt":{"rendered":"<p>Ez a n\u0151i merin\u00f3 shearling kab\u00e1t st\u00edlusos \u00e9s alkalmas a hideg napokra. Az el\u00fcls\u0151 \u00e9s h\u00e1ts\u00f3 r\u00e9szek szeg\u00e9lyezett b\u00e1r\u00e1nysz\u0151rm\u00e9b\u0151l, a kab\u00e1t ujjai \u00e9s oldals\u00f3 r\u00e9szei pedig nappa b\u00e1r\u00e1nyb\u0151rb\u0151l k\u00e9sz\u00fcltek. Ezt a b\u00e1r\u00e1nyb\u0151r kab\u00e1tot k\u00f6zepes hossz\u00fas\u00e1g\u00fara tervezt\u00fck, \u00e9s nyom\u00f3gombokkal d\u00edsz\u00edtett\u00fck. A kezeket a k\u00e9t zseb v\u00e9di a hidegt\u0151l. Ez a birkabunda modern szab\u00e1ssal rendelkezik, amely kiemeli [&hellip;]<\/p>\n","protected":false},"featured_media":90183,"comment_status":"open","ping_status":"closed","template":"","meta":{"_acf_changed":false,"om_disable_all_campaigns":false,"inline_featured_image":false,"_monsterinsights_skip_tracking":false,"_monsterinsights_sitenote_active":false,"_monsterinsights_sitenote_note":"","_monsterinsights_sitenote_category":0},"product_brand":[],"product_cat":[784,778,779,741],"product_tag":[],"class_list":{"0":"post-90182","1":"product","2":"type-product","3":"status-publish","4":"has-post-thumbnail","6":"product_cat-baranybor","7":"product_cat-baranybor-kabatok-hu","8":"product_cat-noi-shearling-kabatok","9":"product_cat-nok","11":"first","12":"instock","13":"taxable","14":"shipping-taxable","15":"purchasable","16":"product-type-variable","17":"has-default-attributes","18":"wvs-archive-product-wrapper"},"acf":{"categorie_feed":""},"aioseo_notices":[],"_links":{"self":[{"href":"https:\/\/aavesa.com\/hu\/wp-json\/wp\/v2\/product\/90182","targetHints":{"allow":["GET"]}}],"collection":[{"href":"https:\/\/aavesa.com\/hu\/wp-json\/wp\/v2\/product"}],"about":[{"href":"https:\/\/aavesa.com\/hu\/wp-json\/wp\/v2\/types\/product"}],"replies":[{"embeddable":true,"href":"https:\/\/aavesa.com\/hu\/wp-json\/wp\/v2\/comments?post=90182"}],"wp:featuredmedia":[{"embeddable":true,"href":"https:\/\/aavesa.com\/hu\/wp-json\/wp\/v2\/media\/90183"}],"wp:attachment":[{"href":"https:\/\/aavesa.com\/hu\/wp-json\/wp\/v2\/media?parent=90182"}],"wp:term":[{"taxonomy":"product_brand","embeddable":true,"href":"https:\/\/aavesa.com\/hu\/wp-json\/wp\/v2\/product_brand?post=90182"},{"taxonomy":"product_cat","embeddable":true,"href":"https:\/\/aavesa.com\/hu\/wp-json\/wp\/v2\/product_cat?post=90182"},{"taxonomy":"product_tag","embeddable":true,"href":"https:\/\/aavesa.com\/hu\/wp-json\/wp\/v2\/product_tag?post=90182"}],"curies":[{"name":"wp","href":"https:\/\/api.w.org\/{rel}","templated":true}]}}