

{"id":90213,"date":"2024-07-26T16:20:45","date_gmt":"2024-07-26T16:20:45","guid":{"rendered":"https:\/\/new.aavesa.com\/produs\/termeszetes-szorme-271\/"},"modified":"2025-11-17T06:22:58","modified_gmt":"2025-11-17T06:22:58","slug":"termeszetes-szorme-271","status":"publish","type":"product","link":"https:\/\/aavesa.com\/hu\/product\/termeszetes-szorme-271\/","title":{"rendered":"Term\u00e9szetes sz\u0151rme 271"},"content":{"rendered":"<p>Ez a n\u0151i bunda bel\u00fclr\u0151l merin\u00f3i b\u00e1r\u00e1nysz\u0151rm\u00e9b\u0151l k\u00e9sz\u00fclt, 8 mm vastags\u00e1g\u00fara ny\u00edrva, k\u00edv\u00fclr\u0151l pedig vel\u00farb\u0151rb\u0151l. Ennek a luxus bund\u00e1nak a gall\u00e9rja \u00e9s a mandzsett\u00e1i toszk\u00e1n b\u00e1r\u00e1nysz\u0151rm\u00e9b\u0151l k\u00e9sz\u00fcltek. Minden egyes r\u00e9szletre odafigyelt\u00fcnk, \u00e9s az eredm\u00e9ny egy modern \u00e9s \u00f6tletes szab\u00e1s\u00fa sz\u0151rmebunda, amelynek k\u00e9tf\u00e9le z\u00e1r\u00e1sa van &#8211; egy gombbal k\u00f6z\u00e9pen vagy k\u00e9t gombbal az oldal\u00e1n. St\u00edlusos \u00e9s nagyon meleg, ez a n\u0151i sz\u0151rmebunda k\u00fcl\u00f6nleges szab\u00e1sa r\u00e9v\u00e9n felt\u0171n\u0151 lesz. Ez a darab k\u00e9t oldals\u00f3 zsebbel rendelkezik.    <\/p>\n","protected":false},"excerpt":{"rendered":"<p>Ez a n\u0151i bunda bel\u00fclr\u0151l merin\u00f3i b\u00e1r\u00e1nysz\u0151rm\u00e9b\u0151l k\u00e9sz\u00fclt, 8 mm vastags\u00e1g\u00fara ny\u00edrva, k\u00edv\u00fclr\u0151l pedig vel\u00farb\u0151rb\u0151l. Ennek a luxus bund\u00e1nak a gall\u00e9rja \u00e9s a mandzsett\u00e1i toszk\u00e1n b\u00e1r\u00e1nysz\u0151rm\u00e9b\u0151l k\u00e9sz\u00fcltek. Minden egyes r\u00e9szletre odafigyelt\u00fcnk, \u00e9s az eredm\u00e9ny egy modern \u00e9s \u00f6tletes szab\u00e1s\u00fa sz\u0151rmebunda, amelynek k\u00e9tf\u00e9le z\u00e1r\u00e1sa van &#8211; egy gombbal k\u00f6z\u00e9pen vagy k\u00e9t gombbal az oldal\u00e1n. St\u00edlusos \u00e9s [&hellip;]<\/p>\n","protected":false},"featured_media":90217,"comment_status":"open","ping_status":"closed","template":"","meta":{"_acf_changed":false,"om_disable_all_campaigns":false,"inline_featured_image":false,"_monsterinsights_skip_tracking":false,"_monsterinsights_sitenote_active":false,"_monsterinsights_sitenote_note":"","_monsterinsights_sitenote_category":0},"product_brand":[],"product_cat":[784,779,741],"product_tag":[],"class_list":{"0":"post-90213","1":"product","2":"type-product","3":"status-publish","4":"has-post-thumbnail","6":"product_cat-baranybor","7":"product_cat-noi-shearling-kabatok","8":"product_cat-nok","10":"first","11":"outofstock","12":"taxable","13":"shipping-taxable","14":"product-type-variable","15":"has-default-attributes","16":"wvs-archive-product-wrapper"},"acf":{"categorie_feed":""},"aioseo_notices":[],"_links":{"self":[{"href":"https:\/\/aavesa.com\/hu\/wp-json\/wp\/v2\/product\/90213","targetHints":{"allow":["GET"]}}],"collection":[{"href":"https:\/\/aavesa.com\/hu\/wp-json\/wp\/v2\/product"}],"about":[{"href":"https:\/\/aavesa.com\/hu\/wp-json\/wp\/v2\/types\/product"}],"replies":[{"embeddable":true,"href":"https:\/\/aavesa.com\/hu\/wp-json\/wp\/v2\/comments?post=90213"}],"wp:featuredmedia":[{"embeddable":true,"href":"https:\/\/aavesa.com\/hu\/wp-json\/wp\/v2\/media\/90217"}],"wp:attachment":[{"href":"https:\/\/aavesa.com\/hu\/wp-json\/wp\/v2\/media?parent=90213"}],"wp:term":[{"taxonomy":"product_brand","embeddable":true,"href":"https:\/\/aavesa.com\/hu\/wp-json\/wp\/v2\/product_brand?post=90213"},{"taxonomy":"product_cat","embeddable":true,"href":"https:\/\/aavesa.com\/hu\/wp-json\/wp\/v2\/product_cat?post=90213"},{"taxonomy":"product_tag","embeddable":true,"href":"https:\/\/aavesa.com\/hu\/wp-json\/wp\/v2\/product_tag?post=90213"}],"curies":[{"name":"wp","href":"https:\/\/api.w.org\/{rel}","templated":true}]}}