

{"id":90218,"date":"2024-07-26T16:20:45","date_gmt":"2024-07-26T16:20:45","guid":{"rendered":"https:\/\/new.aavesa.com\/produs\/noi-szorme-melleny-458\/"},"modified":"2025-11-17T06:22:56","modified_gmt":"2025-11-17T06:22:56","slug":"noi-szorme-melleny-458","status":"publish","type":"product","link":"https:\/\/aavesa.com\/hu\/product\/noi-szorme-melleny-458\/","title":{"rendered":"N\u0151i sz\u0151rme mell\u00e9ny 458"},"content":{"rendered":"<p>Az A&amp;A Vesa egy term\u00e9szetes n\u0151i sz\u0151rmemell\u00e9nyt mutat be, amely sarki r\u00f3ka \u00e9s mos\u00f3medve sz\u0151rm\u00e9b\u0151l k\u00e9sz\u00fclt. Ez a <a rel=\"nofollow\" href=\"https:\/\/aavesa.com\/hu\/nok\/shearling-mellenyek-es-bundas-mellenyek-noknek\/\">n\u0151i sz\u0151rmemell\u00e9ny<\/a> nem hi\u00e1nyozhat a ruhat\u00e1radb\u00f3l. Egyedi kialak\u00edt\u00e1ssal rendelkezik, \u00e9s a min\u0151s\u00e9ge egyszer\u0171en rendk\u00edv\u00fcli. K\u00e9ts\u00e9gtelen, hogy ez a sz\u0151rmemell\u00e9ny minden n\u0151 szekr\u00e9ny\u00e9ben az ellen\u00e1ll\u00e1s darabja. \u00dagy k\u00e9sz\u00fclt, hogy minden alkalommal b\u00f3koljon \u00d6nnek, \u00e9s minden alkalommal k\u00fcl\u00f6nlegesnek \u00e9rezze mag\u00e1t. K\u00fclseje term\u00e9szetes mos\u00f3medve sz\u0151rme, term\u00e9szetes sarki r\u00f3ka sz\u0151rme \u00e9s b\u00e1r\u00e1nyb\u0151r t\u00f6k\u00e9letes kever\u00e9k\u00e9b\u0151l k\u00e9sz\u00fclt. A sz\u00ednek teszik k\u00fcl\u00f6nlegess\u00e9 ezt a sz\u0151rmemell\u00e9nyt. Hossz\u00fas\u00e1ga hossz\u00fa, \u00edgy a hideg id\u0151j\u00e1r\u00e1shoz sz\u00fcks\u00e9ges v\u00e9delmet ny\u00fajt. Ennek a sz\u0151rmemell\u00e9nynek a belseje p\u00e1rn\u00e1zott, a z\u00e1r\u00e1st pedig klipszek biztos\u00edtj\u00e1k.        <\/p>\n","protected":false},"excerpt":{"rendered":"<p>Az A&amp;A Vesa egy term\u00e9szetes n\u0151i sz\u0151rmemell\u00e9nyt mutat be, amely sarki r\u00f3ka \u00e9s mos\u00f3medve sz\u0151rm\u00e9b\u0151l k\u00e9sz\u00fclt. Ez a n\u0151i sz\u0151rmemell\u00e9ny nem hi\u00e1nyozhat a ruhat\u00e1radb\u00f3l. Egyedi kialak\u00edt\u00e1ssal rendelkezik, \u00e9s a min\u0151s\u00e9ge egyszer\u0171en rendk\u00edv\u00fcli. K\u00e9ts\u00e9gtelen, hogy ez a sz\u0151rmemell\u00e9ny minden n\u0151 szekr\u00e9ny\u00e9ben az ellen\u00e1ll\u00e1s darabja. \u00dagy k\u00e9sz\u00fclt, hogy minden alkalommal b\u00f3koljon \u00d6nnek, \u00e9s minden alkalommal k\u00fcl\u00f6nlegesnek \u00e9rezze [&hellip;]<\/p>\n","protected":false},"featured_media":90219,"comment_status":"open","ping_status":"closed","template":"","meta":{"_acf_changed":false,"om_disable_all_campaigns":false,"inline_featured_image":false,"_monsterinsights_skip_tracking":false,"_monsterinsights_sitenote_active":false,"_monsterinsights_sitenote_note":"","_monsterinsights_sitenote_category":0},"product_brand":[],"product_cat":[741,765,793],"product_tag":[],"class_list":{"0":"post-90218","1":"product","2":"type-product","3":"status-publish","4":"has-post-thumbnail","6":"product_cat-nok","7":"product_cat-roka-szorme","8":"product_cat-shearling-mellenyek-es-bundas-mellenyek-noknek","10":"first","11":"instock","12":"taxable","13":"shipping-taxable","14":"purchasable","15":"product-type-variable","16":"has-default-attributes","17":"wvs-archive-product-wrapper"},"acf":{"categorie_feed":""},"aioseo_notices":[],"_links":{"self":[{"href":"https:\/\/aavesa.com\/hu\/wp-json\/wp\/v2\/product\/90218","targetHints":{"allow":["GET"]}}],"collection":[{"href":"https:\/\/aavesa.com\/hu\/wp-json\/wp\/v2\/product"}],"about":[{"href":"https:\/\/aavesa.com\/hu\/wp-json\/wp\/v2\/types\/product"}],"replies":[{"embeddable":true,"href":"https:\/\/aavesa.com\/hu\/wp-json\/wp\/v2\/comments?post=90218"}],"wp:featuredmedia":[{"embeddable":true,"href":"https:\/\/aavesa.com\/hu\/wp-json\/wp\/v2\/media\/90219"}],"wp:attachment":[{"href":"https:\/\/aavesa.com\/hu\/wp-json\/wp\/v2\/media?parent=90218"}],"wp:term":[{"taxonomy":"product_brand","embeddable":true,"href":"https:\/\/aavesa.com\/hu\/wp-json\/wp\/v2\/product_brand?post=90218"},{"taxonomy":"product_cat","embeddable":true,"href":"https:\/\/aavesa.com\/hu\/wp-json\/wp\/v2\/product_cat?post=90218"},{"taxonomy":"product_tag","embeddable":true,"href":"https:\/\/aavesa.com\/hu\/wp-json\/wp\/v2\/product_tag?post=90218"}],"curies":[{"name":"wp","href":"https:\/\/api.w.org\/{rel}","templated":true}]}}