

{"id":90223,"date":"2024-07-26T16:20:45","date_gmt":"2024-07-26T16:20:45","guid":{"rendered":"https:\/\/new.aavesa.com\/produs\/noi-borkabat-1010\/"},"modified":"2025-11-17T06:22:55","modified_gmt":"2025-11-17T06:22:55","slug":"noi-borkabat-1010","status":"publish","type":"product","link":"https:\/\/aavesa.com\/hu\/product\/noi-borkabat-1010\/","title":{"rendered":"N\u0151i b\u0151rkab\u00e1t 1010"},"content":{"rendered":"<p>A <a href=\"https:\/\/aavesa.com\/hu\/nok\/borkabatok-noknek\/\">der\u00e9kig \u00e9r\u0151 b\u0151rdzseki<\/a> a ruhat\u00e1rad n\u00e9lk\u00fcl\u00f6zhetetlen ruhadarabja, amely k\u00e9nyelmes, praktikus \u00e9s st\u00edlusos. A n\u0151i b\u0151rdzseki belseje poli\u00e9szter anyaggal van b\u00e9lelve, \u00e9s cipz\u00e1rral \u00e9s k\u00e9t gombnyom\u00e1ssal z\u00e1rhat\u00f3, egy a gall\u00e9ron \u00e9s egy a cipz\u00e1r alj\u00e1n. Ez a kab\u00e1t h\u00e1rom zsebbel rendelkezik, amelyek cipz\u00e1rral z\u00e1r\u00f3dnak. Az olyan r\u00e9szletek, mint a nyom\u00f3gombok \u00e9s a magas gall\u00e9r, sportos megjelen\u00e9st k\u00f6lcs\u00f6n\u00f6znek ennek a kab\u00e1tnak, \u00e9s cmpletesebb\u00e9 teszik a st\u00edlust.  <\/p>\n","protected":false},"excerpt":{"rendered":"<p>A der\u00e9kig \u00e9r\u0151 b\u0151rdzseki a ruhat\u00e1rad n\u00e9lk\u00fcl\u00f6zhetetlen ruhadarabja, amely k\u00e9nyelmes, praktikus \u00e9s st\u00edlusos. A n\u0151i b\u0151rdzseki belseje poli\u00e9szter anyaggal van b\u00e9lelve, \u00e9s cipz\u00e1rral \u00e9s k\u00e9t gombnyom\u00e1ssal z\u00e1rhat\u00f3, egy a gall\u00e9ron \u00e9s egy a cipz\u00e1r alj\u00e1n. Ez a kab\u00e1t h\u00e1rom zsebbel rendelkezik, amelyek cipz\u00e1rral z\u00e1r\u00f3dnak. Az olyan r\u00e9szletek, mint a nyom\u00f3gombok \u00e9s a magas gall\u00e9r, sportos [&hellip;]<\/p>\n","protected":false},"featured_media":90224,"comment_status":"open","ping_status":"closed","template":"","meta":{"_acf_changed":false,"om_disable_all_campaigns":false,"inline_featured_image":false,"_monsterinsights_skip_tracking":false,"_monsterinsights_sitenote_active":false,"_monsterinsights_sitenote_note":"","_monsterinsights_sitenote_category":0},"product_brand":[],"product_cat":[821,767,741,916],"product_tag":[],"class_list":{"0":"post-90223","1":"product","2":"type-product","3":"status-publish","4":"has-post-thumbnail","6":"product_cat-bor-ruhak-noknek","7":"product_cat-borkabatok-noknek","8":"product_cat-nok","9":"product_cat-valodi-bor-termekek-tavaszra-es-oszre-kabatok-nadragok-kabatok-szoknyak-es-loveszkabatok-kabatok-nadragok-kabatok-szoknyak-es-loveszkabatok","11":"first","12":"instock","13":"taxable","14":"shipping-taxable","15":"purchasable","16":"product-type-variable","17":"has-default-attributes","18":"wvs-archive-product-wrapper"},"acf":{"categorie_feed":""},"aioseo_notices":[],"_links":{"self":[{"href":"https:\/\/aavesa.com\/hu\/wp-json\/wp\/v2\/product\/90223","targetHints":{"allow":["GET"]}}],"collection":[{"href":"https:\/\/aavesa.com\/hu\/wp-json\/wp\/v2\/product"}],"about":[{"href":"https:\/\/aavesa.com\/hu\/wp-json\/wp\/v2\/types\/product"}],"replies":[{"embeddable":true,"href":"https:\/\/aavesa.com\/hu\/wp-json\/wp\/v2\/comments?post=90223"}],"wp:featuredmedia":[{"embeddable":true,"href":"https:\/\/aavesa.com\/hu\/wp-json\/wp\/v2\/media\/90224"}],"wp:attachment":[{"href":"https:\/\/aavesa.com\/hu\/wp-json\/wp\/v2\/media?parent=90223"}],"wp:term":[{"taxonomy":"product_brand","embeddable":true,"href":"https:\/\/aavesa.com\/hu\/wp-json\/wp\/v2\/product_brand?post=90223"},{"taxonomy":"product_cat","embeddable":true,"href":"https:\/\/aavesa.com\/hu\/wp-json\/wp\/v2\/product_cat?post=90223"},{"taxonomy":"product_tag","embeddable":true,"href":"https:\/\/aavesa.com\/hu\/wp-json\/wp\/v2\/product_tag?post=90223"}],"curies":[{"name":"wp","href":"https:\/\/api.w.org\/{rel}","templated":true}]}}