

{"id":90244,"date":"2024-07-26T16:20:45","date_gmt":"2024-07-26T16:20:45","guid":{"rendered":"https:\/\/new.aavesa.com\/produs\/velur-baranybor-ferfi-kabat-345\/"},"modified":"2025-11-17T06:22:56","modified_gmt":"2025-11-17T06:22:56","slug":"velur-baranybor-ferfi-kabat-345","status":"publish","type":"product","link":"https:\/\/aavesa.com\/hu\/product\/velur-baranybor-ferfi-kabat-345\/","title":{"rendered":"Vel\u00far b\u00e1r\u00e1nyb\u0151r f\u00e9rfi kab\u00e1t 345"},"content":{"rendered":"<p>Ez a term\u00e9szetes f\u00e9rfi szarvasb\u0151r <a href=\"https:\/\/aavesa.com\/hu\/ferfiak\/shearling-kabatok-ferfiaknak-ferfiak\/\">bunda<\/a> merin\u00f3b\u00e1r\u00e1ny sz\u0151rm\u00e9b\u0151l k\u00e9sz\u00fclt. T\u00f6k\u00e9letes szarvasb\u0151r b\u00e1r\u00e1nyb\u0151r kab\u00e1t f\u00e9rfi modell a h\u0171v\u00f6s t\u00e9li napokra; hossz\u00e1nak k\u00f6sz\u00f6nhet\u0151en b\u00e1rmikor v\u00e9dve lesz az alacsony h\u0151m\u00e9rs\u00e9klett\u0151l. A b\u00e1r\u00e1nyb\u0151r kab\u00e1t modern szab\u00e1s\u00fa, t\u00f6k\u00e9letes a kort\u00e1rs f\u00e9rfiak sz\u00e1m\u00e1ra. Emellett ez a f\u00e9rfi sz\u0151rmekab\u00e1t n\u00e9gy sor dupla gombbal z\u00e1r\u00f3dik. Ez a luxus ruhadarab nagy oldals\u00f3 zsebekkel rendelkezik, amelyek minden \u00f6lt\u00f6z\u00e9k\u00e9t nagyszer\u0171en mutatnak majd, biztosan vonzz\u00e1k minden tekintetet. V\u00e1lassza ezt az alkalmi f\u00e9rfi kab\u00e1tot merin\u00f3 b\u00e1r\u00e1nyb\u0151rb\u0151l, hogy t\u00f6k\u00e9letes pillanatokat biztos\u00edtson a hideg \u00e9vszakban.     <\/p>\n","protected":false},"excerpt":{"rendered":"<p>Ez a term\u00e9szetes f\u00e9rfi szarvasb\u0151r bunda merin\u00f3b\u00e1r\u00e1ny sz\u0151rm\u00e9b\u0151l k\u00e9sz\u00fclt. T\u00f6k\u00e9letes szarvasb\u0151r b\u00e1r\u00e1nyb\u0151r kab\u00e1t f\u00e9rfi modell a h\u0171v\u00f6s t\u00e9li napokra; hossz\u00e1nak k\u00f6sz\u00f6nhet\u0151en b\u00e1rmikor v\u00e9dve lesz az alacsony h\u0151m\u00e9rs\u00e9klett\u0151l. A b\u00e1r\u00e1nyb\u0151r kab\u00e1t modern szab\u00e1s\u00fa, t\u00f6k\u00e9letes a kort\u00e1rs f\u00e9rfiak sz\u00e1m\u00e1ra. Emellett ez a f\u00e9rfi sz\u0151rmekab\u00e1t n\u00e9gy sor dupla gombbal z\u00e1r\u00f3dik. Ez a luxus ruhadarab nagy oldals\u00f3 zsebekkel rendelkezik, [&hellip;]<\/p>\n","protected":false},"featured_media":90245,"comment_status":"open","ping_status":"closed","template":"","meta":{"_acf_changed":false,"om_disable_all_campaigns":false,"inline_featured_image":false,"_monsterinsights_skip_tracking":false,"_monsterinsights_sitenote_active":false,"_monsterinsights_sitenote_note":"","_monsterinsights_sitenote_category":0},"product_brand":[],"product_cat":[784,778,725,777],"product_tag":[],"class_list":{"0":"post-90244","1":"product","2":"type-product","3":"status-publish","4":"has-post-thumbnail","6":"product_cat-baranybor","7":"product_cat-baranybor-kabatok-hu","8":"product_cat-ferfiak","9":"product_cat-shearling-kabatok-ferfiaknak-ferfiak","11":"first","12":"instock","13":"taxable","14":"shipping-taxable","15":"purchasable","16":"product-type-variable","17":"has-default-attributes","18":"wvs-archive-product-wrapper"},"acf":{"categorie_feed":""},"aioseo_notices":[],"_links":{"self":[{"href":"https:\/\/aavesa.com\/hu\/wp-json\/wp\/v2\/product\/90244","targetHints":{"allow":["GET"]}}],"collection":[{"href":"https:\/\/aavesa.com\/hu\/wp-json\/wp\/v2\/product"}],"about":[{"href":"https:\/\/aavesa.com\/hu\/wp-json\/wp\/v2\/types\/product"}],"replies":[{"embeddable":true,"href":"https:\/\/aavesa.com\/hu\/wp-json\/wp\/v2\/comments?post=90244"}],"wp:featuredmedia":[{"embeddable":true,"href":"https:\/\/aavesa.com\/hu\/wp-json\/wp\/v2\/media\/90245"}],"wp:attachment":[{"href":"https:\/\/aavesa.com\/hu\/wp-json\/wp\/v2\/media?parent=90244"}],"wp:term":[{"taxonomy":"product_brand","embeddable":true,"href":"https:\/\/aavesa.com\/hu\/wp-json\/wp\/v2\/product_brand?post=90244"},{"taxonomy":"product_cat","embeddable":true,"href":"https:\/\/aavesa.com\/hu\/wp-json\/wp\/v2\/product_cat?post=90244"},{"taxonomy":"product_tag","embeddable":true,"href":"https:\/\/aavesa.com\/hu\/wp-json\/wp\/v2\/product_tag?post=90244"}],"curies":[{"name":"wp","href":"https:\/\/api.w.org\/{rel}","templated":true}]}}