

{"id":90267,"date":"2024-07-26T16:20:46","date_gmt":"2024-07-26T16:20:46","guid":{"rendered":"https:\/\/new.aavesa.com\/produs\/termeszetes-szorme-sapka-532\/"},"modified":"2025-11-17T06:22:49","modified_gmt":"2025-11-17T06:22:49","slug":"termeszetes-szorme-sapka-532","status":"publish","type":"product","link":"https:\/\/aavesa.com\/hu\/product\/termeszetes-szorme-sapka-532\/","title":{"rendered":"Term\u00e9szetes sz\u0151rme sapka 532"},"content":{"rendered":"<p><a href=\"https:\/\/aavesa.com\/hu\/ferfiak\/shearling-kalapok-bundas-kalapok-ferfiaknak\/\">Term\u00e9szetes amerikai mos\u00f3medve sz\u0151rme \u00e9s b\u00e1r\u00e1nyb\u0151r kalap<\/a>, f\u00e9rfiaknak. A mos\u00f3medve sz\u0151rme hossz\u00fa sz\u0151r\u0171, gyakran finom tapint\u00e1s\u00fa sz\u0151rmefajta, term\u00e9szetes sz\u00ednei a barna, a b\u00e9zs \u00e9s a fekete kombin\u00e1ci\u00f3ja, selymes text\u00far\u00e1val. A mos\u00f3medvebunda nagyon tart\u00f3s. A term\u00e9szetes sz\u0151rm\u00e9s sapka k\u00fclseje nappa b\u00e1r\u00e1nyb\u0151rb\u0151l k\u00e9sz\u00fclt, ellen\u00e1ll a nedvess\u00e9gnek, bel\u00fcl pedig b\u00e9lelt. A sz\u0151rm\u00e9s sapka az \u00e1ll ter\u00fclet\u00e9n kapcsokkal z\u00e1r\u00f3dik. Ez a sapka kiv\u00e1l\u00f3 aj\u00e1nd\u00e9k lehet szeretteinek.     <\/p>\n","protected":false},"excerpt":{"rendered":"<p>Term\u00e9szetes amerikai mos\u00f3medve sz\u0151rme \u00e9s b\u00e1r\u00e1nyb\u0151r kalap, f\u00e9rfiaknak. A mos\u00f3medve sz\u0151rme hossz\u00fa sz\u0151r\u0171, gyakran finom tapint\u00e1s\u00fa sz\u0151rmefajta, term\u00e9szetes sz\u00ednei a barna, a b\u00e9zs \u00e9s a fekete kombin\u00e1ci\u00f3ja, selymes text\u00far\u00e1val. A mos\u00f3medvebunda nagyon tart\u00f3s. A term\u00e9szetes sz\u0151rm\u00e9s sapka k\u00fclseje nappa b\u00e1r\u00e1nyb\u0151rb\u0151l k\u00e9sz\u00fclt, ellen\u00e1ll a nedvess\u00e9gnek, bel\u00fcl pedig b\u00e9lelt. A sz\u0151rm\u00e9s sapka az \u00e1ll ter\u00fclet\u00e9n kapcsokkal z\u00e1r\u00f3dik. [&hellip;]<\/p>\n","protected":false},"featured_media":90268,"comment_status":"open","ping_status":"closed","template":"","meta":{"_acf_changed":false,"om_disable_all_campaigns":false,"inline_featured_image":false,"_monsterinsights_skip_tracking":false,"_monsterinsights_sitenote_active":false,"_monsterinsights_sitenote_note":"","_monsterinsights_sitenote_category":0},"product_brand":[],"product_cat":[725,736,737],"product_tag":[],"class_list":{"0":"post-90267","1":"product","2":"type-product","3":"status-publish","4":"has-post-thumbnail","6":"product_cat-ferfiak","7":"product_cat-shearling-kalapok-bundas-kalapok-ferfiaknak","8":"product_cat-teli-sapkak","10":"first","11":"instock","12":"taxable","13":"shipping-taxable","14":"purchasable","15":"product-type-variable","16":"has-default-attributes","17":"wvs-archive-product-wrapper"},"acf":{"categorie_feed":""},"aioseo_notices":[],"_links":{"self":[{"href":"https:\/\/aavesa.com\/hu\/wp-json\/wp\/v2\/product\/90267","targetHints":{"allow":["GET"]}}],"collection":[{"href":"https:\/\/aavesa.com\/hu\/wp-json\/wp\/v2\/product"}],"about":[{"href":"https:\/\/aavesa.com\/hu\/wp-json\/wp\/v2\/types\/product"}],"replies":[{"embeddable":true,"href":"https:\/\/aavesa.com\/hu\/wp-json\/wp\/v2\/comments?post=90267"}],"wp:featuredmedia":[{"embeddable":true,"href":"https:\/\/aavesa.com\/hu\/wp-json\/wp\/v2\/media\/90268"}],"wp:attachment":[{"href":"https:\/\/aavesa.com\/hu\/wp-json\/wp\/v2\/media?parent=90267"}],"wp:term":[{"taxonomy":"product_brand","embeddable":true,"href":"https:\/\/aavesa.com\/hu\/wp-json\/wp\/v2\/product_brand?post=90267"},{"taxonomy":"product_cat","embeddable":true,"href":"https:\/\/aavesa.com\/hu\/wp-json\/wp\/v2\/product_cat?post=90267"},{"taxonomy":"product_tag","embeddable":true,"href":"https:\/\/aavesa.com\/hu\/wp-json\/wp\/v2\/product_tag?post=90267"}],"curies":[{"name":"wp","href":"https:\/\/api.w.org\/{rel}","templated":true}]}}