

{"id":90298,"date":"2024-07-26T16:20:55","date_gmt":"2024-07-26T16:20:55","guid":{"rendered":"https:\/\/new.aavesa.com\/produs\/termeszetes-bor-kabat-3011\/"},"modified":"2025-11-17T06:22:49","modified_gmt":"2025-11-17T06:22:49","slug":"termeszetes-bor-kabat-3011","status":"publish","type":"product","link":"https:\/\/aavesa.com\/hu\/product\/termeszetes-bor-kabat-3011\/","title":{"rendered":"Term\u00e9szetes b\u0151r kab\u00e1t 3011"},"content":{"rendered":"<p>A <a href=\"https:\/\/aavesa.com\/hu\/ferfiak\/borkabatok-ferfiaknak\/\">motoros b\u0151rdzsekik<\/a> nagyon n\u00e9pszer\u0171ek a f\u00e9rfiak k\u00f6r\u00e9ben. Ruhadarabjaink gondosan k\u00e9sz\u00fclnek a legmagasabb min\u0151s\u00e9g\u0171 term\u00e9szetes b\u00e1r\u00e1nyb\u0151rb\u0151l. Ennek a luxus term\u00e9szetes b\u0151rdzsekinek a diz\u00e1jnja egyszer\u0171 vonalvezet\u00e9se \u00e9s t\u00f6k\u00e9letes varr\u00e1sa r\u00e9v\u00e9n f\u00e9rfiass\u00e1got sug\u00e1roz, \u00e9s mind a mindennapokban, mind az esti alkalmakon viselhet\u0151. Ezt a b\u0151rdzsekit k\u00e9t oldalzsebbel tervezt\u00fck, amelyek cipz\u00e1rral z\u00e1r\u00f3dnak. A kab\u00e1t z\u00e1r\u00e1s\u00e1t egy cipz\u00e1r \u00e9s k\u00e9t kapcsos gomb biztos\u00edtja a nyak t\u00f6v\u00e9ben. A nappa b\u0151r, amelyb\u0151l ez a kab\u00e1t k\u00e9sz\u00fclt, nedvess\u00e9g- \u00e9s id\u0151j\u00e1r\u00e1s\u00e1ll\u00f3, a bels\u0151 r\u00e9sz pedig poli\u00e9szterrel van b\u00e9lelve.     <\/p>\n","protected":false},"excerpt":{"rendered":"<p>A motoros b\u0151rdzsekik nagyon n\u00e9pszer\u0171ek a f\u00e9rfiak k\u00f6r\u00e9ben. Ruhadarabjaink gondosan k\u00e9sz\u00fclnek a legmagasabb min\u0151s\u00e9g\u0171 term\u00e9szetes b\u00e1r\u00e1nyb\u0151rb\u0151l. Ennek a luxus term\u00e9szetes b\u0151rdzsekinek a diz\u00e1jnja egyszer\u0171 vonalvezet\u00e9se \u00e9s t\u00f6k\u00e9letes varr\u00e1sa r\u00e9v\u00e9n f\u00e9rfiass\u00e1got sug\u00e1roz, \u00e9s mind a mindennapokban, mind az esti alkalmakon viselhet\u0151. Ezt a b\u0151rdzsekit k\u00e9t oldalzsebbel tervezt\u00fck, amelyek cipz\u00e1rral z\u00e1r\u00f3dnak. A kab\u00e1t z\u00e1r\u00e1s\u00e1t egy cipz\u00e1r \u00e9s [&hellip;]<\/p>\n","protected":false},"featured_media":90299,"comment_status":"open","ping_status":"closed","template":"","meta":{"_acf_changed":false,"om_disable_all_campaigns":false,"inline_featured_image":false,"_monsterinsights_skip_tracking":false,"_monsterinsights_sitenote_active":false,"_monsterinsights_sitenote_note":"","_monsterinsights_sitenote_category":0},"product_brand":[],"product_cat":[823,762,725,916],"product_tag":[],"class_list":{"0":"post-90298","1":"product","2":"type-product","3":"status-publish","4":"has-post-thumbnail","6":"product_cat-bor-ruhak-ferfiaknak","7":"product_cat-borkabatok-ferfiaknak","8":"product_cat-ferfiak","9":"product_cat-valodi-bor-termekek-tavaszra-es-oszre-kabatok-nadragok-kabatok-szoknyak-es-loveszkabatok-kabatok-nadragok-kabatok-szoknyak-es-loveszkabatok","11":"first","12":"outofstock","13":"taxable","14":"shipping-taxable","15":"product-type-variable","16":"has-default-attributes","17":"wvs-archive-product-wrapper"},"acf":{"categorie_feed":""},"aioseo_notices":[],"_links":{"self":[{"href":"https:\/\/aavesa.com\/hu\/wp-json\/wp\/v2\/product\/90298","targetHints":{"allow":["GET"]}}],"collection":[{"href":"https:\/\/aavesa.com\/hu\/wp-json\/wp\/v2\/product"}],"about":[{"href":"https:\/\/aavesa.com\/hu\/wp-json\/wp\/v2\/types\/product"}],"replies":[{"embeddable":true,"href":"https:\/\/aavesa.com\/hu\/wp-json\/wp\/v2\/comments?post=90298"}],"wp:featuredmedia":[{"embeddable":true,"href":"https:\/\/aavesa.com\/hu\/wp-json\/wp\/v2\/media\/90299"}],"wp:attachment":[{"href":"https:\/\/aavesa.com\/hu\/wp-json\/wp\/v2\/media?parent=90298"}],"wp:term":[{"taxonomy":"product_brand","embeddable":true,"href":"https:\/\/aavesa.com\/hu\/wp-json\/wp\/v2\/product_brand?post=90298"},{"taxonomy":"product_cat","embeddable":true,"href":"https:\/\/aavesa.com\/hu\/wp-json\/wp\/v2\/product_cat?post=90298"},{"taxonomy":"product_tag","embeddable":true,"href":"https:\/\/aavesa.com\/hu\/wp-json\/wp\/v2\/product_tag?post=90298"}],"curies":[{"name":"wp","href":"https:\/\/api.w.org\/{rel}","templated":true}]}}