

{"id":90326,"date":"2024-07-26T16:20:55","date_gmt":"2024-07-26T16:20:55","guid":{"rendered":"https:\/\/new.aavesa.com\/produs\/bor-noi-penztarca-p21\/"},"modified":"2025-11-17T06:22:47","modified_gmt":"2025-11-17T06:22:47","slug":"bor-noi-penztarca-p21","status":"publish","type":"product","link":"https:\/\/aavesa.com\/hu\/product\/bor-noi-penztarca-p21\/","title":{"rendered":"B\u0151r n\u0151i p\u00e9nzt\u00e1rca P21"},"content":{"rendered":"<p>N\u0151i b\u00e1r\u00e1nyb\u0151rb\u0151l k\u00e9sz\u00fclt p\u00e9nzt\u00e1rca, luxusterm\u00e9k. A b\u00e1r\u00e1nyb\u0151r egy kiv\u00e1l\u00f3 min\u0151s\u00e9g\u0171 b\u0151r, amely ellen\u00e1ll a nedvess\u00e9gnek, \u00e9s amelyet p\u00e9nzt\u00e1rc\u00e1k k\u00e9sz\u00edt\u00e9s\u00e9re haszn\u00e1lnak. A <a href=\"https:\/\/aavesa.com\/hu\/nok\/noi-bor-penztarcak\/\">n\u0151i b\u0151rt\u00e1rca<\/a> bor\u00edt\u00e9k t\u00edpus\u00fa, kapcsos z\u00e1r\u00f3d\u00e1ssal rendelkezik. Ebben a t\u00e1rc\u00e1ban van hely az apr\u00f3p\u00e9nznek, amely kapcsokkal z\u00e1r\u00f3dik, \u00e9s elegend\u0151 hely a k\u00e1rty\u00e1k \u00e9s dokumentumok sz\u00e1m\u00e1ra. Ez a kiv\u00e1l\u00f3 min\u0151s\u00e9g\u0171, k\u00e9zzel k\u00e9sz\u00edtett b\u0151rterm\u00e9k remek \u00f6tlet lehet egy szerett\u00e9nek aj\u00e1nd\u00e9kba. A term\u00e9khez el\u00e9rhet\u0151 sz\u00ednek: fekete, piros, z\u00f6ld \u00e9s k\u00e9k. M\u00e9retek (L x magass\u00e1g x hossz\u00fas\u00e1g) 12,5 cm x 9,5 x 2,5 cm.      <\/p>\n","protected":false},"excerpt":{"rendered":"<p>N\u0151i b\u00e1r\u00e1nyb\u0151rb\u0151l k\u00e9sz\u00fclt p\u00e9nzt\u00e1rca, luxusterm\u00e9k. A b\u00e1r\u00e1nyb\u0151r egy kiv\u00e1l\u00f3 min\u0151s\u00e9g\u0171 b\u0151r, amely ellen\u00e1ll a nedvess\u00e9gnek, \u00e9s amelyet p\u00e9nzt\u00e1rc\u00e1k k\u00e9sz\u00edt\u00e9s\u00e9re haszn\u00e1lnak. A n\u0151i b\u0151rt\u00e1rca bor\u00edt\u00e9k t\u00edpus\u00fa, kapcsos z\u00e1r\u00f3d\u00e1ssal rendelkezik. Ebben a t\u00e1rc\u00e1ban van hely az apr\u00f3p\u00e9nznek, amely kapcsokkal z\u00e1r\u00f3dik, \u00e9s elegend\u0151 hely a k\u00e1rty\u00e1k \u00e9s dokumentumok sz\u00e1m\u00e1ra. Ez a kiv\u00e1l\u00f3 min\u0151s\u00e9g\u0171, k\u00e9zzel k\u00e9sz\u00edtett b\u0151rterm\u00e9k remek \u00f6tlet [&hellip;]<\/p>\n","protected":false},"featured_media":90327,"comment_status":"open","ping_status":"closed","template":"","meta":{"_acf_changed":false,"om_disable_all_campaigns":false,"inline_featured_image":false,"_monsterinsights_skip_tracking":false,"_monsterinsights_sitenote_active":false,"_monsterinsights_sitenote_note":"","_monsterinsights_sitenote_category":0},"product_brand":[],"product_cat":[795,824,741],"product_tag":[],"class_list":{"0":"post-90326","1":"product","2":"type-product","3":"status-publish","4":"has-post-thumbnail","6":"product_cat-kiegeszitok","7":"product_cat-noi-bor-penztarcak","8":"product_cat-nok","10":"first","11":"outofstock","12":"taxable","13":"shipping-taxable","14":"product-type-variable","15":"has-default-attributes","16":"wvs-archive-product-wrapper"},"acf":{"categorie_feed":""},"aioseo_notices":[],"_links":{"self":[{"href":"https:\/\/aavesa.com\/hu\/wp-json\/wp\/v2\/product\/90326","targetHints":{"allow":["GET"]}}],"collection":[{"href":"https:\/\/aavesa.com\/hu\/wp-json\/wp\/v2\/product"}],"about":[{"href":"https:\/\/aavesa.com\/hu\/wp-json\/wp\/v2\/types\/product"}],"replies":[{"embeddable":true,"href":"https:\/\/aavesa.com\/hu\/wp-json\/wp\/v2\/comments?post=90326"}],"wp:featuredmedia":[{"embeddable":true,"href":"https:\/\/aavesa.com\/hu\/wp-json\/wp\/v2\/media\/90327"}],"wp:attachment":[{"href":"https:\/\/aavesa.com\/hu\/wp-json\/wp\/v2\/media?parent=90326"}],"wp:term":[{"taxonomy":"product_brand","embeddable":true,"href":"https:\/\/aavesa.com\/hu\/wp-json\/wp\/v2\/product_brand?post=90326"},{"taxonomy":"product_cat","embeddable":true,"href":"https:\/\/aavesa.com\/hu\/wp-json\/wp\/v2\/product_cat?post=90326"},{"taxonomy":"product_tag","embeddable":true,"href":"https:\/\/aavesa.com\/hu\/wp-json\/wp\/v2\/product_tag?post=90326"}],"curies":[{"name":"wp","href":"https:\/\/api.w.org\/{rel}","templated":true}]}}