

{"id":90348,"date":"2024-07-26T16:34:50","date_gmt":"2024-07-26T16:34:50","guid":{"rendered":"https:\/\/new.aavesa.com\/produs\/barna-borkabat-1037\/"},"modified":"2025-11-17T06:34:29","modified_gmt":"2025-11-17T06:34:29","slug":"barna-borkabat-1037","status":"publish","type":"product","link":"https:\/\/aavesa.com\/hu\/product\/barna-borkabat-1037\/","title":{"rendered":"Barna b\u0151rkab\u00e1t 1037"},"content":{"rendered":"<p>Kifog\u00e1stalan, m\u00e9gis kalandos. Ez a n\u0151i nat\u00far b\u0151rdzseki klasszikus szab\u00e1ssal \u00e9s egy csipetnyi modernizmussal rendelkezik. Az egyik oldalon elhelyezett cipz\u00e1r, valamint a mandzsett\u00e1kon tal\u00e1lhat\u00f3 cipz\u00e1rak finom, a kab\u00e1t sz\u00edn\u00e9vel megegyez\u0151 \u00e1rnyalat\u00faak. Emellett lazas\u00e1got \u00e9s dinamizmust k\u00f6lcs\u00f6n\u00f6znek az \u00f6lt\u00f6z\u00e9knek. Legyen sz\u00f3 egy irodai napr\u00f3l, egy s\u00e9t\u00e1r\u00f3l vagy ak\u00e1r egy rendezv\u00e9nyr\u0151l, ez a n\u0151i kab\u00e1t b\u00e1rhov\u00e1 elk\u00eds\u00e9rheti \u00d6nt. K\u00f6nnyen viselhet\u0151 \u00e9s kombin\u00e1lhat\u00f3, a nat\u00far b\u0151rdzseki biztosan kedvenc darabja lesz minden olyan n\u0151 ruhat\u00e1r\u00e1nak, aki eredeti megjelen\u00e9st szeretne mag\u00e1\u00e9v\u00e1 tenni. Modell\u00fcnk 175 cm magas, 36-os m\u00e9retet visel, a term\u00e9k hossza 53 cm.      <\/p>\n","protected":false},"excerpt":{"rendered":"<p>Kifog\u00e1stalan, m\u00e9gis kalandos. Ez a n\u0151i nat\u00far b\u0151rdzseki klasszikus szab\u00e1ssal \u00e9s egy csipetnyi modernizmussal rendelkezik. Az egyik oldalon elhelyezett cipz\u00e1r, valamint a mandzsett\u00e1kon tal\u00e1lhat\u00f3 cipz\u00e1rak finom, a kab\u00e1t sz\u00edn\u00e9vel megegyez\u0151 \u00e1rnyalat\u00faak. Emellett lazas\u00e1got \u00e9s dinamizmust k\u00f6lcs\u00f6n\u00f6znek az \u00f6lt\u00f6z\u00e9knek. Legyen sz\u00f3 egy irodai napr\u00f3l, egy s\u00e9t\u00e1r\u00f3l vagy ak\u00e1r egy rendezv\u00e9nyr\u0151l, ez a n\u0151i kab\u00e1t b\u00e1rhov\u00e1 elk\u00eds\u00e9rheti [&hellip;]<\/p>\n","protected":false},"featured_media":90349,"comment_status":"closed","ping_status":"closed","template":"","meta":{"_acf_changed":false,"om_disable_all_campaigns":false,"inline_featured_image":false,"_monsterinsights_skip_tracking":false,"_monsterinsights_sitenote_active":false,"_monsterinsights_sitenote_note":"","_monsterinsights_sitenote_category":0},"product_brand":[],"product_cat":[727,767,916],"product_tag":[],"class_list":{"0":"post-90348","1":"product","2":"type-product","3":"status-publish","4":"has-post-thumbnail","6":"product_cat-2023-2024-kollekcio","7":"product_cat-borkabatok-noknek","8":"product_cat-valodi-bor-termekek-tavaszra-es-oszre-kabatok-nadragok-kabatok-szoknyak-es-loveszkabatok-kabatok-nadragok-kabatok-szoknyak-es-loveszkabatok","10":"first","11":"instock","12":"taxable","13":"shipping-taxable","14":"purchasable","15":"product-type-variable","16":"has-default-attributes","17":"wvs-archive-product-wrapper"},"acf":{"categorie_feed":""},"aioseo_notices":[],"_links":{"self":[{"href":"https:\/\/aavesa.com\/hu\/wp-json\/wp\/v2\/product\/90348","targetHints":{"allow":["GET"]}}],"collection":[{"href":"https:\/\/aavesa.com\/hu\/wp-json\/wp\/v2\/product"}],"about":[{"href":"https:\/\/aavesa.com\/hu\/wp-json\/wp\/v2\/types\/product"}],"replies":[{"embeddable":true,"href":"https:\/\/aavesa.com\/hu\/wp-json\/wp\/v2\/comments?post=90348"}],"wp:featuredmedia":[{"embeddable":true,"href":"https:\/\/aavesa.com\/hu\/wp-json\/wp\/v2\/media\/90349"}],"wp:attachment":[{"href":"https:\/\/aavesa.com\/hu\/wp-json\/wp\/v2\/media?parent=90348"}],"wp:term":[{"taxonomy":"product_brand","embeddable":true,"href":"https:\/\/aavesa.com\/hu\/wp-json\/wp\/v2\/product_brand?post=90348"},{"taxonomy":"product_cat","embeddable":true,"href":"https:\/\/aavesa.com\/hu\/wp-json\/wp\/v2\/product_cat?post=90348"},{"taxonomy":"product_tag","embeddable":true,"href":"https:\/\/aavesa.com\/hu\/wp-json\/wp\/v2\/product_tag?post=90348"}],"curies":[{"name":"wp","href":"https:\/\/api.w.org\/{rel}","templated":true}]}}