

{"id":90353,"date":"2024-07-26T16:34:50","date_gmt":"2024-07-26T16:34:50","guid":{"rendered":"https:\/\/new.aavesa.com\/produs\/baranybor-kabat-386\/"},"modified":"2026-04-10T15:07:58","modified_gmt":"2026-04-10T17:07:58","slug":"baranybor-kabat-386","status":"publish","type":"product","link":"https:\/\/aavesa.com\/hu\/product\/baranybor-kabat-386\/","title":{"rendered":"B\u00e1r\u00e1nyb\u0151r kab\u00e1t 386"},"content":{"rendered":"<p>Ezzel a b\u00e1r\u00e1nysz\u0151rme kab\u00e1ttal minden l\u00e9p\u00e9seddel eleganci\u00e1t \u00e9s f\u00e9rfiass\u00e1got sug\u00e1rozol. Ez a f\u00e9rfi dzseki egyszer\u0171 cipz\u00e1rral \u00e9s alul \u00f6vvel rendelkezik, ami m\u00e9g st\u00edlusosabb\u00e1 \u00e9s szem\u00e9lyesebb\u00e9 teszi. A b\u00e1r\u00e1nysz\u0151rme a magas szint\u0171 melegs\u00e9g\u00e9r\u0151l ismert, \u00edgy a hideg \u00e9vszakban minden nap gondtalan leszel. V\u00e1lassza ezt a sz\u0151rmekab\u00e1t modellt, hogy eleganci\u00e1val \u00e9s kifinomults\u00e1ggal t\u0171nj\u00f6n ki. A kab\u00e1t fekete \u00e9s konyakos \u00e1rnyalatban kaphat\u00f3.     A modell\u00fcnk 188 cm magas, 48-as m\u00e9retet visel, a term\u00e9k hossza pedig 67 cm.<\/p>\n","protected":false},"excerpt":{"rendered":"<p>Ezzel a b\u00e1r\u00e1nysz\u0151rme kab\u00e1ttal minden l\u00e9p\u00e9seddel eleganci\u00e1t \u00e9s f\u00e9rfiass\u00e1got sug\u00e1rozol. Ez a f\u00e9rfi dzseki egyszer\u0171 cipz\u00e1rral \u00e9s alul \u00f6vvel rendelkezik, ami m\u00e9g st\u00edlusosabb\u00e1 \u00e9s szem\u00e9lyesebb\u00e9 teszi. A b\u00e1r\u00e1nysz\u0151rme a magas szint\u0171 melegs\u00e9g\u00e9r\u0151l ismert, \u00edgy a hideg \u00e9vszakban minden nap gondtalan leszel. V\u00e1lassza ezt a sz\u0151rmekab\u00e1t modellt, hogy eleganci\u00e1val \u00e9s kifinomults\u00e1ggal t\u0171nj\u00f6n ki. A kab\u00e1t fekete [&hellip;]<\/p>\n","protected":false},"featured_media":90354,"comment_status":"closed","ping_status":"closed","template":"","meta":{"_acf_changed":false,"om_disable_all_campaigns":false,"inline_featured_image":false,"_monsterinsights_skip_tracking":false,"_monsterinsights_sitenote_active":false,"_monsterinsights_sitenote_note":"","_monsterinsights_sitenote_category":0},"product_brand":[],"product_cat":[727,952,772],"product_tag":[],"class_list":{"0":"post-90353","1":"product","2":"type-product","3":"status-publish","4":"has-post-thumbnail","6":"product_cat-2023-2024-kollekcio","7":"product_cat-ferfi-es-noi-pehelypaplan-dzsekik-a-luxus-es-a-melegseg-vegso-kevereke","8":"product_cat-shearling-kabatok-ferfiaknak","10":"first","11":"instock","12":"taxable","13":"shipping-taxable","14":"purchasable","15":"product-type-variable","16":"has-default-attributes","17":"wvs-archive-product-wrapper"},"acf":{"categorie_feed":""},"aioseo_notices":[],"_links":{"self":[{"href":"https:\/\/aavesa.com\/hu\/wp-json\/wp\/v2\/product\/90353","targetHints":{"allow":["GET"]}}],"collection":[{"href":"https:\/\/aavesa.com\/hu\/wp-json\/wp\/v2\/product"}],"about":[{"href":"https:\/\/aavesa.com\/hu\/wp-json\/wp\/v2\/types\/product"}],"replies":[{"embeddable":true,"href":"https:\/\/aavesa.com\/hu\/wp-json\/wp\/v2\/comments?post=90353"}],"wp:featuredmedia":[{"embeddable":true,"href":"https:\/\/aavesa.com\/hu\/wp-json\/wp\/v2\/media\/90354"}],"wp:attachment":[{"href":"https:\/\/aavesa.com\/hu\/wp-json\/wp\/v2\/media?parent=90353"}],"wp:term":[{"taxonomy":"product_brand","embeddable":true,"href":"https:\/\/aavesa.com\/hu\/wp-json\/wp\/v2\/product_brand?post=90353"},{"taxonomy":"product_cat","embeddable":true,"href":"https:\/\/aavesa.com\/hu\/wp-json\/wp\/v2\/product_cat?post=90353"},{"taxonomy":"product_tag","embeddable":true,"href":"https:\/\/aavesa.com\/hu\/wp-json\/wp\/v2\/product_tag?post=90353"}],"curies":[{"name":"wp","href":"https:\/\/api.w.org\/{rel}","templated":true}]}}