

{"id":90362,"date":"2024-07-26T16:34:50","date_gmt":"2024-07-26T16:34:50","guid":{"rendered":"https:\/\/new.aavesa.com\/produs\/merino-szorme-kopeny-2075\/"},"modified":"2026-04-13T09:16:50","modified_gmt":"2026-04-13T11:16:50","slug":"merino-szorme-kopeny-2075","status":"publish","type":"product","link":"https:\/\/aavesa.com\/hu\/product\/merino-szorme-kopeny-2075\/","title":{"rendered":"Merin\u00f3 sz\u0151rme k\u00f6peny 2075"},"content":{"rendered":"<p>Fedezze fel az autentikus kifinomults\u00e1got \u00e9s k\u00e9nyelmet ezzel a b\u00e1r\u00e1nysz\u0151rme ruhadarabbal. A m\u00e9ly gall\u00e9rral \u00e9s k\u00e9t praktikus zsebbel rendelkez\u0151 darab egyszer\u0171 \u00e9s hiteles eleganci\u00e1t sug\u00e1roz. A kiv\u00e1l\u00f3 min\u0151s\u00e9g\u0171 anyagok \u00e9s az \u00e1rnyalatok kombin\u00e1ci\u00f3i a ruhadarabnak finom finoms\u00e1got k\u00f6lcs\u00f6n\u00f6znek. A diszkr\u00e9t, egygombos z\u00e1r\u00f3d\u00e1s teszi teljess\u00e9 a diz\u00e1jnt. F\u00fcggetlen\u00fcl att\u00f3l, hogy milyen p\u00e1ros\u00edt\u00e1st v\u00e1laszt, ez a term\u00e9szetes sz\u0151rme ruhadarab minden \u00f6lt\u00f6z\u00e9khez egy kis eleganci\u00e1t \u00e9s melegs\u00e9get k\u00f6lcs\u00f6n\u00f6z, \u00edgy igazi befektet\u00e9s a st\u00edlus\u00e1ba. A ruhadarab konyak \u00e9s barna sz\u00ednben kaphat\u00f3. Modell\u00fcnk 175 cm magas, 36-os m\u00e9retet visel, a term\u00e9k hossza 85 cm.      <\/p>\n","protected":false},"excerpt":{"rendered":"<p>Fedezze fel az autentikus kifinomults\u00e1got \u00e9s k\u00e9nyelmet ezzel a b\u00e1r\u00e1nysz\u0151rme ruhadarabbal. A m\u00e9ly gall\u00e9rral \u00e9s k\u00e9t praktikus zsebbel rendelkez\u0151 darab egyszer\u0171 \u00e9s hiteles eleganci\u00e1t sug\u00e1roz. A kiv\u00e1l\u00f3 min\u0151s\u00e9g\u0171 anyagok \u00e9s az \u00e1rnyalatok kombin\u00e1ci\u00f3i a ruhadarabnak finom finoms\u00e1got k\u00f6lcs\u00f6n\u00f6znek. A diszkr\u00e9t, egygombos z\u00e1r\u00f3d\u00e1s teszi teljess\u00e9 a diz\u00e1jnt. F\u00fcggetlen\u00fcl att\u00f3l, hogy milyen p\u00e1ros\u00edt\u00e1st v\u00e1laszt, ez a term\u00e9szetes [&hellip;]<\/p>\n","protected":false},"featured_media":90363,"comment_status":"closed","ping_status":"closed","template":"","meta":{"_acf_changed":false,"om_disable_all_campaigns":false,"inline_featured_image":false,"_monsterinsights_skip_tracking":false,"_monsterinsights_sitenote_active":false,"_monsterinsights_sitenote_note":"","_monsterinsights_sitenote_category":0},"product_brand":[],"product_cat":[727,778,779],"product_tag":[],"class_list":{"0":"post-90362","1":"product","2":"type-product","3":"status-publish","4":"has-post-thumbnail","6":"product_cat-2023-2024-kollekcio","7":"product_cat-baranybor-kabatok-hu","8":"product_cat-noi-shearling-kabatok","10":"first","11":"instock","12":"taxable","13":"shipping-taxable","14":"purchasable","15":"product-type-variable","16":"has-default-attributes","17":"wvs-archive-product-wrapper"},"acf":{"categorie_feed":""},"aioseo_notices":[],"_links":{"self":[{"href":"https:\/\/aavesa.com\/hu\/wp-json\/wp\/v2\/product\/90362","targetHints":{"allow":["GET"]}}],"collection":[{"href":"https:\/\/aavesa.com\/hu\/wp-json\/wp\/v2\/product"}],"about":[{"href":"https:\/\/aavesa.com\/hu\/wp-json\/wp\/v2\/types\/product"}],"replies":[{"embeddable":true,"href":"https:\/\/aavesa.com\/hu\/wp-json\/wp\/v2\/comments?post=90362"}],"wp:featuredmedia":[{"embeddable":true,"href":"https:\/\/aavesa.com\/hu\/wp-json\/wp\/v2\/media\/90363"}],"wp:attachment":[{"href":"https:\/\/aavesa.com\/hu\/wp-json\/wp\/v2\/media?parent=90362"}],"wp:term":[{"taxonomy":"product_brand","embeddable":true,"href":"https:\/\/aavesa.com\/hu\/wp-json\/wp\/v2\/product_brand?post=90362"},{"taxonomy":"product_cat","embeddable":true,"href":"https:\/\/aavesa.com\/hu\/wp-json\/wp\/v2\/product_cat?post=90362"},{"taxonomy":"product_tag","embeddable":true,"href":"https:\/\/aavesa.com\/hu\/wp-json\/wp\/v2\/product_tag?post=90362"}],"curies":[{"name":"wp","href":"https:\/\/api.w.org\/{rel}","templated":true}]}}