

{"id":90388,"date":"2024-07-26T16:20:56","date_gmt":"2024-07-26T16:20:56","guid":{"rendered":"https:\/\/new.aavesa.com\/produs\/termeszetes-bor-penztarca-p1565\/"},"modified":"2025-11-17T06:22:46","modified_gmt":"2025-11-17T06:22:46","slug":"termeszetes-bor-penztarca-p1565","status":"publish","type":"product","link":"https:\/\/aavesa.com\/hu\/product\/termeszetes-bor-penztarca-p1565\/","title":{"rendered":"Term\u00e9szetes b\u0151r p\u00e9nzt\u00e1rca P1565"},"content":{"rendered":"<p>Pr\u00e9mium min\u0151s\u00e9g\u0171 term\u00e9szetes r\u00e9nszarvasb\u0151r p\u00e9nzt\u00e1rca f\u00e9rfiaknak. A r\u00e9nszarvasb\u0151r val\u00f3di, nedvess\u00e9g\u00e1ll\u00f3 \u00e9s kop\u00e1s\u00e1ll\u00f3 term\u00e9k. Ez a <a rel=\"nofollow\" href=\"https:\/\/aavesa.com\/hu\/ferfiak\/bor-penztarcak-ferfiaknak\/\">term\u00e9szetes b\u0151r p\u00e9nzt\u00e1rca<\/a> k\u00f6nnyebb \u00e9s k\u00f6nnyebb, \u00e9s teljes eg\u00e9sz\u00e9ben term\u00e9szetes r\u00e9nszarvasb\u0151rb\u0151l k\u00e9sz\u00fclt. A p\u00e9nzt\u00e1rca kialak\u00edt\u00e1sa modern, a fels\u0151 oldalon tal\u00e1lhat\u00f3 kontrasztos \u00f6lt\u00e9sek f\u00e9rfias megjelen\u00e9st k\u00f6lcs\u00f6n\u00f6znek. A t\u00e1rc\u00e1ban van hely a k\u00e1rty\u00e1knak \u00e9s az iratoknak. Ennek a b\u0151rt\u00e1rc\u00e1nak a sz\u00ednei klasszikusak \u00e9s modernek, term\u00e9szetes barna \u00e9s fekete sz\u00edn\u0171ek, amelyek az id\u0151 m\u00fal\u00e1s\u00e1val is j\u00f3l fognak kin\u00e9zni. M\u00e9retek (L x h x l) 12,5 x 9,5 x 2 cm      <\/p>\n","protected":false},"excerpt":{"rendered":"<p>Pr\u00e9mium min\u0151s\u00e9g\u0171 term\u00e9szetes r\u00e9nszarvasb\u0151r p\u00e9nzt\u00e1rca f\u00e9rfiaknak. A r\u00e9nszarvasb\u0151r val\u00f3di, nedvess\u00e9g\u00e1ll\u00f3 \u00e9s kop\u00e1s\u00e1ll\u00f3 term\u00e9k. Ez a term\u00e9szetes b\u0151r p\u00e9nzt\u00e1rca k\u00f6nnyebb \u00e9s k\u00f6nnyebb, \u00e9s teljes eg\u00e9sz\u00e9ben term\u00e9szetes r\u00e9nszarvasb\u0151rb\u0151l k\u00e9sz\u00fclt. A p\u00e9nzt\u00e1rca kialak\u00edt\u00e1sa modern, a fels\u0151 oldalon tal\u00e1lhat\u00f3 kontrasztos \u00f6lt\u00e9sek f\u00e9rfias megjelen\u00e9st k\u00f6lcs\u00f6n\u00f6znek. A t\u00e1rc\u00e1ban van hely a k\u00e1rty\u00e1knak \u00e9s az iratoknak. Ennek a b\u0151rt\u00e1rc\u00e1nak a sz\u00ednei klasszikusak [&hellip;]<\/p>\n","protected":false},"featured_media":90389,"comment_status":"open","ping_status":"closed","template":"","meta":{"_acf_changed":false,"om_disable_all_campaigns":false,"inline_featured_image":false,"_monsterinsights_skip_tracking":false,"_monsterinsights_sitenote_active":false,"_monsterinsights_sitenote_note":"","_monsterinsights_sitenote_category":0},"product_brand":[],"product_cat":[825,725,795],"product_tag":[],"class_list":{"0":"post-90388","1":"product","2":"type-product","3":"status-publish","4":"has-post-thumbnail","6":"product_cat-bor-penztarcak-ferfiaknak","7":"product_cat-ferfiak","8":"product_cat-kiegeszitok","10":"first","11":"outofstock","12":"taxable","13":"shipping-taxable","14":"product-type-variable","15":"has-default-attributes","16":"wvs-archive-product-wrapper"},"acf":{"categorie_feed":""},"aioseo_notices":[],"_links":{"self":[{"href":"https:\/\/aavesa.com\/hu\/wp-json\/wp\/v2\/product\/90388","targetHints":{"allow":["GET"]}}],"collection":[{"href":"https:\/\/aavesa.com\/hu\/wp-json\/wp\/v2\/product"}],"about":[{"href":"https:\/\/aavesa.com\/hu\/wp-json\/wp\/v2\/types\/product"}],"replies":[{"embeddable":true,"href":"https:\/\/aavesa.com\/hu\/wp-json\/wp\/v2\/comments?post=90388"}],"wp:featuredmedia":[{"embeddable":true,"href":"https:\/\/aavesa.com\/hu\/wp-json\/wp\/v2\/media\/90389"}],"wp:attachment":[{"href":"https:\/\/aavesa.com\/hu\/wp-json\/wp\/v2\/media?parent=90388"}],"wp:term":[{"taxonomy":"product_brand","embeddable":true,"href":"https:\/\/aavesa.com\/hu\/wp-json\/wp\/v2\/product_brand?post=90388"},{"taxonomy":"product_cat","embeddable":true,"href":"https:\/\/aavesa.com\/hu\/wp-json\/wp\/v2\/product_cat?post=90388"},{"taxonomy":"product_tag","embeddable":true,"href":"https:\/\/aavesa.com\/hu\/wp-json\/wp\/v2\/product_tag?post=90388"}],"curies":[{"name":"wp","href":"https:\/\/api.w.org\/{rel}","templated":true}]}}