

{"id":90395,"date":"2024-07-26T16:34:50","date_gmt":"2024-07-26T16:34:50","guid":{"rendered":"https:\/\/new.aavesa.com\/produs\/reverzibilis-merino-kopeny-2080\/"},"modified":"2026-04-13T09:16:55","modified_gmt":"2026-04-13T11:16:55","slug":"reverzibilis-merino-kopeny-2080","status":"publish","type":"product","link":"https:\/\/aavesa.com\/hu\/product\/reverzibilis-merino-kopeny-2080\/","title":{"rendered":"Reverzibilis merin\u00f3 k\u00f6peny 2080"},"content":{"rendered":"<p>Ez a term\u00e9szetes sz\u0151rmebunda k\u00f6z\u00e9phossz\u00fa \u00e9s eleg\u00e1ns szab\u00e1s\u00fa, \u00e9s k\u00e9szen \u00e1ll arra, hogy a leghidegebb napon is maxim\u00e1lis k\u00e9nyelmet \u00e9s meleget biztos\u00edtson \u00d6nnek. Az egyszer\u0171 gombos z\u00e1r\u00f3d\u00e1ssal \u00e9s k\u00e9t praktikus zsebbel mindig melegen tarthatod \u00e9s k\u00e9zn\u00e9l tarthatod szem\u00e9lyes t\u00e1rgyaidat. Ak\u00e1r alkalmi, ak\u00e1r eleg\u00e1nsabb \u00f6lt\u00f6z\u00e9kkel p\u00e1ros\u00edtod, ez a ford\u00edthat\u00f3 n\u0151i kab\u00e1t k\u00f6nnyed\u00e9n kifinomults\u00e1got k\u00f6lcs\u00f6n\u00f6z minden megjelen\u00e9sednek. A kab\u00e1t sz\u00fcrke vagy barna sz\u00ednben kaphat\u00f3. Modell\u00fcnk 175 cm magas, 36-os m\u00e9retet visel, a term\u00e9k hossza 102 cm.    <\/p>\n","protected":false},"excerpt":{"rendered":"<p>Ez a term\u00e9szetes sz\u0151rmebunda k\u00f6z\u00e9phossz\u00fa \u00e9s eleg\u00e1ns szab\u00e1s\u00fa, \u00e9s k\u00e9szen \u00e1ll arra, hogy a leghidegebb napon is maxim\u00e1lis k\u00e9nyelmet \u00e9s meleget biztos\u00edtson \u00d6nnek. Az egyszer\u0171 gombos z\u00e1r\u00f3d\u00e1ssal \u00e9s k\u00e9t praktikus zsebbel mindig melegen tarthatod \u00e9s k\u00e9zn\u00e9l tarthatod szem\u00e9lyes t\u00e1rgyaidat. Ak\u00e1r alkalmi, ak\u00e1r eleg\u00e1nsabb \u00f6lt\u00f6z\u00e9kkel p\u00e1ros\u00edtod, ez a ford\u00edthat\u00f3 n\u0151i kab\u00e1t k\u00f6nnyed\u00e9n kifinomults\u00e1got k\u00f6lcs\u00f6n\u00f6z minden megjelen\u00e9sednek. [&hellip;]<\/p>\n","protected":false},"featured_media":90396,"comment_status":"closed","ping_status":"closed","template":"","meta":{"_acf_changed":false,"om_disable_all_campaigns":false,"inline_featured_image":false,"_monsterinsights_skip_tracking":false,"_monsterinsights_sitenote_active":false,"_monsterinsights_sitenote_note":"","_monsterinsights_sitenote_category":0},"product_brand":[],"product_cat":[727,778,779],"product_tag":[],"class_list":{"0":"post-90395","1":"product","2":"type-product","3":"status-publish","4":"has-post-thumbnail","6":"product_cat-2023-2024-kollekcio","7":"product_cat-baranybor-kabatok-hu","8":"product_cat-noi-shearling-kabatok","10":"first","11":"instock","12":"taxable","13":"shipping-taxable","14":"purchasable","15":"product-type-variable","16":"has-default-attributes","17":"wvs-archive-product-wrapper"},"acf":{"categorie_feed":""},"aioseo_notices":[],"_links":{"self":[{"href":"https:\/\/aavesa.com\/hu\/wp-json\/wp\/v2\/product\/90395","targetHints":{"allow":["GET"]}}],"collection":[{"href":"https:\/\/aavesa.com\/hu\/wp-json\/wp\/v2\/product"}],"about":[{"href":"https:\/\/aavesa.com\/hu\/wp-json\/wp\/v2\/types\/product"}],"replies":[{"embeddable":true,"href":"https:\/\/aavesa.com\/hu\/wp-json\/wp\/v2\/comments?post=90395"}],"wp:featuredmedia":[{"embeddable":true,"href":"https:\/\/aavesa.com\/hu\/wp-json\/wp\/v2\/media\/90396"}],"wp:attachment":[{"href":"https:\/\/aavesa.com\/hu\/wp-json\/wp\/v2\/media?parent=90395"}],"wp:term":[{"taxonomy":"product_brand","embeddable":true,"href":"https:\/\/aavesa.com\/hu\/wp-json\/wp\/v2\/product_brand?post=90395"},{"taxonomy":"product_cat","embeddable":true,"href":"https:\/\/aavesa.com\/hu\/wp-json\/wp\/v2\/product_cat?post=90395"},{"taxonomy":"product_tag","embeddable":true,"href":"https:\/\/aavesa.com\/hu\/wp-json\/wp\/v2\/product_tag?post=90395"}],"curies":[{"name":"wp","href":"https:\/\/api.w.org\/{rel}","templated":true}]}}