

{"id":90407,"date":"2024-07-26T16:34:50","date_gmt":"2024-07-26T16:34:50","guid":{"rendered":"https:\/\/new.aavesa.com\/produs\/kapucnis-mosomedve-szorme-kopeny-2065\/"},"modified":"2025-11-17T06:34:29","modified_gmt":"2025-11-17T06:34:29","slug":"kapucnis-mosomedve-szorme-kopeny-2065","status":"publish","type":"product","link":"https:\/\/aavesa.com\/hu\/product\/kapucnis-mosomedve-szorme-kopeny-2065\/","title":{"rendered":"Kapucnis mos\u00f3medve sz\u0151rme k\u00f6peny 2065"},"content":{"rendered":"<p>Tapasztalja meg a legmagasabb fok\u00fa k\u00e9nyelmet \u00e9s kifinomult st\u00edlust a nutria sz\u0151rm\u00e9b\u0151l k\u00e9sz\u00fclt, eleg\u00e1ns taupe \u00e1rnyalat\u00fa, autentikus darabokb\u00f3l k\u00e9sz\u00fclt kab\u00e1tunkkal. Ezt a ruhadarabot \u00fagy tervezt\u00fck, hogy melegs\u00e9get \u00e9s sokoldal\u00fas\u00e1got biztos\u00edtson a hideg \u00e9vszakban. A praktikus cipz\u00e1rral \u00e9s gombbal, k\u00e9t hasznos zsebbel, a testre szabott illeszked\u00e9s \u00e9rdek\u00e9ben alul \u00e1ll\u00edthat\u00f3 h\u00faz\u00f3zsin\u00f3rral, valamint a sz\u00e9l elleni extra v\u00e9delmet biztos\u00edt\u00f3 kapucnival ez a kab\u00e1t egyszerre funkcion\u00e1lis \u00e9s kifinomult. Hiteles nutria sz\u0151rme darabokb\u00f3l k\u00e9sz\u00fclt, \u00edgy egy csipetnyi luxust k\u00f6lcs\u00f6n\u00f6z b\u00e1rmelyik t\u00e9li \u00f6lt\u00f6z\u00e9knek. A kab\u00e1t sz\u00fcrke \u00e9s fekete sz\u00ednben kaphat\u00f3. Modell\u00fcnk 175 cm magas, 36-os m\u00e9retet visel, a term\u00e9k hossza 63 cm.     <\/p>\n","protected":false},"excerpt":{"rendered":"<p>Tapasztalja meg a legmagasabb fok\u00fa k\u00e9nyelmet \u00e9s kifinomult st\u00edlust a nutria sz\u0151rm\u00e9b\u0151l k\u00e9sz\u00fclt, eleg\u00e1ns taupe \u00e1rnyalat\u00fa, autentikus darabokb\u00f3l k\u00e9sz\u00fclt kab\u00e1tunkkal. Ezt a ruhadarabot \u00fagy tervezt\u00fck, hogy melegs\u00e9get \u00e9s sokoldal\u00fas\u00e1got biztos\u00edtson a hideg \u00e9vszakban. A praktikus cipz\u00e1rral \u00e9s gombbal, k\u00e9t hasznos zsebbel, a testre szabott illeszked\u00e9s \u00e9rdek\u00e9ben alul \u00e1ll\u00edthat\u00f3 h\u00faz\u00f3zsin\u00f3rral, valamint a sz\u00e9l elleni extra v\u00e9delmet [&hellip;]<\/p>\n","protected":false},"featured_media":90408,"comment_status":"closed","ping_status":"closed","template":"","meta":{"_acf_changed":false,"om_disable_all_campaigns":false,"inline_featured_image":false,"_monsterinsights_skip_tracking":false,"_monsterinsights_sitenote_active":false,"_monsterinsights_sitenote_note":"","_monsterinsights_sitenote_category":0},"product_brand":[],"product_cat":[727,766,769,770],"product_tag":[],"class_list":{"0":"post-90407","1":"product","2":"type-product","3":"status-publish","4":"has-post-thumbnail","6":"product_cat-2023-2024-kollekcio","7":"product_cat-bundas-kabatok-es-bundas-dzsekik-noknek","8":"product_cat-nerc-szorme","9":"product_cat-vidra-bundak-vidra-zsekik","11":"first","12":"instock","13":"taxable","14":"shipping-taxable","15":"purchasable","16":"product-type-variable","17":"has-default-attributes","18":"wvs-archive-product-wrapper"},"acf":{"categorie_feed":""},"aioseo_notices":[],"_links":{"self":[{"href":"https:\/\/aavesa.com\/hu\/wp-json\/wp\/v2\/product\/90407","targetHints":{"allow":["GET"]}}],"collection":[{"href":"https:\/\/aavesa.com\/hu\/wp-json\/wp\/v2\/product"}],"about":[{"href":"https:\/\/aavesa.com\/hu\/wp-json\/wp\/v2\/types\/product"}],"replies":[{"embeddable":true,"href":"https:\/\/aavesa.com\/hu\/wp-json\/wp\/v2\/comments?post=90407"}],"wp:featuredmedia":[{"embeddable":true,"href":"https:\/\/aavesa.com\/hu\/wp-json\/wp\/v2\/media\/90408"}],"wp:attachment":[{"href":"https:\/\/aavesa.com\/hu\/wp-json\/wp\/v2\/media?parent=90407"}],"wp:term":[{"taxonomy":"product_brand","embeddable":true,"href":"https:\/\/aavesa.com\/hu\/wp-json\/wp\/v2\/product_brand?post=90407"},{"taxonomy":"product_cat","embeddable":true,"href":"https:\/\/aavesa.com\/hu\/wp-json\/wp\/v2\/product_cat?post=90407"},{"taxonomy":"product_tag","embeddable":true,"href":"https:\/\/aavesa.com\/hu\/wp-json\/wp\/v2\/product_tag?post=90407"}],"curies":[{"name":"wp","href":"https:\/\/api.w.org\/{rel}","templated":true}]}}