

{"id":90430,"date":"2024-07-26T16:20:56","date_gmt":"2024-07-26T16:20:56","guid":{"rendered":"https:\/\/new.aavesa.com\/produs\/termeszetes-nyirokabat-344\/"},"modified":"2026-04-10T15:08:30","modified_gmt":"2026-04-10T17:08:30","slug":"termeszetes-nyirokabat-344","status":"publish","type":"product","link":"https:\/\/aavesa.com\/hu\/product\/termeszetes-nyirokabat-344\/","title":{"rendered":"Term\u00e9szetes ny\u00edr\u00f3kab\u00e1t 344"},"content":{"rendered":"<p>Az A&amp;A Vesa bemutatja ezt a gy\u00f6ny\u00f6r\u0171, term\u00e9szetes <a href=\"https:\/\/aavesa.com\/hu\/ferfiak\/shearling-kabatok-ferfiaknak-ferfiak\/\">ny\u00edrbund\u00e1b\u00f3l k\u00e9sz\u00fclt f\u00e9rfi kab\u00e1tot<\/a>. Bel\u00fcl 8 mm vastags\u00e1g\u00fara ny\u00edrt b\u00e1r\u00e1nysz\u0151rm\u00e9b\u0151l k\u00e9sz\u00fclt, k\u00edv\u00fclr\u0151l pedig nappa b\u0151rb\u0151l k\u00e9sz\u00fclt ez a shearling kab\u00e1t. Ez azt jelenti, hogy sz\u0151rmekab\u00e1tunk az egyik legjobb v\u00e1laszt\u00e1s a t\u00e9li hideg napokon vagy a tavaszi\/\u0151szi h\u0171v\u00f6s napokon. A nappa b\u0151r nedvess\u00e9g- \u00e9s sz\u00e9l\u00e1ll\u00f3. F\u00e9rfi sz\u0151rmekab\u00e1tunk modern diz\u00e1jnnal rendelkezik, amely a tiszta \u00e9s egyszer\u0171 vonalakon, az oldalzsebeken \u00e9s a sz\u0151rme gall\u00e9ron alapul. A sz\u0151rmekab\u00e1t mindk\u00e9t oldal\u00e1n k\u00e9t kapcsot tal\u00e1lsz, amelyek seg\u00edtenek a kab\u00e1tot a cs\u00edp\u0151 t\u00e1j\u00e9k\u00e1n \u00f6sszeh\u00fazni. Ez a f\u00e9rfi sz\u0151rmekab\u00e1t a h\u00e9t b\u00e1rmely napj\u00e1n vagy esem\u00e9nyen alkalmas.      <\/p>\n","protected":false},"excerpt":{"rendered":"<p>Az A&amp;A Vesa bemutatja ezt a gy\u00f6ny\u00f6r\u0171, term\u00e9szetes ny\u00edrbund\u00e1b\u00f3l k\u00e9sz\u00fclt f\u00e9rfi kab\u00e1tot. Bel\u00fcl 8 mm vastags\u00e1g\u00fara ny\u00edrt b\u00e1r\u00e1nysz\u0151rm\u00e9b\u0151l k\u00e9sz\u00fclt, k\u00edv\u00fclr\u0151l pedig nappa b\u0151rb\u0151l k\u00e9sz\u00fclt ez a shearling kab\u00e1t. Ez azt jelenti, hogy sz\u0151rmekab\u00e1tunk az egyik legjobb v\u00e1laszt\u00e1s a t\u00e9li hideg napokon vagy a tavaszi\/\u0151szi h\u0171v\u00f6s napokon. A nappa b\u0151r nedvess\u00e9g- \u00e9s sz\u00e9l\u00e1ll\u00f3. F\u00e9rfi sz\u0151rmekab\u00e1tunk modern [&hellip;]<\/p>\n","protected":false},"featured_media":90431,"comment_status":"open","ping_status":"closed","template":"","meta":{"_acf_changed":false,"om_disable_all_campaigns":false,"inline_featured_image":false,"_monsterinsights_skip_tracking":false,"_monsterinsights_sitenote_active":false,"_monsterinsights_sitenote_note":"","_monsterinsights_sitenote_category":0},"product_brand":[],"product_cat":[784,794,952,725,772],"product_tag":[],"class_list":{"0":"post-90430","1":"product","2":"type-product","3":"status-publish","4":"has-post-thumbnail","6":"product_cat-baranybor","7":"product_cat-ferfi-bundak","8":"product_cat-ferfi-es-noi-pehelypaplan-dzsekik-a-luxus-es-a-melegseg-vegso-kevereke","9":"product_cat-ferfiak","10":"product_cat-shearling-kabatok-ferfiaknak","12":"first","13":"instock","14":"taxable","15":"shipping-taxable","16":"purchasable","17":"product-type-variable","18":"has-default-attributes","19":"wvs-archive-product-wrapper"},"acf":{"categorie_feed":""},"aioseo_notices":[],"_links":{"self":[{"href":"https:\/\/aavesa.com\/hu\/wp-json\/wp\/v2\/product\/90430","targetHints":{"allow":["GET"]}}],"collection":[{"href":"https:\/\/aavesa.com\/hu\/wp-json\/wp\/v2\/product"}],"about":[{"href":"https:\/\/aavesa.com\/hu\/wp-json\/wp\/v2\/types\/product"}],"replies":[{"embeddable":true,"href":"https:\/\/aavesa.com\/hu\/wp-json\/wp\/v2\/comments?post=90430"}],"wp:featuredmedia":[{"embeddable":true,"href":"https:\/\/aavesa.com\/hu\/wp-json\/wp\/v2\/media\/90431"}],"wp:attachment":[{"href":"https:\/\/aavesa.com\/hu\/wp-json\/wp\/v2\/media?parent=90430"}],"wp:term":[{"taxonomy":"product_brand","embeddable":true,"href":"https:\/\/aavesa.com\/hu\/wp-json\/wp\/v2\/product_brand?post=90430"},{"taxonomy":"product_cat","embeddable":true,"href":"https:\/\/aavesa.com\/hu\/wp-json\/wp\/v2\/product_cat?post=90430"},{"taxonomy":"product_tag","embeddable":true,"href":"https:\/\/aavesa.com\/hu\/wp-json\/wp\/v2\/product_tag?post=90430"}],"curies":[{"name":"wp","href":"https:\/\/api.w.org\/{rel}","templated":true}]}}