

{"id":90452,"date":"2024-07-26T16:34:29","date_gmt":"2024-07-26T16:34:29","guid":{"rendered":"https:\/\/new.aavesa.com\/produs\/baranybor-szorme-kalap-541\/"},"modified":"2025-11-17T06:26:53","modified_gmt":"2025-11-17T06:26:53","slug":"baranybor-szorme-kalap-541","status":"publish","type":"product","link":"https:\/\/aavesa.com\/hu\/product\/baranybor-szorme-kalap-541\/","title":{"rendered":"B\u00e1r\u00e1nyb\u0151r sz\u0151rme kalap 541"},"content":{"rendered":"<p>Tapasztalja meg a v\u00e9gs\u0151 luxust \u00e9s k\u00e9nyelmet a nercbunda sapk\u00e1nkkal. Ez a kalap eleg\u00e1nsan \u00f6tv\u00f6zi a hagyom\u00e1nyt \u00e9s a modernit\u00e1st, eleg\u00e1ns \u00e9s kifinomult megjelen\u00e9st k\u00edn\u00e1lva \u00d6nnek. B\u00e9lelt bels\u0151 r\u00e9sz\u00e9vel melegen \u00e9s k\u00e9nyelmesen tartja \u00d6nt a hideg napokon. A kalap modern kialak\u00edt\u00e1sa eleganci\u00e1t k\u00f6lcs\u00f6n\u00f6z b\u00e1rmelyik \u00f6lt\u00f6z\u00e9knek, a nercbunda pedig biztos\u00edtja, hogy j\u00f3l n\u00e9zzen ki \u00e9s j\u00f3l \u00e9rezze mag\u00e1t.    Ezzel a sapk\u00e1val minden nap ragyogni fogsz, \u00e9s egy kis luxust \u00e9s st\u00edlust adsz a t\u00e9li ruhat\u00e1radhoz. A kalap 5 k\u00fcl\u00f6nb\u00f6z\u0151 sz\u00ednben \u00e9rhet\u0151 el.<\/p>\n","protected":false},"excerpt":{"rendered":"<p>Tapasztalja meg a v\u00e9gs\u0151 luxust \u00e9s k\u00e9nyelmet a nercbunda sapk\u00e1nkkal. Ez a kalap eleg\u00e1nsan \u00f6tv\u00f6zi a hagyom\u00e1nyt \u00e9s a modernit\u00e1st, eleg\u00e1ns \u00e9s kifinomult megjelen\u00e9st k\u00edn\u00e1lva \u00d6nnek. B\u00e9lelt bels\u0151 r\u00e9sz\u00e9vel melegen \u00e9s k\u00e9nyelmesen tartja \u00d6nt a hideg napokon. A kalap modern kialak\u00edt\u00e1sa eleganci\u00e1t k\u00f6lcs\u00f6n\u00f6z b\u00e1rmelyik \u00f6lt\u00f6z\u00e9knek, a nercbunda pedig biztos\u00edtja, hogy j\u00f3l n\u00e9zzen ki \u00e9s j\u00f3l [&hellip;]<\/p>\n","protected":false},"featured_media":90453,"comment_status":"closed","ping_status":"closed","template":"","meta":{"_acf_changed":false,"om_disable_all_campaigns":false,"inline_featured_image":false,"_monsterinsights_skip_tracking":false,"_monsterinsights_sitenote_active":false,"_monsterinsights_sitenote_note":"","_monsterinsights_sitenote_category":0},"product_brand":[],"product_cat":[727,750,795,737],"product_tag":[],"class_list":{"0":"post-90452","1":"product","2":"type-product","3":"status-publish","4":"has-post-thumbnail","6":"product_cat-2023-2024-kollekcio","7":"product_cat-bundas-kalapok-shearling-kalapok-noknek","8":"product_cat-kiegeszitok","9":"product_cat-teli-sapkak","11":"first","12":"instock","13":"taxable","14":"shipping-taxable","15":"purchasable","16":"product-type-variable","17":"has-default-attributes","18":"wvs-archive-product-wrapper"},"acf":{"categorie_feed":""},"aioseo_notices":[],"_links":{"self":[{"href":"https:\/\/aavesa.com\/hu\/wp-json\/wp\/v2\/product\/90452","targetHints":{"allow":["GET"]}}],"collection":[{"href":"https:\/\/aavesa.com\/hu\/wp-json\/wp\/v2\/product"}],"about":[{"href":"https:\/\/aavesa.com\/hu\/wp-json\/wp\/v2\/types\/product"}],"replies":[{"embeddable":true,"href":"https:\/\/aavesa.com\/hu\/wp-json\/wp\/v2\/comments?post=90452"}],"wp:featuredmedia":[{"embeddable":true,"href":"https:\/\/aavesa.com\/hu\/wp-json\/wp\/v2\/media\/90453"}],"wp:attachment":[{"href":"https:\/\/aavesa.com\/hu\/wp-json\/wp\/v2\/media?parent=90452"}],"wp:term":[{"taxonomy":"product_brand","embeddable":true,"href":"https:\/\/aavesa.com\/hu\/wp-json\/wp\/v2\/product_brand?post=90452"},{"taxonomy":"product_cat","embeddable":true,"href":"https:\/\/aavesa.com\/hu\/wp-json\/wp\/v2\/product_cat?post=90452"},{"taxonomy":"product_tag","embeddable":true,"href":"https:\/\/aavesa.com\/hu\/wp-json\/wp\/v2\/product_tag?post=90452"}],"curies":[{"name":"wp","href":"https:\/\/api.w.org\/{rel}","templated":true}]}}