

{"id":90471,"date":"2024-07-26T16:34:29","date_gmt":"2024-07-26T16:34:29","guid":{"rendered":"https:\/\/new.aavesa.com\/produs\/bor-nadrag-651\/"},"modified":"2025-11-17T06:26:52","modified_gmt":"2025-11-17T06:26:52","slug":"bor-nadrag-651","status":"publish","type":"product","link":"https:\/\/aavesa.com\/hu\/product\/bor-nadrag-651\/","title":{"rendered":"B\u0151r nadr\u00e1g 651"},"content":{"rendered":"<p>Fedezze fel az eleganci\u00e1t \u00e9s a modernit\u00e1st b\u0151rnadr\u00e1gjainkkal, amelyek a kifinomult megjelen\u00e9s vitathatatlan v\u00e1laszt\u00e1sa. Ez a kiv\u00e1l\u00f3 min\u0151s\u00e9g\u0171 nadr\u00e1g praktikus cipz\u00e1rral z\u00e1r\u00f3dik, \u00e9s klasszikus sz\u00ednnel b\u00fcszk\u00e9lkedhet &#8211; fekete, mindig st\u00edlusos. A sziluettet hangs\u00falyoz\u00f3 magas der\u00e9kkal ez a nadr\u00e1g k\u00e9nyelmet \u00e9s eleg\u00e1ns megjelen\u00e9st k\u00edn\u00e1l. Kort\u00e1rs kialak\u00edt\u00e1s\u00e1val ez a b\u0151rnadr\u00e1g ide\u00e1lis v\u00e1laszt\u00e1s, hogy egy csipetnyi kifinomults\u00e1got \u00e9s st\u00edlust vigyen a ruhat\u00e1r\u00e1ba, ak\u00e1r az irod\u00e1ba megy, ak\u00e1r egy \u00e9jszakai v\u00e1rosn\u00e9z\u00e9sre. A nadr\u00e1g fekete, barna \u00e9s kr\u00e9msz\u00edn\u0171 sz\u00ednben kaphat\u00f3. Modell\u00fcnk 175 cm magas, 36-os m\u00e9retet visel, a term\u00e9k hossza 98 cm.     <\/p>\n","protected":false},"excerpt":{"rendered":"<p>Fedezze fel az eleganci\u00e1t \u00e9s a modernit\u00e1st b\u0151rnadr\u00e1gjainkkal, amelyek a kifinomult megjelen\u00e9s vitathatatlan v\u00e1laszt\u00e1sa. Ez a kiv\u00e1l\u00f3 min\u0151s\u00e9g\u0171 nadr\u00e1g praktikus cipz\u00e1rral z\u00e1r\u00f3dik, \u00e9s klasszikus sz\u00ednnel b\u00fcszk\u00e9lkedhet &#8211; fekete, mindig st\u00edlusos. A sziluettet hangs\u00falyoz\u00f3 magas der\u00e9kkal ez a nadr\u00e1g k\u00e9nyelmet \u00e9s eleg\u00e1ns megjelen\u00e9st k\u00edn\u00e1l. Kort\u00e1rs kialak\u00edt\u00e1s\u00e1val ez a b\u0151rnadr\u00e1g ide\u00e1lis v\u00e1laszt\u00e1s, hogy egy csipetnyi kifinomults\u00e1got \u00e9s [&hellip;]<\/p>\n","protected":false},"featured_media":96684,"comment_status":"closed","ping_status":"closed","template":"","meta":{"_acf_changed":false,"om_disable_all_campaigns":false,"inline_featured_image":false,"_monsterinsights_skip_tracking":false,"_monsterinsights_sitenote_active":false,"_monsterinsights_sitenote_note":"","_monsterinsights_sitenote_category":0},"product_brand":[],"product_cat":[727,880,918,882,821,916],"product_tag":[],"class_list":{"0":"post-90471","1":"product","2":"type-product","3":"status-publish","4":"has-post-thumbnail","6":"product_cat-2023-2024-kollekcio","7":"product_cat-2024-2025-kollekcio","8":"product_cat-2025-2026-kollekcio-autentikus-elegancia-szormeben-es-termeszetes-borben","9":"product_cat-bor-nadragok-noknek","10":"product_cat-bor-ruhak-noknek","11":"product_cat-valodi-bor-termekek-tavaszra-es-oszre-kabatok-nadragok-kabatok-szoknyak-es-loveszkabatok-kabatok-nadragok-kabatok-szoknyak-es-loveszkabatok","13":"first","14":"instock","15":"taxable","16":"shipping-taxable","17":"purchasable","18":"product-type-variable","19":"has-default-attributes","20":"wvs-archive-product-wrapper"},"acf":{"categorie_feed":""},"aioseo_notices":[],"_links":{"self":[{"href":"https:\/\/aavesa.com\/hu\/wp-json\/wp\/v2\/product\/90471","targetHints":{"allow":["GET"]}}],"collection":[{"href":"https:\/\/aavesa.com\/hu\/wp-json\/wp\/v2\/product"}],"about":[{"href":"https:\/\/aavesa.com\/hu\/wp-json\/wp\/v2\/types\/product"}],"replies":[{"embeddable":true,"href":"https:\/\/aavesa.com\/hu\/wp-json\/wp\/v2\/comments?post=90471"}],"wp:featuredmedia":[{"embeddable":true,"href":"https:\/\/aavesa.com\/hu\/wp-json\/wp\/v2\/media\/96684"}],"wp:attachment":[{"href":"https:\/\/aavesa.com\/hu\/wp-json\/wp\/v2\/media?parent=90471"}],"wp:term":[{"taxonomy":"product_brand","embeddable":true,"href":"https:\/\/aavesa.com\/hu\/wp-json\/wp\/v2\/product_brand?post=90471"},{"taxonomy":"product_cat","embeddable":true,"href":"https:\/\/aavesa.com\/hu\/wp-json\/wp\/v2\/product_cat?post=90471"},{"taxonomy":"product_tag","embeddable":true,"href":"https:\/\/aavesa.com\/hu\/wp-json\/wp\/v2\/product_tag?post=90471"}],"curies":[{"name":"wp","href":"https:\/\/api.w.org\/{rel}","templated":true}]}}