

{"id":90480,"date":"2024-07-26T16:34:29","date_gmt":"2024-07-26T16:34:29","guid":{"rendered":"https:\/\/new.aavesa.com\/produs\/mosomedve-szorme-koponyeg-620\/"},"modified":"2026-03-24T18:13:06","modified_gmt":"2026-03-24T16:13:06","slug":"mosomedve-szorme-koponyeg-620","status":"publish","type":"product","link":"https:\/\/aavesa.com\/hu\/product\/mosomedve-szorme-koponyeg-620\/","title":{"rendered":"Mos\u00f3medve sz\u0151rme k\u00f6p\u00f6nyeg 620"},"content":{"rendered":"<p>Eleg\u00e1ns konyaksz\u00edn\u0171 ny\u00edrb\u0151rk\u00f6peny\u00fcnkkel minden k\u00fcl\u00f6nleges esem\u00e9nyen vagy alkalomra felkapja a fej\u00e9t. Ez a k\u00fcl\u00f6nleges kialak\u00edt\u00e1s v\u00e1llkiv\u00e1g\u00e1sokkal rendelkezik a kifinomult \u00e9s \u00e9rz\u00e9ki megjelen\u00e9s\u00e9rt. A der\u00e9k kiemel\u00e9s\u00e9hez tartoz\u00e9kk\u00e9nt egy \u00f6vet is mell\u00e9kelt\u00fcnk. Ez a <a rel=\"nofollow\" href=\"https:\/\/aavesa.com\/hu\/nok\/bundas-salak-es-bundas-kopenyek\/\">nercbund\u00e1b\u00f3l k\u00e9sz\u00fclt k\u00f6peny<\/a> t\u00f6k\u00e9letesen alkalmas arra, hogy melegen tartson, \u00e9s f\u00e9ny\u0171z\u0151v\u00e9 var\u00e1zsolja esti \u00f6lt\u00f6z\u00e9k\u00e9t. Ezzel a bund\u00e1s k\u00f6pennyel b\u00e1rmilyen esem\u00e9nyen ragyogni fogsz, legyen az b\u00e1rmilyen eleg\u00e1ns vagy k\u00fcl\u00f6nleges. A k\u00f6peny taupe sz\u00ednben kaphat\u00f3.     <\/p>\n","protected":false},"excerpt":{"rendered":"<p>Eleg\u00e1ns konyaksz\u00edn\u0171 ny\u00edrb\u0151rk\u00f6peny\u00fcnkkel minden k\u00fcl\u00f6nleges esem\u00e9nyen vagy alkalomra felkapja a fej\u00e9t. Ez a k\u00fcl\u00f6nleges kialak\u00edt\u00e1s v\u00e1llkiv\u00e1g\u00e1sokkal rendelkezik a kifinomult \u00e9s \u00e9rz\u00e9ki megjelen\u00e9s\u00e9rt. A der\u00e9k kiemel\u00e9s\u00e9hez tartoz\u00e9kk\u00e9nt egy \u00f6vet is mell\u00e9kelt\u00fcnk. Ez a nercbund\u00e1b\u00f3l k\u00e9sz\u00fclt k\u00f6peny t\u00f6k\u00e9letesen alkalmas arra, hogy melegen tartson, \u00e9s f\u00e9ny\u0171z\u0151v\u00e9 var\u00e1zsolja esti \u00f6lt\u00f6z\u00e9k\u00e9t. Ezzel a bund\u00e1s k\u00f6pennyel b\u00e1rmilyen esem\u00e9nyen ragyogni fogsz, legyen [&hellip;]<\/p>\n","protected":false},"featured_media":90481,"comment_status":"closed","ping_status":"closed","template":"","meta":{"_acf_changed":false,"om_disable_all_campaigns":false,"inline_featured_image":false,"_monsterinsights_skip_tracking":false,"_monsterinsights_sitenote_active":false,"_monsterinsights_sitenote_note":"","_monsterinsights_sitenote_category":0},"product_brand":[],"product_cat":[727,792,769],"product_tag":[],"class_list":{"0":"post-90480","1":"product","2":"type-product","3":"status-publish","4":"has-post-thumbnail","6":"product_cat-2023-2024-kollekcio","7":"product_cat-bundas-salak-es-bundas-kopenyek","8":"product_cat-nerc-szorme","10":"first","11":"instock","12":"taxable","13":"shipping-taxable","14":"purchasable","15":"product-type-variable","16":"has-default-attributes","17":"wvs-archive-product-wrapper"},"acf":{"categorie_feed":""},"aioseo_notices":[],"_links":{"self":[{"href":"https:\/\/aavesa.com\/hu\/wp-json\/wp\/v2\/product\/90480","targetHints":{"allow":["GET"]}}],"collection":[{"href":"https:\/\/aavesa.com\/hu\/wp-json\/wp\/v2\/product"}],"about":[{"href":"https:\/\/aavesa.com\/hu\/wp-json\/wp\/v2\/types\/product"}],"replies":[{"embeddable":true,"href":"https:\/\/aavesa.com\/hu\/wp-json\/wp\/v2\/comments?post=90480"}],"wp:featuredmedia":[{"embeddable":true,"href":"https:\/\/aavesa.com\/hu\/wp-json\/wp\/v2\/media\/90481"}],"wp:attachment":[{"href":"https:\/\/aavesa.com\/hu\/wp-json\/wp\/v2\/media?parent=90480"}],"wp:term":[{"taxonomy":"product_brand","embeddable":true,"href":"https:\/\/aavesa.com\/hu\/wp-json\/wp\/v2\/product_brand?post=90480"},{"taxonomy":"product_cat","embeddable":true,"href":"https:\/\/aavesa.com\/hu\/wp-json\/wp\/v2\/product_cat?post=90480"},{"taxonomy":"product_tag","embeddable":true,"href":"https:\/\/aavesa.com\/hu\/wp-json\/wp\/v2\/product_tag?post=90480"}],"curies":[{"name":"wp","href":"https:\/\/api.w.org\/{rel}","templated":true}]}}