

{"id":90489,"date":"2024-07-26T16:34:29","date_gmt":"2024-07-26T16:34:29","guid":{"rendered":"https:\/\/new.aavesa.com\/produs\/bor-szoknya-650\/"},"modified":"2025-11-17T06:26:54","modified_gmt":"2025-11-17T06:26:54","slug":"bor-szoknya-650","status":"publish","type":"product","link":"https:\/\/aavesa.com\/hu\/product\/bor-szoknya-650\/","title":{"rendered":"B\u0151r szoknya 650"},"content":{"rendered":"<p>Fedezze fel a klasszikus eleganci\u00e1t fekete b\u0151rszokny\u00e1nkkal. Ez az id\u0151tlen ruhadarab b\u00e1rmelyik \u00f6lt\u00f6z\u00e9khez hozz\u00e1ad egy csipetnyi kifinomults\u00e1got. Az egyszer\u0171 \u00e9s kifinomult kialak\u00edt\u00e1s\u00fa szoknya finom csattal \u00e9s cipz\u00e1ras z\u00e1r\u00f3d\u00e1ssal rendelkezik a sima \u00e9s praktikus megjelen\u00e9s \u00e9rdek\u00e9ben. A kiv\u00e1l\u00f3 min\u0151s\u00e9g\u0171 anyag k\u00e9nyelmet \u00e9s tart\u00f3ss\u00e1got biztos\u00edt, a fekete sz\u00edn pedig minden alkalomhoz t\u00f6k\u00e9letes. A fekete b\u0151rszoknya minden n\u0151 ruhat\u00e1r\u00e1nak elengedhetetlen alapdarabja, amely id\u0151tlen eleganci\u00e1t \u00e9s st\u00edlust k\u00f6lcs\u00f6n\u00f6z minden napra. A szoknya fekete sz\u00ednben kaphat\u00f3. Modell\u00fcnk 175 cm magas, 36-os m\u00e9retet visel, a term\u00e9k hossza 66 cm.      <\/p>\n","protected":false},"excerpt":{"rendered":"<p>Fedezze fel a klasszikus eleganci\u00e1t fekete b\u0151rszokny\u00e1nkkal. Ez az id\u0151tlen ruhadarab b\u00e1rmelyik \u00f6lt\u00f6z\u00e9khez hozz\u00e1ad egy csipetnyi kifinomults\u00e1got. Az egyszer\u0171 \u00e9s kifinomult kialak\u00edt\u00e1s\u00fa szoknya finom csattal \u00e9s cipz\u00e1ras z\u00e1r\u00f3d\u00e1ssal rendelkezik a sima \u00e9s praktikus megjelen\u00e9s \u00e9rdek\u00e9ben. A kiv\u00e1l\u00f3 min\u0151s\u00e9g\u0171 anyag k\u00e9nyelmet \u00e9s tart\u00f3ss\u00e1got biztos\u00edt, a fekete sz\u00edn pedig minden alkalomhoz t\u00f6k\u00e9letes. A fekete b\u0151rszoknya minden n\u0151 [&hellip;]<\/p>\n","protected":false},"featured_media":93692,"comment_status":"closed","ping_status":"closed","template":"","meta":{"_acf_changed":false,"om_disable_all_campaigns":false,"inline_featured_image":false,"_monsterinsights_skip_tracking":false,"_monsterinsights_sitenote_active":false,"_monsterinsights_sitenote_note":"","_monsterinsights_sitenote_category":0},"product_brand":[],"product_cat":[727,880,821,881,916],"product_tag":[],"class_list":{"0":"post-90489","1":"product","2":"type-product","3":"status-publish","4":"has-post-thumbnail","6":"product_cat-2023-2024-kollekcio","7":"product_cat-2024-2025-kollekcio","8":"product_cat-bor-ruhak-noknek","9":"product_cat-bor-szoknyak-noknek","10":"product_cat-valodi-bor-termekek-tavaszra-es-oszre-kabatok-nadragok-kabatok-szoknyak-es-loveszkabatok-kabatok-nadragok-kabatok-szoknyak-es-loveszkabatok","12":"first","13":"instock","14":"taxable","15":"shipping-taxable","16":"purchasable","17":"product-type-variable","18":"has-default-attributes","19":"wvs-archive-product-wrapper"},"acf":{"categorie_feed":""},"aioseo_notices":[],"_links":{"self":[{"href":"https:\/\/aavesa.com\/hu\/wp-json\/wp\/v2\/product\/90489","targetHints":{"allow":["GET"]}}],"collection":[{"href":"https:\/\/aavesa.com\/hu\/wp-json\/wp\/v2\/product"}],"about":[{"href":"https:\/\/aavesa.com\/hu\/wp-json\/wp\/v2\/types\/product"}],"replies":[{"embeddable":true,"href":"https:\/\/aavesa.com\/hu\/wp-json\/wp\/v2\/comments?post=90489"}],"wp:featuredmedia":[{"embeddable":true,"href":"https:\/\/aavesa.com\/hu\/wp-json\/wp\/v2\/media\/93692"}],"wp:attachment":[{"href":"https:\/\/aavesa.com\/hu\/wp-json\/wp\/v2\/media?parent=90489"}],"wp:term":[{"taxonomy":"product_brand","embeddable":true,"href":"https:\/\/aavesa.com\/hu\/wp-json\/wp\/v2\/product_brand?post=90489"},{"taxonomy":"product_cat","embeddable":true,"href":"https:\/\/aavesa.com\/hu\/wp-json\/wp\/v2\/product_cat?post=90489"},{"taxonomy":"product_tag","embeddable":true,"href":"https:\/\/aavesa.com\/hu\/wp-json\/wp\/v2\/product_tag?post=90489"}],"curies":[{"name":"wp","href":"https:\/\/api.w.org\/{rel}","templated":true}]}}