

{"id":90495,"date":"2024-07-26T16:21:06","date_gmt":"2024-07-26T16:21:06","guid":{"rendered":"https:\/\/new.aavesa.com\/produs\/termeszetes-baranybor-kabat-347\/"},"modified":"2025-11-17T06:30:44","modified_gmt":"2025-11-17T06:30:44","slug":"termeszetes-baranybor-kabat-347","status":"publish","type":"product","link":"https:\/\/aavesa.com\/hu\/product\/termeszetes-baranybor-kabat-347\/","title":{"rendered":"Term\u00e9szetes b\u00e1r\u00e1nyb\u0151r kab\u00e1t 347"},"content":{"rendered":"<p>Term\u00e9szetes f\u00e9rfi b\u00e1r\u00e1nyb\u0151r bunda merin\u00f3 b\u00e1r\u00e1nysz\u0151rb\u0151l, 8 mm vastags\u00e1g\u00fara ny\u00edrva. Meleg \u00e9s j\u00f3 megjelen\u00e9s\u0171 kab\u00e1tot keres az idei t\u00e9lre? Akkor ez a t\u00f6k\u00e9letes v\u00e1laszt\u00e1s. Ez a f\u00e9rfi b\u00e1r\u00e1nyb\u0151r kab\u00e1t egyszer\u0171 szab\u00e1s\u00fa, tiszta \u00e9s f\u00e9rfias vonalakkal, valamint merin\u00f3b\u00e1r\u00e1ny sz\u0151rm\u00e9b\u0151l k\u00e9sz\u00fclt gall\u00e9rral rendelkezik. Ennek a b\u00e1r\u00e1nyb\u0151r kab\u00e1tnak a k\u00fclseje nappab\u0151rb\u0151l k\u00e9sz\u00fclt, amely v\u00e9delmet biztos\u00edt a hideg id\u0151j\u00e1r\u00e1s ellen. Emellett ez a sz\u0151rmekab\u00e1t k\u00f6zepes hossz\u00fas\u00e1g\u00fa, \u00e9s h\u00e1rom egym\u00e1shoz ill\u0151 gombbal z\u00e1r\u00f3dik. Ez a term\u00e9szetes b\u00e1r\u00e1nyb\u0151r kab\u00e1t k\u00e9t t\u00e1gas zsebbel rendelkezik, amelyek fedettek. Eg\u00e9sz\u00edtse ki ruhat\u00e1r\u00e1t ezzel a ruhadarabbal, \u00e9s nem fogja megb\u00e1nni a befektet\u00e9s\u00e9t.       <\/p>\n","protected":false},"excerpt":{"rendered":"<p>Term\u00e9szetes f\u00e9rfi b\u00e1r\u00e1nyb\u0151r bunda merin\u00f3 b\u00e1r\u00e1nysz\u0151rb\u0151l, 8 mm vastags\u00e1g\u00fara ny\u00edrva. Meleg \u00e9s j\u00f3 megjelen\u00e9s\u0171 kab\u00e1tot keres az idei t\u00e9lre? Akkor ez a t\u00f6k\u00e9letes v\u00e1laszt\u00e1s. Ez a f\u00e9rfi b\u00e1r\u00e1nyb\u0151r kab\u00e1t egyszer\u0171 szab\u00e1s\u00fa, tiszta \u00e9s f\u00e9rfias vonalakkal, valamint merin\u00f3b\u00e1r\u00e1ny sz\u0151rm\u00e9b\u0151l k\u00e9sz\u00fclt gall\u00e9rral rendelkezik. Ennek a b\u00e1r\u00e1nyb\u0151r kab\u00e1tnak a k\u00fclseje nappab\u0151rb\u0151l k\u00e9sz\u00fclt, amely v\u00e9delmet biztos\u00edt a hideg id\u0151j\u00e1r\u00e1s [&hellip;]<\/p>\n","protected":false},"featured_media":90496,"comment_status":"open","ping_status":"closed","template":"","meta":{"_acf_changed":false,"om_disable_all_campaigns":false,"inline_featured_image":false,"_monsterinsights_skip_tracking":false,"_monsterinsights_sitenote_active":false,"_monsterinsights_sitenote_note":"","_monsterinsights_sitenote_category":0},"product_brand":[],"product_cat":[784,778,794,725,777],"product_tag":[],"class_list":{"0":"post-90495","1":"product","2":"type-product","3":"status-publish","4":"has-post-thumbnail","6":"product_cat-baranybor","7":"product_cat-baranybor-kabatok-hu","8":"product_cat-ferfi-bundak","9":"product_cat-ferfiak","10":"product_cat-shearling-kabatok-ferfiaknak-ferfiak","12":"first","13":"instock","14":"taxable","15":"shipping-taxable","16":"purchasable","17":"product-type-variable","18":"has-default-attributes","19":"wvs-archive-product-wrapper"},"acf":{"categorie_feed":""},"aioseo_notices":[],"_links":{"self":[{"href":"https:\/\/aavesa.com\/hu\/wp-json\/wp\/v2\/product\/90495","targetHints":{"allow":["GET"]}}],"collection":[{"href":"https:\/\/aavesa.com\/hu\/wp-json\/wp\/v2\/product"}],"about":[{"href":"https:\/\/aavesa.com\/hu\/wp-json\/wp\/v2\/types\/product"}],"replies":[{"embeddable":true,"href":"https:\/\/aavesa.com\/hu\/wp-json\/wp\/v2\/comments?post=90495"}],"wp:featuredmedia":[{"embeddable":true,"href":"https:\/\/aavesa.com\/hu\/wp-json\/wp\/v2\/media\/90496"}],"wp:attachment":[{"href":"https:\/\/aavesa.com\/hu\/wp-json\/wp\/v2\/media?parent=90495"}],"wp:term":[{"taxonomy":"product_brand","embeddable":true,"href":"https:\/\/aavesa.com\/hu\/wp-json\/wp\/v2\/product_brand?post=90495"},{"taxonomy":"product_cat","embeddable":true,"href":"https:\/\/aavesa.com\/hu\/wp-json\/wp\/v2\/product_cat?post=90495"},{"taxonomy":"product_tag","embeddable":true,"href":"https:\/\/aavesa.com\/hu\/wp-json\/wp\/v2\/product_tag?post=90495"}],"curies":[{"name":"wp","href":"https:\/\/api.w.org\/{rel}","templated":true}]}}