

{"id":90501,"date":"2024-07-26T16:21:06","date_gmt":"2024-07-26T16:21:06","guid":{"rendered":"https:\/\/new.aavesa.com\/produs\/termeszetes-rokaprem-kulcstarto-941\/"},"modified":"2026-04-05T17:23:05","modified_gmt":"2026-04-05T19:23:05","slug":"termeszetes-rokaprem-kulcstarto-941","status":"publish","type":"product","link":"https:\/\/aavesa.com\/hu\/product\/termeszetes-rokaprem-kulcstarto-941\/","title":{"rendered":"Term\u00e9szetes r\u00f3kapr\u00e9m kulcstart\u00f3 941"},"content":{"rendered":"<p>Ez a <a rel=\"nofollow\" href=\"https:\/\/aavesa.com\/hu\/nok\/szorme-kiegeszitok\/\">term\u00e9szetes r\u00f3kasz\u0151rme kulcstart\u00f3<\/a> rendk\u00edv\u00fcl praktikus kieg\u00e9sz\u00edt\u0151, amely seg\u00edt megel\u0151zni a kellemetlen helyzeteket. Hasznos csecsebecse az, amelynek hi\u00e1ny\u00e1t azonnal \u00e9rezni fogjuk. Ez a term\u00e9szetes r\u00f3kafarok sz\u0151rm\u00e9b\u0151l k\u00e9sz\u00fclt bolyhos bizsu k\u00fcl\u00f6n\u00f6sen kellemes tapint\u00e1s\u00fa, \u00edgy cs\u00e1b\u00edt\u00f3 lesz, hogy a kulcsokat a kez\u00fcnkbe vegy\u00fck. Egyedi, praktikus \u00e9s k\u00fcl\u00f6n\u00f6sen eleg\u00e1ns, ez a r\u00f3kafarok sz\u0151rme kulcstart\u00f3 n\u00e9lk\u00fcl\u00f6zhetetlen kieg\u00e9sz\u00edt\u0151, amely minden zsebben vagy t\u00e1sk\u00e1ban n\u00e9lk\u00fcl\u00f6zhetetlen.   <\/p>\n","protected":false},"excerpt":{"rendered":"<p>Ez a term\u00e9szetes r\u00f3kasz\u0151rme kulcstart\u00f3 rendk\u00edv\u00fcl praktikus kieg\u00e9sz\u00edt\u0151, amely seg\u00edt megel\u0151zni a kellemetlen helyzeteket. Hasznos csecsebecse az, amelynek hi\u00e1ny\u00e1t azonnal \u00e9rezni fogjuk. Ez a term\u00e9szetes r\u00f3kafarok sz\u0151rm\u00e9b\u0151l k\u00e9sz\u00fclt bolyhos bizsu k\u00fcl\u00f6n\u00f6sen kellemes tapint\u00e1s\u00fa, \u00edgy cs\u00e1b\u00edt\u00f3 lesz, hogy a kulcsokat a kez\u00fcnkbe vegy\u00fck. Egyedi, praktikus \u00e9s k\u00fcl\u00f6n\u00f6sen eleg\u00e1ns, ez a r\u00f3kafarok sz\u0151rme kulcstart\u00f3 n\u00e9lk\u00fcl\u00f6zhetetlen kieg\u00e9sz\u00edt\u0151, amely [&hellip;]<\/p>\n","protected":false},"featured_media":90502,"comment_status":"open","ping_status":"closed","template":"","meta":{"_acf_changed":false,"om_disable_all_campaigns":false,"inline_featured_image":false,"_monsterinsights_skip_tracking":false,"_monsterinsights_sitenote_active":false,"_monsterinsights_sitenote_note":"","_monsterinsights_sitenote_category":0},"product_brand":[],"product_cat":[795,741,765,807],"product_tag":[],"class_list":{"0":"post-90501","1":"product","2":"type-product","3":"status-publish","4":"has-post-thumbnail","6":"product_cat-kiegeszitok","7":"product_cat-nok","8":"product_cat-roka-szorme","9":"product_cat-szorme-kiegeszitok","11":"first","12":"instock","13":"taxable","14":"shipping-taxable","15":"purchasable","16":"product-type-variable","17":"has-default-attributes","18":"wvs-archive-product-wrapper"},"acf":{"categorie_feed":""},"aioseo_notices":[],"_links":{"self":[{"href":"https:\/\/aavesa.com\/hu\/wp-json\/wp\/v2\/product\/90501","targetHints":{"allow":["GET"]}}],"collection":[{"href":"https:\/\/aavesa.com\/hu\/wp-json\/wp\/v2\/product"}],"about":[{"href":"https:\/\/aavesa.com\/hu\/wp-json\/wp\/v2\/types\/product"}],"replies":[{"embeddable":true,"href":"https:\/\/aavesa.com\/hu\/wp-json\/wp\/v2\/comments?post=90501"}],"wp:featuredmedia":[{"embeddable":true,"href":"https:\/\/aavesa.com\/hu\/wp-json\/wp\/v2\/media\/90502"}],"wp:attachment":[{"href":"https:\/\/aavesa.com\/hu\/wp-json\/wp\/v2\/media?parent=90501"}],"wp:term":[{"taxonomy":"product_brand","embeddable":true,"href":"https:\/\/aavesa.com\/hu\/wp-json\/wp\/v2\/product_brand?post=90501"},{"taxonomy":"product_cat","embeddable":true,"href":"https:\/\/aavesa.com\/hu\/wp-json\/wp\/v2\/product_cat?post=90501"},{"taxonomy":"product_tag","embeddable":true,"href":"https:\/\/aavesa.com\/hu\/wp-json\/wp\/v2\/product_tag?post=90501"}],"curies":[{"name":"wp","href":"https:\/\/api.w.org\/{rel}","templated":true}]}}