

{"id":90513,"date":"2024-07-26T16:34:29","date_gmt":"2024-07-26T16:34:29","guid":{"rendered":"https:\/\/new.aavesa.com\/produs\/baranybor-es-jeges-roka-szorme-kalap-542\/"},"modified":"2025-11-17T06:26:51","modified_gmt":"2025-11-17T06:26:51","slug":"baranybor-es-jeges-roka-szorme-kalap-542","status":"publish","type":"product","link":"https:\/\/aavesa.com\/hu\/product\/baranybor-es-jeges-roka-szorme-kalap-542\/","title":{"rendered":"B\u00e1r\u00e1nyb\u0151r \u00e9s jeges r\u00f3ka sz\u0151rme kalap 542"},"content":{"rendered":"<p>Tapasztalja meg a meleget \u00e9s a luxust <a href=\"https:\/\/aavesa.com\/hu\/nok\/bundas-kalapok-shearling-kalapok-noknek\/\">b\u00e1r\u00e1nyb\u0151r \u00e9s sarki r\u00f3ka sz\u0151rme sapk\u00e1nkkal<\/a>. Ez az eleg\u00e1ns sapka praktikus cipz\u00e1rral \u00e9s fedett f\u00fclekkel rendelkezik, hogy k\u00e9nyelmes legyen a hideg \u00e9vszakban. A sarki r\u00f3ka sz\u0151rme extra meleget \u00e9s st\u00edlust k\u00f6lcs\u00f6n\u00f6z.   Ez a kalap kiv\u00e9teles divatdarab, amely t\u00f6k\u00e9letesen kieg\u00e9sz\u00edti t\u00e9li \u00f6lt\u00f6zk\u00f6d\u00e9s\u00e9t, mik\u00f6zben \u00e9lvezheti a jeges r\u00f3ka sz\u0151rme ny\u00fajtotta k\u00e9nyelmet \u00e9s eleganci\u00e1t. A sapka fekete \u00e9s feh\u00e9r sz\u00ednben kaphat\u00f3.<\/p>\n","protected":false},"excerpt":{"rendered":"<p>Tapasztalja meg a meleget \u00e9s a luxust b\u00e1r\u00e1nyb\u0151r \u00e9s sarki r\u00f3ka sz\u0151rme sapk\u00e1nkkal. Ez az eleg\u00e1ns sapka praktikus cipz\u00e1rral \u00e9s fedett f\u00fclekkel rendelkezik, hogy k\u00e9nyelmes legyen a hideg \u00e9vszakban. A sarki r\u00f3ka sz\u0151rme extra meleget \u00e9s st\u00edlust k\u00f6lcs\u00f6n\u00f6z. Ez a kalap kiv\u00e9teles divatdarab, amely t\u00f6k\u00e9letesen kieg\u00e9sz\u00edti t\u00e9li \u00f6lt\u00f6zk\u00f6d\u00e9s\u00e9t, mik\u00f6zben \u00e9lvezheti a jeges r\u00f3ka sz\u0151rme ny\u00fajtotta [&hellip;]<\/p>\n","protected":false},"featured_media":90514,"comment_status":"closed","ping_status":"closed","template":"","meta":{"_acf_changed":false,"om_disable_all_campaigns":false,"inline_featured_image":false,"_monsterinsights_skip_tracking":false,"_monsterinsights_sitenote_active":false,"_monsterinsights_sitenote_note":"","_monsterinsights_sitenote_category":0},"product_brand":[],"product_cat":[727,750,765,737],"product_tag":[],"class_list":{"0":"post-90513","1":"product","2":"type-product","3":"status-publish","4":"has-post-thumbnail","6":"product_cat-2023-2024-kollekcio","7":"product_cat-bundas-kalapok-shearling-kalapok-noknek","8":"product_cat-roka-szorme","9":"product_cat-teli-sapkak","11":"first","12":"instock","13":"taxable","14":"shipping-taxable","15":"purchasable","16":"product-type-variable","17":"has-default-attributes","18":"wvs-archive-product-wrapper"},"acf":{"categorie_feed":""},"aioseo_notices":[],"_links":{"self":[{"href":"https:\/\/aavesa.com\/hu\/wp-json\/wp\/v2\/product\/90513","targetHints":{"allow":["GET"]}}],"collection":[{"href":"https:\/\/aavesa.com\/hu\/wp-json\/wp\/v2\/product"}],"about":[{"href":"https:\/\/aavesa.com\/hu\/wp-json\/wp\/v2\/types\/product"}],"replies":[{"embeddable":true,"href":"https:\/\/aavesa.com\/hu\/wp-json\/wp\/v2\/comments?post=90513"}],"wp:featuredmedia":[{"embeddable":true,"href":"https:\/\/aavesa.com\/hu\/wp-json\/wp\/v2\/media\/90514"}],"wp:attachment":[{"href":"https:\/\/aavesa.com\/hu\/wp-json\/wp\/v2\/media?parent=90513"}],"wp:term":[{"taxonomy":"product_brand","embeddable":true,"href":"https:\/\/aavesa.com\/hu\/wp-json\/wp\/v2\/product_brand?post=90513"},{"taxonomy":"product_cat","embeddable":true,"href":"https:\/\/aavesa.com\/hu\/wp-json\/wp\/v2\/product_cat?post=90513"},{"taxonomy":"product_tag","embeddable":true,"href":"https:\/\/aavesa.com\/hu\/wp-json\/wp\/v2\/product_tag?post=90513"}],"curies":[{"name":"wp","href":"https:\/\/api.w.org\/{rel}","templated":true}]}}