

{"id":90530,"date":"2024-07-26T16:21:07","date_gmt":"2024-07-26T16:21:07","guid":{"rendered":"https:\/\/new.aavesa.com\/produs\/borkesztyu-kerekparhoz-m104\/"},"modified":"2025-11-17T06:30:40","modified_gmt":"2025-11-17T06:30:40","slug":"borkesztyu-kerekparhoz-m104","status":"publish","type":"product","link":"https:\/\/aavesa.com\/hu\/product\/borkesztyu-kerekparhoz-m104\/","title":{"rendered":"B\u0151rkeszty\u0171 ker\u00e9kp\u00e1rhoz M104"},"content":{"rendered":"<p>A ker\u00e9kp\u00e1ros keszty\u0171 nagyszer\u0171 kieg\u00e9sz\u00edt\u0151, amely klasszikus eleganci\u00e1t k\u00f6lcs\u00f6n\u00f6z minden ped\u00e1loz\u00e1shoz haszn\u00e1lt ruh\u00e1zatnak. Ezek a n\u0151i keszty\u0171k nappab\u0151rb\u0151l k\u00e9sz\u00fcltek, \u00e9s modern, sportos kialak\u00edt\u00e1s\u00faak, sz\u00e1mos geometriai perfor\u00e1ci\u00f3val, amelyek biztos\u00edtj\u00e1k a leveg\u0151 kering\u00e9s\u00e9t, hogy a k\u00e9z ne izzadjon. A b\u0151rkeszty\u0171 a csukl\u00f3n\u00e1l r\u00f6gz\u00edthet\u0151 a csukl\u00f3n\u00e1l f\u00e9m nyom\u00f3gombok seg\u00edts\u00e9g\u00e9vel. A b\u0151r k\u00e9t \u00e1rnyalata &#8211; s\u00f6t\u00e9t a bels\u0151 oldalon \u00e9s vil\u00e1gosabb a k\u00fcls\u0151 oldalon &#8211; harmonikusan eg\u00e9sz\u00edti ki.   <\/p>\n","protected":false},"excerpt":{"rendered":"<p>A ker\u00e9kp\u00e1ros keszty\u0171 nagyszer\u0171 kieg\u00e9sz\u00edt\u0151, amely klasszikus eleganci\u00e1t k\u00f6lcs\u00f6n\u00f6z minden ped\u00e1loz\u00e1shoz haszn\u00e1lt ruh\u00e1zatnak. Ezek a n\u0151i keszty\u0171k nappab\u0151rb\u0151l k\u00e9sz\u00fcltek, \u00e9s modern, sportos kialak\u00edt\u00e1s\u00faak, sz\u00e1mos geometriai perfor\u00e1ci\u00f3val, amelyek biztos\u00edtj\u00e1k a leveg\u0151 kering\u00e9s\u00e9t, hogy a k\u00e9z ne izzadjon. A b\u0151rkeszty\u0171 a csukl\u00f3n\u00e1l r\u00f6gz\u00edthet\u0151 a csukl\u00f3n\u00e1l f\u00e9m nyom\u00f3gombok seg\u00edts\u00e9g\u00e9vel. A b\u0151r k\u00e9t \u00e1rnyalata &#8211; s\u00f6t\u00e9t a bels\u0151 oldalon [&hellip;]<\/p>\n","protected":false},"featured_media":90532,"comment_status":"open","ping_status":"closed","template":"","meta":{"_acf_changed":false,"om_disable_all_campaigns":false,"inline_featured_image":false,"_monsterinsights_skip_tracking":false,"_monsterinsights_sitenote_active":false,"_monsterinsights_sitenote_note":"","_monsterinsights_sitenote_category":0},"product_brand":[],"product_cat":[742,743,795,741],"product_tag":[],"class_list":{"0":"post-90530","1":"product","2":"type-product","3":"status-publish","4":"has-post-thumbnail","6":"product_cat-bor-kesztyu","7":"product_cat-borkesztyu-noi","8":"product_cat-kiegeszitok","9":"product_cat-nok","11":"first","12":"outofstock","13":"taxable","14":"shipping-taxable","15":"product-type-variable","16":"has-default-attributes","17":"wvs-archive-product-wrapper"},"acf":{"categorie_feed":""},"aioseo_notices":[],"_links":{"self":[{"href":"https:\/\/aavesa.com\/hu\/wp-json\/wp\/v2\/product\/90530","targetHints":{"allow":["GET"]}}],"collection":[{"href":"https:\/\/aavesa.com\/hu\/wp-json\/wp\/v2\/product"}],"about":[{"href":"https:\/\/aavesa.com\/hu\/wp-json\/wp\/v2\/types\/product"}],"replies":[{"embeddable":true,"href":"https:\/\/aavesa.com\/hu\/wp-json\/wp\/v2\/comments?post=90530"}],"wp:featuredmedia":[{"embeddable":true,"href":"https:\/\/aavesa.com\/hu\/wp-json\/wp\/v2\/media\/90532"}],"wp:attachment":[{"href":"https:\/\/aavesa.com\/hu\/wp-json\/wp\/v2\/media?parent=90530"}],"wp:term":[{"taxonomy":"product_brand","embeddable":true,"href":"https:\/\/aavesa.com\/hu\/wp-json\/wp\/v2\/product_brand?post=90530"},{"taxonomy":"product_cat","embeddable":true,"href":"https:\/\/aavesa.com\/hu\/wp-json\/wp\/v2\/product_cat?post=90530"},{"taxonomy":"product_tag","embeddable":true,"href":"https:\/\/aavesa.com\/hu\/wp-json\/wp\/v2\/product_tag?post=90530"}],"curies":[{"name":"wp","href":"https:\/\/api.w.org\/{rel}","templated":true}]}}