

{"id":90535,"date":"2024-07-26T16:21:06","date_gmt":"2024-07-26T16:21:06","guid":{"rendered":"https:\/\/new.aavesa.com\/produs\/rovid-borkesztyu-noknek-m103\/"},"modified":"2025-11-17T06:30:44","modified_gmt":"2025-11-17T06:30:44","slug":"rovid-borkesztyu-noknek-m103","status":"publish","type":"product","link":"https:\/\/aavesa.com\/hu\/product\/rovid-borkesztyu-noknek-m103\/","title":{"rendered":"R\u00f6vid b\u0151rkeszty\u0171 n\u0151knek M103"},"content":{"rendered":"<p>A keszty\u0171 a legfontosabb t\u00e9li kieg\u00e9sz\u00edt\u0151. A st\u00edlusos \u00e9s a hideg \u00e9vszakban is n\u00e9lk\u00fcl\u00f6zhetetlen ruhat\u00e1runkban a keszty\u0171k sikeresen kieg\u00e9sz\u00edthetik minden \u00f6lt\u00f6z\u00e9k\u00fcnket. Ezek a keszty\u0171k k\u00edv\u00fclr\u0151l nappab\u0151rb\u0151l k\u00e9sz\u00fcltek, alul, a bels\u0151 r\u00e9szen egy gumival rendelkeznek, amely biztos\u00edtja az optim\u00e1lis illeszked\u00e9st, de egy laz\u00e1bb keszty\u0171 kin\u00e9zet\u00e9t is. Egyszer\u0171 \u00e9s k\u00e9nyelmes, ezek az eleg\u00e1ns keszty\u0171k egyszerre v\u00e9dik \u00e9s diszkr\u00e9ten fel\u00e9rt\u00e9kelik az \u00f6lt\u00f6z\u00e9k t\u00f6bbi r\u00e9sz\u00e9t, kifinomults\u00e1got k\u00edn\u00e1lva a t\u00e9li \u00f6lt\u00f6z\u00e9kekhez.   <\/p>\n","protected":false},"excerpt":{"rendered":"<p>A keszty\u0171 a legfontosabb t\u00e9li kieg\u00e9sz\u00edt\u0151. A st\u00edlusos \u00e9s a hideg \u00e9vszakban is n\u00e9lk\u00fcl\u00f6zhetetlen ruhat\u00e1runkban a keszty\u0171k sikeresen kieg\u00e9sz\u00edthetik minden \u00f6lt\u00f6z\u00e9k\u00fcnket. Ezek a keszty\u0171k k\u00edv\u00fclr\u0151l nappab\u0151rb\u0151l k\u00e9sz\u00fcltek, alul, a bels\u0151 r\u00e9szen egy gumival rendelkeznek, amely biztos\u00edtja az optim\u00e1lis illeszked\u00e9st, de egy laz\u00e1bb keszty\u0171 kin\u00e9zet\u00e9t is. Egyszer\u0171 \u00e9s k\u00e9nyelmes, ezek az eleg\u00e1ns keszty\u0171k egyszerre v\u00e9dik \u00e9s [&hellip;]<\/p>\n","protected":false},"featured_media":90537,"comment_status":"open","ping_status":"closed","template":"","meta":{"_acf_changed":false,"om_disable_all_campaigns":false,"inline_featured_image":false,"_monsterinsights_skip_tracking":false,"_monsterinsights_sitenote_active":false,"_monsterinsights_sitenote_note":"","_monsterinsights_sitenote_category":0},"product_brand":[],"product_cat":[742,743,795,741],"product_tag":[],"class_list":{"0":"post-90535","1":"product","2":"type-product","3":"status-publish","4":"has-post-thumbnail","6":"product_cat-bor-kesztyu","7":"product_cat-borkesztyu-noi","8":"product_cat-kiegeszitok","9":"product_cat-nok","11":"first","12":"outofstock","13":"taxable","14":"shipping-taxable","15":"product-type-variable","16":"has-default-attributes","17":"wvs-archive-product-wrapper"},"acf":{"categorie_feed":""},"aioseo_notices":[],"_links":{"self":[{"href":"https:\/\/aavesa.com\/hu\/wp-json\/wp\/v2\/product\/90535","targetHints":{"allow":["GET"]}}],"collection":[{"href":"https:\/\/aavesa.com\/hu\/wp-json\/wp\/v2\/product"}],"about":[{"href":"https:\/\/aavesa.com\/hu\/wp-json\/wp\/v2\/types\/product"}],"replies":[{"embeddable":true,"href":"https:\/\/aavesa.com\/hu\/wp-json\/wp\/v2\/comments?post=90535"}],"wp:featuredmedia":[{"embeddable":true,"href":"https:\/\/aavesa.com\/hu\/wp-json\/wp\/v2\/media\/90537"}],"wp:attachment":[{"href":"https:\/\/aavesa.com\/hu\/wp-json\/wp\/v2\/media?parent=90535"}],"wp:term":[{"taxonomy":"product_brand","embeddable":true,"href":"https:\/\/aavesa.com\/hu\/wp-json\/wp\/v2\/product_brand?post=90535"},{"taxonomy":"product_cat","embeddable":true,"href":"https:\/\/aavesa.com\/hu\/wp-json\/wp\/v2\/product_cat?post=90535"},{"taxonomy":"product_tag","embeddable":true,"href":"https:\/\/aavesa.com\/hu\/wp-json\/wp\/v2\/product_tag?post=90535"}],"curies":[{"name":"wp","href":"https:\/\/api.w.org\/{rel}","templated":true}]}}