

{"id":90539,"date":"2024-07-26T16:21:07","date_gmt":"2024-07-26T16:21:07","guid":{"rendered":"https:\/\/new.aavesa.com\/produs\/elegans-borkesztyu-ferfiaknak-m200\/"},"modified":"2025-11-17T06:30:39","modified_gmt":"2025-11-17T06:30:39","slug":"elegans-borkesztyu-ferfiaknak-m200","status":"publish","type":"product","link":"https:\/\/aavesa.com\/hu\/product\/elegans-borkesztyu-ferfiaknak-m200\/","title":{"rendered":"Eleg\u00e1ns b\u0151rkeszty\u0171 f\u00e9rfiaknak M200"},"content":{"rendered":"<p>A keszty\u0171 k\u00e9ts\u00e9gtelen\u00fcl a hideg \u00e9vszak egyik legfontosabb kieg\u00e9sz\u00edt\u0151je, amelyet k\u00f6nnyed\u00e9n \u00f6ssze tudunk hangolni a t\u00f6bbi ruhadarabunkkal. Meleg, tart\u00f3s \u00e9s st\u00edlusos, ezek az <a href=\"https:\/\/aavesa.com\/hu\/ferfiak\/borkesztyuk-ferfiaknak\/\">eleg\u00e1ns f\u00e9rfi b\u0151rkeszty\u0171k<\/a> biztos\u00edtj\u00e1k a k\u00e9z k\u00e9nyelm\u00e9t \u00e9s v\u00e9dik a kezeket a t\u00e9li hidegt\u0151l, a bels\u0151 r\u00e9sz j\u00f3l p\u00e1rn\u00e1zott. K\u00edv\u00fclr\u0151l pedig nappab\u0151rb\u0151l k\u00e9sz\u00fcltek. A k\u00fcls\u0151 oldalon tal\u00e1lhat\u00f3 f\u00e9m nyom\u00f3gomb \u00e9s a l\u00e1that\u00f3 varr\u00e1s olyan diz\u00e1jnelemek, amelyek laz\u00e1bb megjelen\u00e9st biztos\u00edtanak, ezek a keszty\u0171k k\u00f6nny\u0171ek \u00e9s a nap b\u00e1rmely szak\u00e1ban alkalmasak.   <\/p>\n","protected":false},"excerpt":{"rendered":"<p>A keszty\u0171 k\u00e9ts\u00e9gtelen\u00fcl a hideg \u00e9vszak egyik legfontosabb kieg\u00e9sz\u00edt\u0151je, amelyet k\u00f6nnyed\u00e9n \u00f6ssze tudunk hangolni a t\u00f6bbi ruhadarabunkkal. Meleg, tart\u00f3s \u00e9s st\u00edlusos, ezek az eleg\u00e1ns f\u00e9rfi b\u0151rkeszty\u0171k biztos\u00edtj\u00e1k a k\u00e9z k\u00e9nyelm\u00e9t \u00e9s v\u00e9dik a kezeket a t\u00e9li hidegt\u0151l, a bels\u0151 r\u00e9sz j\u00f3l p\u00e1rn\u00e1zott. K\u00edv\u00fclr\u0151l pedig nappab\u0151rb\u0151l k\u00e9sz\u00fcltek. A k\u00fcls\u0151 oldalon tal\u00e1lhat\u00f3 f\u00e9m nyom\u00f3gomb \u00e9s a l\u00e1that\u00f3 [&hellip;]<\/p>\n","protected":false},"featured_media":90540,"comment_status":"open","ping_status":"closed","template":"","meta":{"_acf_changed":false,"om_disable_all_campaigns":false,"inline_featured_image":false,"_monsterinsights_skip_tracking":false,"_monsterinsights_sitenote_active":false,"_monsterinsights_sitenote_note":"","_monsterinsights_sitenote_category":0},"product_brand":[],"product_cat":[742,828,725,795],"product_tag":[],"class_list":{"0":"post-90539","1":"product","2":"type-product","3":"status-publish","4":"has-post-thumbnail","6":"product_cat-bor-kesztyu","7":"product_cat-borkesztyuk-ferfiaknak","8":"product_cat-ferfiak","9":"product_cat-kiegeszitok","11":"first","12":"instock","13":"taxable","14":"shipping-taxable","15":"purchasable","16":"product-type-variable","17":"has-default-attributes","18":"wvs-archive-product-wrapper"},"acf":{"categorie_feed":""},"aioseo_notices":[],"_links":{"self":[{"href":"https:\/\/aavesa.com\/hu\/wp-json\/wp\/v2\/product\/90539","targetHints":{"allow":["GET"]}}],"collection":[{"href":"https:\/\/aavesa.com\/hu\/wp-json\/wp\/v2\/product"}],"about":[{"href":"https:\/\/aavesa.com\/hu\/wp-json\/wp\/v2\/types\/product"}],"replies":[{"embeddable":true,"href":"https:\/\/aavesa.com\/hu\/wp-json\/wp\/v2\/comments?post=90539"}],"wp:featuredmedia":[{"embeddable":true,"href":"https:\/\/aavesa.com\/hu\/wp-json\/wp\/v2\/media\/90540"}],"wp:attachment":[{"href":"https:\/\/aavesa.com\/hu\/wp-json\/wp\/v2\/media?parent=90539"}],"wp:term":[{"taxonomy":"product_brand","embeddable":true,"href":"https:\/\/aavesa.com\/hu\/wp-json\/wp\/v2\/product_brand?post=90539"},{"taxonomy":"product_cat","embeddable":true,"href":"https:\/\/aavesa.com\/hu\/wp-json\/wp\/v2\/product_cat?post=90539"},{"taxonomy":"product_tag","embeddable":true,"href":"https:\/\/aavesa.com\/hu\/wp-json\/wp\/v2\/product_tag?post=90539"}],"curies":[{"name":"wp","href":"https:\/\/api.w.org\/{rel}","templated":true}]}}