

{"id":90544,"date":"2024-07-26T16:34:28","date_gmt":"2024-07-26T16:34:28","guid":{"rendered":"https:\/\/new.aavesa.com\/produs\/ferfi-termeszetes-borkesztyuk-m219\/"},"modified":"2025-11-17T06:26:53","modified_gmt":"2025-11-17T06:26:53","slug":"ferfi-termeszetes-borkesztyuk-m219","status":"publish","type":"product","link":"https:\/\/aavesa.com\/hu\/product\/ferfi-termeszetes-borkesztyuk-m219\/","title":{"rendered":"F\u00e9rfi term\u00e9szetes b\u0151rkeszty\u0171k M219"},"content":{"rendered":"<p>Ak\u00e1r napk\u00f6zben, ak\u00e1r k\u00fcl\u00f6nleges alkalmakkor viseli, ezek a <a rel=\"nofollow\" href=\"https:\/\/aavesa.com\/hu\/ferfiak\/borkesztyuk-ferfiaknak\/\">val\u00f3di b\u0151rb\u0151l k\u00e9sz\u00fclt f\u00e9rfi keszty\u0171k<\/a> t\u00f6k\u00e9letes kieg\u00e9sz\u00edt\u0151i a min\u0151s\u00e9g \u00e9s az elegancia ir\u00e1nti \u00edzl\u00e9s\u00e9nek. A term\u00e9szetes b\u0151r finom \u00e9s rugalmas text\u00far\u00e1ja rendk\u00edv\u00fcli k\u00e9nyelmet \u00e9s t\u00f6k\u00e9letes illeszked\u00e9st biztos\u00edt a kez\u00e9n. R\u00e1ad\u00e1sul a term\u00e9szetes b\u0151r tart\u00f3s \u00e9s kop\u00e1s\u00e1ll\u00f3, \u00edgy hossz\u00fa t\u00e1v\u00fa befektet\u00e9s a ruhat\u00e1r\u00e1ban. Adjon egy csipetnyi kifinomults\u00e1got \u0151szi \u00e9s t\u00e9li \u00f6lt\u00f6z\u00e9k\u00e9hez ezekkel a f\u00e9rfi b\u0151rkeszty\u0171kkel, \u00e9s \u00e9lvezze az \u00e1ltaluk ny\u00fajtott k\u00e9nyelmet \u00e9s meleget.   <\/p>\n","protected":false},"excerpt":{"rendered":"<p>Ak\u00e1r napk\u00f6zben, ak\u00e1r k\u00fcl\u00f6nleges alkalmakkor viseli, ezek a val\u00f3di b\u0151rb\u0151l k\u00e9sz\u00fclt f\u00e9rfi keszty\u0171k t\u00f6k\u00e9letes kieg\u00e9sz\u00edt\u0151i a min\u0151s\u00e9g \u00e9s az elegancia ir\u00e1nti \u00edzl\u00e9s\u00e9nek. A term\u00e9szetes b\u0151r finom \u00e9s rugalmas text\u00far\u00e1ja rendk\u00edv\u00fcli k\u00e9nyelmet \u00e9s t\u00f6k\u00e9letes illeszked\u00e9st biztos\u00edt a kez\u00e9n. R\u00e1ad\u00e1sul a term\u00e9szetes b\u0151r tart\u00f3s \u00e9s kop\u00e1s\u00e1ll\u00f3, \u00edgy hossz\u00fa t\u00e1v\u00fa befektet\u00e9s a ruhat\u00e1r\u00e1ban. Adjon egy csipetnyi kifinomults\u00e1got \u0151szi [&hellip;]<\/p>\n","protected":false},"featured_media":90545,"comment_status":"closed","ping_status":"closed","template":"","meta":{"_acf_changed":false,"om_disable_all_campaigns":false,"inline_featured_image":false,"_monsterinsights_skip_tracking":false,"_monsterinsights_sitenote_active":false,"_monsterinsights_sitenote_note":"","_monsterinsights_sitenote_category":0},"product_brand":[],"product_cat":[727,742,828],"product_tag":[],"class_list":{"0":"post-90544","1":"product","2":"type-product","3":"status-publish","4":"has-post-thumbnail","6":"product_cat-2023-2024-kollekcio","7":"product_cat-bor-kesztyu","8":"product_cat-borkesztyuk-ferfiaknak","10":"first","11":"instock","12":"taxable","13":"shipping-taxable","14":"purchasable","15":"product-type-variable","16":"has-default-attributes","17":"wvs-archive-product-wrapper"},"acf":{"categorie_feed":""},"aioseo_notices":[],"_links":{"self":[{"href":"https:\/\/aavesa.com\/hu\/wp-json\/wp\/v2\/product\/90544","targetHints":{"allow":["GET"]}}],"collection":[{"href":"https:\/\/aavesa.com\/hu\/wp-json\/wp\/v2\/product"}],"about":[{"href":"https:\/\/aavesa.com\/hu\/wp-json\/wp\/v2\/types\/product"}],"replies":[{"embeddable":true,"href":"https:\/\/aavesa.com\/hu\/wp-json\/wp\/v2\/comments?post=90544"}],"wp:featuredmedia":[{"embeddable":true,"href":"https:\/\/aavesa.com\/hu\/wp-json\/wp\/v2\/media\/90545"}],"wp:attachment":[{"href":"https:\/\/aavesa.com\/hu\/wp-json\/wp\/v2\/media?parent=90544"}],"wp:term":[{"taxonomy":"product_brand","embeddable":true,"href":"https:\/\/aavesa.com\/hu\/wp-json\/wp\/v2\/product_brand?post=90544"},{"taxonomy":"product_cat","embeddable":true,"href":"https:\/\/aavesa.com\/hu\/wp-json\/wp\/v2\/product_cat?post=90544"},{"taxonomy":"product_tag","embeddable":true,"href":"https:\/\/aavesa.com\/hu\/wp-json\/wp\/v2\/product_tag?post=90544"}],"curies":[{"name":"wp","href":"https:\/\/api.w.org\/{rel}","templated":true}]}}