

{"id":90554,"date":"2024-07-26T16:21:23","date_gmt":"2024-07-26T16:21:23","guid":{"rendered":"https:\/\/new.aavesa.com\/produs\/termeszetes-bor-kesztyu-m202\/"},"modified":"2025-11-17T06:30:38","modified_gmt":"2025-11-17T06:30:38","slug":"termeszetes-bor-kesztyu-m202","status":"publish","type":"product","link":"https:\/\/aavesa.com\/hu\/product\/termeszetes-bor-kesztyu-m202\/","title":{"rendered":"Term\u00e9szetes b\u0151r keszty\u0171 M202"},"content":{"rendered":"<p><a href=\"https:\/\/aavesa.com\/hu\/ferfiak\/borkesztyuk-ferfiaknak\/\">A term\u00e9szetes b\u0151rkeszty\u0171k<\/a> azok a kieg\u00e9sz\u00edt\u0151k, amelyek soha nem mennek ki a divatb\u00f3l. A min\u0151s\u00e9gi anyag szil\u00e1rds\u00e1got ad nekik, a sokoldal\u00fa kialak\u00edt\u00e1s pedig minden \u00edzl\u00e9shez alkalmass\u00e1 teszi \u0151ket. Ezek a r\u00f6vid keszty\u0171k szarvasb\u0151rb\u0151l k\u00e9sz\u00fcltek, kiss\u00e9 elt\u00e9r\u0151 \u00e1rnyalat\u00faak, \u00e9s a l\u00e1that\u00f3 perfoartci\u00f3k \u00e9s \u00f6lt\u00e9sek dinamikus, sportos-k\u00f6nny\u0171 megjelen\u00e9st k\u00f6lcs\u00f6n\u00f6znek nekik. A keszty\u0171 k\u00f6nnyen r\u00f6gz\u00edthet\u0151 a k\u00e9zre egy gombnyom\u00e1ssal. A bels\u0151 r\u00e9sz p\u00e1rn\u00e1zott, ami fokozott k\u00e9zk\u00e9nyelmet biztos\u00edt.    <\/p>\n","protected":false},"excerpt":{"rendered":"<p>A term\u00e9szetes b\u0151rkeszty\u0171k azok a kieg\u00e9sz\u00edt\u0151k, amelyek soha nem mennek ki a divatb\u00f3l. A min\u0151s\u00e9gi anyag szil\u00e1rds\u00e1got ad nekik, a sokoldal\u00fa kialak\u00edt\u00e1s pedig minden \u00edzl\u00e9shez alkalmass\u00e1 teszi \u0151ket. Ezek a r\u00f6vid keszty\u0171k szarvasb\u0151rb\u0151l k\u00e9sz\u00fcltek, kiss\u00e9 elt\u00e9r\u0151 \u00e1rnyalat\u00faak, \u00e9s a l\u00e1that\u00f3 perfoartci\u00f3k \u00e9s \u00f6lt\u00e9sek dinamikus, sportos-k\u00f6nny\u0171 megjelen\u00e9st k\u00f6lcs\u00f6n\u00f6znek nekik. A keszty\u0171 k\u00f6nnyen r\u00f6gz\u00edthet\u0151 a k\u00e9zre egy [&hellip;]<\/p>\n","protected":false},"featured_media":90555,"comment_status":"open","ping_status":"closed","template":"","meta":{"_acf_changed":false,"om_disable_all_campaigns":false,"inline_featured_image":false,"_monsterinsights_skip_tracking":false,"_monsterinsights_sitenote_active":false,"_monsterinsights_sitenote_note":"","_monsterinsights_sitenote_category":0},"product_brand":[],"product_cat":[742,828,725,795],"product_tag":[],"class_list":{"0":"post-90554","1":"product","2":"type-product","3":"status-publish","4":"has-post-thumbnail","6":"product_cat-bor-kesztyu","7":"product_cat-borkesztyuk-ferfiaknak","8":"product_cat-ferfiak","9":"product_cat-kiegeszitok","11":"first","12":"instock","13":"taxable","14":"shipping-taxable","15":"purchasable","16":"product-type-variable","17":"has-default-attributes","18":"wvs-archive-product-wrapper"},"acf":{"categorie_feed":""},"aioseo_notices":[],"_links":{"self":[{"href":"https:\/\/aavesa.com\/hu\/wp-json\/wp\/v2\/product\/90554","targetHints":{"allow":["GET"]}}],"collection":[{"href":"https:\/\/aavesa.com\/hu\/wp-json\/wp\/v2\/product"}],"about":[{"href":"https:\/\/aavesa.com\/hu\/wp-json\/wp\/v2\/types\/product"}],"replies":[{"embeddable":true,"href":"https:\/\/aavesa.com\/hu\/wp-json\/wp\/v2\/comments?post=90554"}],"wp:featuredmedia":[{"embeddable":true,"href":"https:\/\/aavesa.com\/hu\/wp-json\/wp\/v2\/media\/90555"}],"wp:attachment":[{"href":"https:\/\/aavesa.com\/hu\/wp-json\/wp\/v2\/media?parent=90554"}],"wp:term":[{"taxonomy":"product_brand","embeddable":true,"href":"https:\/\/aavesa.com\/hu\/wp-json\/wp\/v2\/product_brand?post=90554"},{"taxonomy":"product_cat","embeddable":true,"href":"https:\/\/aavesa.com\/hu\/wp-json\/wp\/v2\/product_cat?post=90554"},{"taxonomy":"product_tag","embeddable":true,"href":"https:\/\/aavesa.com\/hu\/wp-json\/wp\/v2\/product_tag?post=90554"}],"curies":[{"name":"wp","href":"https:\/\/api.w.org\/{rel}","templated":true}]}}