{"id":90562,"date":"2024-07-26T16:21:23","date_gmt":"2024-07-26T16:21:23","guid":{"rendered":"https:\/\/new.aavesa.com\/produs\/baranybor-szonyeg-992\/"},"modified":"2025-11-17T06:30:36","modified_gmt":"2025-11-17T06:30:36","slug":"baranybor-szonyeg-992","status":"publish","type":"product","link":"https:\/\/aavesa.com\/hu\/product\/baranybor-szonyeg-992\/","title":{"rendered":"B\u00e1r\u00e1nyb\u0151r sz\u0151nyeg 992"},"content":{"rendered":"<p><a href=\"https:\/\/aavesa.com\/hu\/dekoraciok\/\">Term\u00e9szetes dekorat\u00edv Turcana b\u00e1r\u00e1nyb\u0151r<\/a> bels\u0151 t\u00e9rre. Ez a dekorat\u00edv b\u00e1r\u00e1nyb\u0151r sz\u0151nyeg festett. Minden egyes b\u0151r egyedi form\u00e1j\u00fa, eredeti var\u00e1zst k\u00f6lcs\u00f6n\u00f6zve lakberendez\u00e9s\u00e9nek. Ezt a b\u00e1r\u00e1nyb\u0151rt haszn\u00e1lhatja a padl\u00f3n vagy a b\u00fatorokon. Kiv\u00e1l\u00f3 min\u0151s\u00e9g\u0171 term\u00e9k, amely rendk\u00edv\u00fcli aj\u00e1nd\u00e9k is lehet egy k\u00fcl\u00f6nleges szem\u00e9ly sz\u00e1m\u00e1ra.    <\/p>\n","protected":false},"excerpt":{"rendered":"<p>Term\u00e9szetes dekorat\u00edv Turcana b\u00e1r\u00e1nyb\u0151r bels\u0151 t\u00e9rre. Ez a dekorat\u00edv b\u00e1r\u00e1nyb\u0151r sz\u0151nyeg festett. Minden egyes b\u0151r egyedi form\u00e1j\u00fa, eredeti var\u00e1zst k\u00f6lcs\u00f6n\u00f6zve lakberendez\u00e9s\u00e9nek. Ezt a b\u00e1r\u00e1nyb\u0151rt haszn\u00e1lhatja a padl\u00f3n vagy a b\u00fatorokon. Kiv\u00e1l\u00f3 min\u0151s\u00e9g\u0171 term\u00e9k, amely rendk\u00edv\u00fcli aj\u00e1nd\u00e9k is lehet egy k\u00fcl\u00f6nleges szem\u00e9ly sz\u00e1m\u00e1ra.<\/p>\n","protected":false},"featured_media":90563,"comment_status":"open","ping_status":"closed","template":"","meta":{"_acf_changed":false,"inline_featured_image":false},"product_brand":[],"product_cat":[810],"product_tag":[],"class_list":{"0":"post-90562","1":"product","2":"type-product","3":"status-publish","4":"has-post-thumbnail","6":"product_cat-dekoraciok","8":"first","9":"instock","10":"taxable","11":"shipping-taxable","12":"purchasable","13":"product-type-variable","14":"has-default-attributes","15":"wvs-archive-product-wrapper"},"acf":{"categorie_feed":""},"aioseo_notices":[],"_links":{"self":[{"href":"https:\/\/aavesa.com\/hu\/wp-json\/wp\/v2\/product\/90562","targetHints":{"allow":["GET"]}}],"collection":[{"href":"https:\/\/aavesa.com\/hu\/wp-json\/wp\/v2\/product"}],"about":[{"href":"https:\/\/aavesa.com\/hu\/wp-json\/wp\/v2\/types\/product"}],"replies":[{"embeddable":true,"href":"https:\/\/aavesa.com\/hu\/wp-json\/wp\/v2\/comments?post=90562"}],"wp:featuredmedia":[{"embeddable":true,"href":"https:\/\/aavesa.com\/hu\/wp-json\/wp\/v2\/media\/90563"}],"wp:attachment":[{"href":"https:\/\/aavesa.com\/hu\/wp-json\/wp\/v2\/media?parent=90562"}],"wp:term":[{"taxonomy":"product_brand","embeddable":true,"href":"https:\/\/aavesa.com\/hu\/wp-json\/wp\/v2\/product_brand?post=90562"},{"taxonomy":"product_cat","embeddable":true,"href":"https:\/\/aavesa.com\/hu\/wp-json\/wp\/v2\/product_cat?post=90562"},{"taxonomy":"product_tag","embeddable":true,"href":"https:\/\/aavesa.com\/hu\/wp-json\/wp\/v2\/product_tag?post=90562"}],"curies":[{"name":"wp","href":"https:\/\/api.w.org\/{rel}","templated":true}]}}