

{"id":90584,"date":"2024-07-26T16:34:28","date_gmt":"2024-07-26T16:34:28","guid":{"rendered":"https:\/\/new.aavesa.com\/produs\/ferfi-termeszetes-borkesztyuk-m218\/"},"modified":"2025-11-17T06:26:54","modified_gmt":"2025-11-17T06:26:54","slug":"ferfi-termeszetes-borkesztyuk-m218","status":"publish","type":"product","link":"https:\/\/aavesa.com\/hu\/product\/ferfi-termeszetes-borkesztyuk-m218\/","title":{"rendered":"**F\u00e9rfi term\u00e9szetes b\u0151rkeszty\u0171k M218**"},"content":{"rendered":"<p>Fedezze fel az eleganci\u00e1t \u00e9s a funkcionalit\u00e1st egy term\u00e9kben ezekkel a barna \u00e9s fekete \u00e1rnyalatban kaphat\u00f3 <a href=\"https:\/\/aavesa.com\/hu\/ferfiak\/borkesztyuk-ferfiaknak\/\">val\u00f3di b\u0151rb\u0151l k\u00e9sz\u00fclt f\u00e9rfi keszty\u0171kkel<\/a>. A term\u00e9szetes b\u0151r jellegzetes text\u00far\u00e1j\u00e1val minden keszty\u0171p\u00e1rt egyediv\u00e9 tesz, \u00e9s t\u00f6k\u00e9letes illeszked\u00e9st biztos\u00edt az \u00d6n kez\u00e9n. A klasszikus mandzsett\u00e1k teszik teljess\u00e9 a diz\u00e1jnt, kiemelve a r\u00e9szletekre val\u00f3 odafigyel\u00e9st. Ak\u00e1r napk\u00f6zben, ak\u00e1r egy k\u00fcl\u00f6nleges alkalomra viseli, ezek a term\u00e9szetes b\u0151rb\u0151l k\u00e9sz\u00fclt f\u00e9rfi keszty\u0171k ide\u00e1lis v\u00e1laszt\u00e1snak bizonyulnak, hogy kieg\u00e9sz\u00edts\u00e9k st\u00edlus\u00e1t. \u00c9lvezze ezeknek a kiv\u00e9teles keszty\u0171knek a k\u00e9nyelm\u00e9t, amelyek eleganci\u00e1val k\u00eds\u00e9rik \u00d6nt a hideg \u00e9vszakban.    <\/p>\n","protected":false},"excerpt":{"rendered":"<p>Fedezze fel az eleganci\u00e1t \u00e9s a funkcionalit\u00e1st egy term\u00e9kben ezekkel a barna \u00e9s fekete \u00e1rnyalatban kaphat\u00f3 val\u00f3di b\u0151rb\u0151l k\u00e9sz\u00fclt f\u00e9rfi keszty\u0171kkel. A term\u00e9szetes b\u0151r jellegzetes text\u00far\u00e1j\u00e1val minden keszty\u0171p\u00e1rt egyediv\u00e9 tesz, \u00e9s t\u00f6k\u00e9letes illeszked\u00e9st biztos\u00edt az \u00d6n kez\u00e9n. A klasszikus mandzsett\u00e1k teszik teljess\u00e9 a diz\u00e1jnt, kiemelve a r\u00e9szletekre val\u00f3 odafigyel\u00e9st. Ak\u00e1r napk\u00f6zben, ak\u00e1r egy k\u00fcl\u00f6nleges alkalomra [&hellip;]<\/p>\n","protected":false},"featured_media":90585,"comment_status":"closed","ping_status":"closed","template":"","meta":{"_acf_changed":false,"om_disable_all_campaigns":false,"inline_featured_image":false,"_monsterinsights_skip_tracking":false,"_monsterinsights_sitenote_active":false,"_monsterinsights_sitenote_note":"","_monsterinsights_sitenote_category":0},"product_brand":[],"product_cat":[727,742,828],"product_tag":[],"class_list":{"0":"post-90584","1":"product","2":"type-product","3":"status-publish","4":"has-post-thumbnail","6":"product_cat-2023-2024-kollekcio","7":"product_cat-bor-kesztyu","8":"product_cat-borkesztyuk-ferfiaknak","10":"first","11":"instock","12":"taxable","13":"shipping-taxable","14":"purchasable","15":"product-type-variable","16":"has-default-attributes","17":"wvs-archive-product-wrapper"},"acf":{"categorie_feed":""},"aioseo_notices":[],"_links":{"self":[{"href":"https:\/\/aavesa.com\/hu\/wp-json\/wp\/v2\/product\/90584","targetHints":{"allow":["GET"]}}],"collection":[{"href":"https:\/\/aavesa.com\/hu\/wp-json\/wp\/v2\/product"}],"about":[{"href":"https:\/\/aavesa.com\/hu\/wp-json\/wp\/v2\/types\/product"}],"replies":[{"embeddable":true,"href":"https:\/\/aavesa.com\/hu\/wp-json\/wp\/v2\/comments?post=90584"}],"wp:featuredmedia":[{"embeddable":true,"href":"https:\/\/aavesa.com\/hu\/wp-json\/wp\/v2\/media\/90585"}],"wp:attachment":[{"href":"https:\/\/aavesa.com\/hu\/wp-json\/wp\/v2\/media?parent=90584"}],"wp:term":[{"taxonomy":"product_brand","embeddable":true,"href":"https:\/\/aavesa.com\/hu\/wp-json\/wp\/v2\/product_brand?post=90584"},{"taxonomy":"product_cat","embeddable":true,"href":"https:\/\/aavesa.com\/hu\/wp-json\/wp\/v2\/product_cat?post=90584"},{"taxonomy":"product_tag","embeddable":true,"href":"https:\/\/aavesa.com\/hu\/wp-json\/wp\/v2\/product_tag?post=90584"}],"curies":[{"name":"wp","href":"https:\/\/api.w.org\/{rel}","templated":true}]}}