

{"id":90593,"date":"2024-07-26T16:21:23","date_gmt":"2024-07-26T16:21:23","guid":{"rendered":"https:\/\/new.aavesa.com\/produs\/baranybor-szonyeg-993\/"},"modified":"2025-11-17T06:30:40","modified_gmt":"2025-11-17T06:30:40","slug":"baranybor-szonyeg-993","status":"publish","type":"product","link":"https:\/\/aavesa.com\/hu\/product\/baranybor-szonyeg-993\/","title":{"rendered":"B\u00e1r\u00e1nyb\u0151r sz\u0151nyeg 993"},"content":{"rendered":"<p>Term\u00e9szetes decoartive Turcana b\u00e1r\u00e1nyb\u0151r. Egyedi dekor\u00e1ci\u00f3s darab term\u00e9szetes sz\u00ednekkel, a sz\u0151rzet term\u00e9szetes foltjai \u00e9s form\u00e1ja darabonk\u00e9nt elt\u00e9r\u0151. Ez a <a rel=\"nofollow\" href=\"https:\/\/aavesa.com\/hu\/dekoraciok\/\">b\u00e1r\u00e1nyb\u0151r sz\u0151nyeg<\/a> term\u00e9szetes b\u00e1r\u00e1nysz\u0151rm\u00e9vel rendelkezik, amelynek kialak\u00edt\u00e1sa \u00e9rt\u00e9ket \u00e9s egyedis\u00e9get k\u00f6lcs\u00f6n\u00f6z a szob\u00e1nak. A b\u00e1r\u00e1nysz\u0151rm\u00e9s b\u0151r puha tapint\u00e1s\u00fa, a term\u00e9szetes sz\u0151rm\u00e9s kialak\u00edt\u00e1s pedig t\u00f6k\u00e9letes dekor\u00e1ci\u00f3s darabb\u00e1 teszi. Adjon egy kis extra eredetis\u00e9get otthon\u00e1nak ezzel a term\u00e9szetes Turcan b\u00e1r\u00e1nyb\u0151rb\u0151l k\u00e9sz\u00fclt darabbal.    <\/p>\n","protected":false},"excerpt":{"rendered":"<p>Term\u00e9szetes decoartive Turcana b\u00e1r\u00e1nyb\u0151r. Egyedi dekor\u00e1ci\u00f3s darab term\u00e9szetes sz\u00ednekkel, a sz\u0151rzet term\u00e9szetes foltjai \u00e9s form\u00e1ja darabonk\u00e9nt elt\u00e9r\u0151. Ez a b\u00e1r\u00e1nyb\u0151r sz\u0151nyeg term\u00e9szetes b\u00e1r\u00e1nysz\u0151rm\u00e9vel rendelkezik, amelynek kialak\u00edt\u00e1sa \u00e9rt\u00e9ket \u00e9s egyedis\u00e9get k\u00f6lcs\u00f6n\u00f6z a szob\u00e1nak. A b\u00e1r\u00e1nysz\u0151rm\u00e9s b\u0151r puha tapint\u00e1s\u00fa, a term\u00e9szetes sz\u0151rm\u00e9s kialak\u00edt\u00e1s pedig t\u00f6k\u00e9letes dekor\u00e1ci\u00f3s darabb\u00e1 teszi. Adjon egy kis extra eredetis\u00e9get otthon\u00e1nak ezzel a term\u00e9szetes [&hellip;]<\/p>\n","protected":false},"featured_media":90594,"comment_status":"open","ping_status":"closed","template":"","meta":{"_acf_changed":false,"om_disable_all_campaigns":false,"inline_featured_image":false,"_monsterinsights_skip_tracking":false,"_monsterinsights_sitenote_active":false,"_monsterinsights_sitenote_note":"","_monsterinsights_sitenote_category":0},"product_brand":[],"product_cat":[810],"product_tag":[],"class_list":{"0":"post-90593","1":"product","2":"type-product","3":"status-publish","4":"has-post-thumbnail","6":"product_cat-dekoraciok","8":"first","9":"instock","10":"taxable","11":"shipping-taxable","12":"purchasable","13":"product-type-variable","14":"has-default-attributes","15":"wvs-archive-product-wrapper"},"acf":{"categorie_feed":""},"aioseo_notices":[],"_links":{"self":[{"href":"https:\/\/aavesa.com\/hu\/wp-json\/wp\/v2\/product\/90593","targetHints":{"allow":["GET"]}}],"collection":[{"href":"https:\/\/aavesa.com\/hu\/wp-json\/wp\/v2\/product"}],"about":[{"href":"https:\/\/aavesa.com\/hu\/wp-json\/wp\/v2\/types\/product"}],"replies":[{"embeddable":true,"href":"https:\/\/aavesa.com\/hu\/wp-json\/wp\/v2\/comments?post=90593"}],"wp:featuredmedia":[{"embeddable":true,"href":"https:\/\/aavesa.com\/hu\/wp-json\/wp\/v2\/media\/90594"}],"wp:attachment":[{"href":"https:\/\/aavesa.com\/hu\/wp-json\/wp\/v2\/media?parent=90593"}],"wp:term":[{"taxonomy":"product_brand","embeddable":true,"href":"https:\/\/aavesa.com\/hu\/wp-json\/wp\/v2\/product_brand?post=90593"},{"taxonomy":"product_cat","embeddable":true,"href":"https:\/\/aavesa.com\/hu\/wp-json\/wp\/v2\/product_cat?post=90593"},{"taxonomy":"product_tag","embeddable":true,"href":"https:\/\/aavesa.com\/hu\/wp-json\/wp\/v2\/product_tag?post=90593"}],"curies":[{"name":"wp","href":"https:\/\/api.w.org\/{rel}","templated":true}]}}