

{"id":90607,"date":"2024-07-26T16:34:28","date_gmt":"2024-07-26T16:34:28","guid":{"rendered":"https:\/\/new.aavesa.com\/produs\/termeszetes-borbol-keszult-ov-c018\/"},"modified":"2025-11-17T06:26:54","modified_gmt":"2025-11-17T06:26:54","slug":"termeszetes-borbol-keszult-ov-c018","status":"publish","type":"product","link":"https:\/\/aavesa.com\/hu\/product\/termeszetes-borbol-keszult-ov-c018\/","title":{"rendered":"Term\u00e9szetes b\u0151rb\u0151l k\u00e9sz\u00fclt \u00f6v C018"},"content":{"rendered":"<p>F\u00e9rfi b\u0151r\u00f6v, t\u00f6k\u00e9letes kieg\u00e9sz\u00edt\u0151je egy eleg\u00e1ns \u00f6lt\u00f6nynek. Val\u00f3di b\u0151rb\u0151l k\u00e9sz\u00fclt, tart\u00f3s \u00e9s kifinomult. Szabv\u00e1nyos sz\u00e9less\u00e9ge 3,5 cm, nadr\u00e1ghurokhoz alkalmas. Barna vagy fekete sz\u00edne j\u00f3l illik a k\u00fcl\u00f6nb\u00f6z\u0151 \u00f6lt\u00f6nysz\u00ednekhez. Egyszer\u0171 \u00e9s eleg\u00e1ns kialak\u00edt\u00e1s, min\u0151s\u00e9gi f\u00e9mcsattal. A speci\u00e1lisan megmunk\u00e1lt b\u0151r puha \u00e9s sima text\u00far\u00e1t k\u00edn\u00e1l, amely eg\u00e9sz napos k\u00e9nyelmet biztos\u00edt. Klasszikus \u00e9s kifinomult kieg\u00e9sz\u00edt\u0151, ide\u00e1lis k\u00fcl\u00f6nleges esem\u00e9nyekre vagy az irod\u00e1ban. Elengedhetetlen egy j\u00f3l \u00f6lt\u00f6z\u00f6tt f\u00e9rfi ruhat\u00e1r\u00e1ban.       <\/p>\n","protected":false},"excerpt":{"rendered":"<p>F\u00e9rfi b\u0151r\u00f6v, t\u00f6k\u00e9letes kieg\u00e9sz\u00edt\u0151je egy eleg\u00e1ns \u00f6lt\u00f6nynek. Val\u00f3di b\u0151rb\u0151l k\u00e9sz\u00fclt, tart\u00f3s \u00e9s kifinomult. Szabv\u00e1nyos sz\u00e9less\u00e9ge 3,5 cm, nadr\u00e1ghurokhoz alkalmas. Barna vagy fekete sz\u00edne j\u00f3l illik a k\u00fcl\u00f6nb\u00f6z\u0151 \u00f6lt\u00f6nysz\u00ednekhez. Egyszer\u0171 \u00e9s eleg\u00e1ns kialak\u00edt\u00e1s, min\u0151s\u00e9gi f\u00e9mcsattal. A speci\u00e1lisan megmunk\u00e1lt b\u0151r puha \u00e9s sima text\u00far\u00e1t k\u00edn\u00e1l, amely eg\u00e9sz napos k\u00e9nyelmet biztos\u00edt. Klasszikus \u00e9s kifinomult kieg\u00e9sz\u00edt\u0151, ide\u00e1lis k\u00fcl\u00f6nleges esem\u00e9nyekre [&hellip;]<\/p>\n","protected":false},"featured_media":90608,"comment_status":"closed","ping_status":"closed","template":"","meta":{"_acf_changed":false,"om_disable_all_campaigns":false,"inline_featured_image":false,"_monsterinsights_skip_tracking":false,"_monsterinsights_sitenote_active":false,"_monsterinsights_sitenote_note":"","_monsterinsights_sitenote_category":0},"product_brand":[],"product_cat":[726,725],"product_tag":[],"class_list":{"0":"post-90607","1":"product","2":"type-product","3":"status-publish","4":"has-post-thumbnail","6":"product_cat-borovek-ferfiaknak","7":"product_cat-ferfiak","9":"first","10":"outofstock","11":"taxable","12":"shipping-taxable","13":"product-type-variable","14":"has-default-attributes","15":"wvs-archive-product-wrapper"},"acf":{"categorie_feed":""},"aioseo_notices":[],"_links":{"self":[{"href":"https:\/\/aavesa.com\/hu\/wp-json\/wp\/v2\/product\/90607","targetHints":{"allow":["GET"]}}],"collection":[{"href":"https:\/\/aavesa.com\/hu\/wp-json\/wp\/v2\/product"}],"about":[{"href":"https:\/\/aavesa.com\/hu\/wp-json\/wp\/v2\/types\/product"}],"replies":[{"embeddable":true,"href":"https:\/\/aavesa.com\/hu\/wp-json\/wp\/v2\/comments?post=90607"}],"wp:featuredmedia":[{"embeddable":true,"href":"https:\/\/aavesa.com\/hu\/wp-json\/wp\/v2\/media\/90608"}],"wp:attachment":[{"href":"https:\/\/aavesa.com\/hu\/wp-json\/wp\/v2\/media?parent=90607"}],"wp:term":[{"taxonomy":"product_brand","embeddable":true,"href":"https:\/\/aavesa.com\/hu\/wp-json\/wp\/v2\/product_brand?post=90607"},{"taxonomy":"product_cat","embeddable":true,"href":"https:\/\/aavesa.com\/hu\/wp-json\/wp\/v2\/product_cat?post=90607"},{"taxonomy":"product_tag","embeddable":true,"href":"https:\/\/aavesa.com\/hu\/wp-json\/wp\/v2\/product_tag?post=90607"}],"curies":[{"name":"wp","href":"https:\/\/api.w.org\/{rel}","templated":true}]}}