

{"id":90622,"date":"2024-07-26T16:34:08","date_gmt":"2024-07-26T16:34:08","guid":{"rendered":"https:\/\/new.aavesa.com\/produs\/unisex-termeszetes-bor-ov-c101\/"},"modified":"2025-11-17T06:27:00","modified_gmt":"2025-11-17T06:27:00","slug":"unisex-termeszetes-bor-ov-c101","status":"publish","type":"product","link":"https:\/\/aavesa.com\/hu\/product\/unisex-termeszetes-bor-ov-c101\/","title":{"rendered":"Unisex term\u00e9szetes b\u0151r \u00f6v C101"},"content":{"rendered":"<p>Az <a href=\"https:\/\/aavesa.com\/hu\/ferfiak\/borovek-ferfiaknak\/\">uniszex term\u00e9szetes b\u0151r \u00f6v<\/a> sokoldal\u00fa \u00e9s st\u00edlusos kieg\u00e9sz\u00edt\u0151 f\u00e9rfiak \u00e9s n\u0151k sz\u00e1m\u00e1ra. A <a href=\"https:\/\/aavesa.com\/hu\/nok\/bor-ov\/\">kiv\u00e1l\u00f3 min\u0151s\u00e9g\u0171 val\u00f3di b\u0151rb\u0151l<\/a> k\u00e9sz\u00fclt \u00f6v tart\u00f3ss\u00e1g\u00e1val \u00e9s st\u00edlus\u00e1val t\u0171nik ki. A k\u00f6r\u00fclbel\u00fcl 3,5 cm-es szabv\u00e1nyos sz\u00e9less\u00e9g\u00e9vel t\u00f6k\u00e9letesen illeszkedik a ruh\u00e1k sz\u00e9les sk\u00e1l\u00e1j\u00e1hoz. A barna \u00e1rnyalat klasszikus \u00e9s kifinomult jelleget k\u00f6lcs\u00f6n\u00f6z. Az egyszer\u0171 \u00e9s modern kialak\u00edt\u00e1st tart\u00f3s f\u00e9mb\u0151l k\u00e9sz\u00fclt \u00e1ll\u00edthat\u00f3 csat teszi teljess\u00e9. A gondosan megmunk\u00e1lt b\u0151r hossz\u00fa t\u00e1v\u00fa k\u00e9nyelmet \u00e9s tart\u00f3ss\u00e1got biztos\u00edt. Ez a barna uniszex \u00f6v t\u00f6k\u00e9letes v\u00e1laszt\u00e1s, hogy st\u00edlusosan \u00e9s praktikusan emelje st\u00edlus\u00e1t.      <\/p>\n","protected":false},"excerpt":{"rendered":"<p>Az uniszex term\u00e9szetes b\u0151r \u00f6v sokoldal\u00fa \u00e9s st\u00edlusos kieg\u00e9sz\u00edt\u0151 f\u00e9rfiak \u00e9s n\u0151k sz\u00e1m\u00e1ra. A kiv\u00e1l\u00f3 min\u0151s\u00e9g\u0171 val\u00f3di b\u0151rb\u0151l k\u00e9sz\u00fclt \u00f6v tart\u00f3ss\u00e1g\u00e1val \u00e9s st\u00edlus\u00e1val t\u0171nik ki. A k\u00f6r\u00fclbel\u00fcl 3,5 cm-es szabv\u00e1nyos sz\u00e9less\u00e9g\u00e9vel t\u00f6k\u00e9letesen illeszkedik a ruh\u00e1k sz\u00e9les sk\u00e1l\u00e1j\u00e1hoz. A barna \u00e1rnyalat klasszikus \u00e9s kifinomult jelleget k\u00f6lcs\u00f6n\u00f6z. Az egyszer\u0171 \u00e9s modern kialak\u00edt\u00e1st tart\u00f3s f\u00e9mb\u0151l k\u00e9sz\u00fclt \u00e1ll\u00edthat\u00f3 csat [&hellip;]<\/p>\n","protected":false},"featured_media":90623,"comment_status":"closed","ping_status":"closed","template":"","meta":{"_acf_changed":false,"om_disable_all_campaigns":false,"inline_featured_image":false,"_monsterinsights_skip_tracking":false,"_monsterinsights_sitenote_active":false,"_monsterinsights_sitenote_note":"","_monsterinsights_sitenote_category":0},"product_brand":[],"product_cat":[809,726,725,741],"product_tag":[],"class_list":{"0":"post-90622","1":"product","2":"type-product","3":"status-publish","4":"has-post-thumbnail","6":"product_cat-bor-ov","7":"product_cat-borovek-ferfiaknak","8":"product_cat-ferfiak","9":"product_cat-nok","11":"first","12":"outofstock","13":"taxable","14":"shipping-taxable","15":"product-type-variable","16":"has-default-attributes","17":"wvs-archive-product-wrapper"},"acf":{"categorie_feed":""},"aioseo_notices":[],"_links":{"self":[{"href":"https:\/\/aavesa.com\/hu\/wp-json\/wp\/v2\/product\/90622","targetHints":{"allow":["GET"]}}],"collection":[{"href":"https:\/\/aavesa.com\/hu\/wp-json\/wp\/v2\/product"}],"about":[{"href":"https:\/\/aavesa.com\/hu\/wp-json\/wp\/v2\/types\/product"}],"replies":[{"embeddable":true,"href":"https:\/\/aavesa.com\/hu\/wp-json\/wp\/v2\/comments?post=90622"}],"wp:featuredmedia":[{"embeddable":true,"href":"https:\/\/aavesa.com\/hu\/wp-json\/wp\/v2\/media\/90623"}],"wp:attachment":[{"href":"https:\/\/aavesa.com\/hu\/wp-json\/wp\/v2\/media?parent=90622"}],"wp:term":[{"taxonomy":"product_brand","embeddable":true,"href":"https:\/\/aavesa.com\/hu\/wp-json\/wp\/v2\/product_brand?post=90622"},{"taxonomy":"product_cat","embeddable":true,"href":"https:\/\/aavesa.com\/hu\/wp-json\/wp\/v2\/product_cat?post=90622"},{"taxonomy":"product_tag","embeddable":true,"href":"https:\/\/aavesa.com\/hu\/wp-json\/wp\/v2\/product_tag?post=90622"}],"curies":[{"name":"wp","href":"https:\/\/api.w.org\/{rel}","templated":true}]}}