

{"id":90627,"date":"2024-07-26T16:34:08","date_gmt":"2024-07-26T16:34:08","guid":{"rendered":"https:\/\/new.aavesa.com\/produs\/bor-es-sarki-roka-bunda-1031\/"},"modified":"2025-11-17T06:27:02","modified_gmt":"2025-11-17T06:27:02","slug":"bor-es-sarki-roka-bunda-1031","status":"publish","type":"product","link":"https:\/\/aavesa.com\/hu\/product\/bor-es-sarki-roka-bunda-1031\/","title":{"rendered":"B\u0151r \u00e9s sarki r\u00f3ka bunda 1031"},"content":{"rendered":"<p>N\u0151ies, eleganci\u00e1t \u00e9s finoms\u00e1got sugall\u00f3 <a href=\"https:\/\/aavesa.com\/hu\/nok\/borkabatok-es-borkabatok\/\">b\u0151r- \u00e9s s arki r\u00f3kabunda<\/a>, ez a term\u00e9szetes b\u00e1r\u00e1nyb\u0151rb\u0151l \u00e9s sarki r\u00f3kabund\u00e1b\u00f3l k\u00e9sz\u00fclt kab\u00e1t minden ruhat\u00e1r \u00e9rt\u00e9kes darabja. A kiv\u00e1l\u00f3 min\u0151s\u00e9g\u0171 term\u00e9szetes anyagok \u00f6sszet\u00e9veszthetetlen megjelen\u00e9s\u0171ek \u00e9s jellegzetes megjelen\u00e9s\u0171ek, ami a st\u00edlust \u00e9s a kifinomults\u00e1got jelzi. Ez a n\u0151i kab\u00e1t a der\u00e9kon tal\u00e1lhat\u00f3 h\u00faz\u00f3zsin\u00f3rnak k\u00f6sz\u00f6nhet\u0151en kiemeli visel\u0151je alakj\u00e1t, \u00e9s extra eredetis\u00e9get k\u00f6lcs\u00f6n\u00f6z b\u00e1rmely megjelen\u00e9snek, legyen az alkalmi vagy alkalmi. A sarki r\u00f3ka sz\u0151rm\u00e9b\u0151l k\u00e9sz\u00fclt gall\u00e9r \u00e9s mandzsetta meg\u0151rzi a meleget \u00e9s fokozott k\u00e9nyelmet biztos\u00edt visel\u0151j\u00e9nek. A kab\u00e1t barna sz\u00ednben kaphat\u00f3. Modell\u00fcnk 176 cm magas, 36-os m\u00e9retet visel, a term\u00e9k hossza pedig 88 cm.     <\/p>\n","protected":false},"excerpt":{"rendered":"<p>N\u0151ies, eleganci\u00e1t \u00e9s finoms\u00e1got sugall\u00f3 b\u0151r- \u00e9s s arki r\u00f3kabunda, ez a term\u00e9szetes b\u00e1r\u00e1nyb\u0151rb\u0151l \u00e9s sarki r\u00f3kabund\u00e1b\u00f3l k\u00e9sz\u00fclt kab\u00e1t minden ruhat\u00e1r \u00e9rt\u00e9kes darabja. A kiv\u00e1l\u00f3 min\u0151s\u00e9g\u0171 term\u00e9szetes anyagok \u00f6sszet\u00e9veszthetetlen megjelen\u00e9s\u0171ek \u00e9s jellegzetes megjelen\u00e9s\u0171ek, ami a st\u00edlust \u00e9s a kifinomults\u00e1got jelzi. Ez a n\u0151i kab\u00e1t a der\u00e9kon tal\u00e1lhat\u00f3 h\u00faz\u00f3zsin\u00f3rnak k\u00f6sz\u00f6nhet\u0151en kiemeli visel\u0151je alakj\u00e1t, \u00e9s extra eredetis\u00e9get [&hellip;]<\/p>\n","protected":false},"featured_media":90628,"comment_status":"closed","ping_status":"closed","template":"","meta":{"_acf_changed":false,"om_disable_all_campaigns":false,"inline_featured_image":false,"_monsterinsights_skip_tracking":false,"_monsterinsights_sitenote_active":false,"_monsterinsights_sitenote_note":"","_monsterinsights_sitenote_category":0},"product_brand":[],"product_cat":[833,883,741,765,916],"product_tag":[],"class_list":{"0":"post-90627","1":"product","2":"type-product","3":"status-publish","4":"has-post-thumbnail","6":"product_cat-2022-2023-as-kollekcio","7":"product_cat-borkabatok-es-borkabatok","8":"product_cat-nok","9":"product_cat-roka-szorme","10":"product_cat-valodi-bor-termekek-tavaszra-es-oszre-kabatok-nadragok-kabatok-szoknyak-es-loveszkabatok-kabatok-nadragok-kabatok-szoknyak-es-loveszkabatok","12":"first","13":"instock","14":"taxable","15":"shipping-taxable","16":"purchasable","17":"product-type-variable","18":"has-default-attributes","19":"wvs-archive-product-wrapper"},"acf":{"categorie_feed":""},"aioseo_notices":[],"_links":{"self":[{"href":"https:\/\/aavesa.com\/hu\/wp-json\/wp\/v2\/product\/90627","targetHints":{"allow":["GET"]}}],"collection":[{"href":"https:\/\/aavesa.com\/hu\/wp-json\/wp\/v2\/product"}],"about":[{"href":"https:\/\/aavesa.com\/hu\/wp-json\/wp\/v2\/types\/product"}],"replies":[{"embeddable":true,"href":"https:\/\/aavesa.com\/hu\/wp-json\/wp\/v2\/comments?post=90627"}],"wp:featuredmedia":[{"embeddable":true,"href":"https:\/\/aavesa.com\/hu\/wp-json\/wp\/v2\/media\/90628"}],"wp:attachment":[{"href":"https:\/\/aavesa.com\/hu\/wp-json\/wp\/v2\/media?parent=90627"}],"wp:term":[{"taxonomy":"product_brand","embeddable":true,"href":"https:\/\/aavesa.com\/hu\/wp-json\/wp\/v2\/product_brand?post=90627"},{"taxonomy":"product_cat","embeddable":true,"href":"https:\/\/aavesa.com\/hu\/wp-json\/wp\/v2\/product_cat?post=90627"},{"taxonomy":"product_tag","embeddable":true,"href":"https:\/\/aavesa.com\/hu\/wp-json\/wp\/v2\/product_tag?post=90627"}],"curies":[{"name":"wp","href":"https:\/\/api.w.org\/{rel}","templated":true}]}}